{"id":74351,"date":"2021-04-29T19:38:49","date_gmt":"2021-04-29T17:38:49","guid":{"rendered":"https:\/\/www.sussner.net\/?page_id=74351"},"modified":"2026-02-28T13:12:06","modified_gmt":"2026-02-28T12:12:06","slug":"2000-hawaii","status":"publish","type":"page","link":"https:\/\/www.sussner.net\/en\/reise_infos\/reiserouten\/1992-2000\/2000-hawaii\/","title":{"rendered":"2000 Hawaii"},"content":{"rendered":"\t\t<div data-elementor-type=\"wp-page\" data-elementor-id=\"74351\" class=\"elementor elementor-74351\" data-elementor-settings=\"{&quot;element_pack_global_tooltip_width&quot;:{&quot;unit&quot;:&quot;px&quot;,&quot;size&quot;:&quot;&quot;,&quot;sizes&quot;:[]},&quot;element_pack_global_tooltip_width_tablet&quot;:{&quot;unit&quot;:&quot;px&quot;,&quot;size&quot;:&quot;&quot;,&quot;sizes&quot;:[]},&quot;element_pack_global_tooltip_width_mobile&quot;:{&quot;unit&quot;:&quot;px&quot;,&quot;size&quot;:&quot;&quot;,&quot;sizes&quot;:[]},&quot;element_pack_global_tooltip_padding&quot;:{&quot;unit&quot;:&quot;px&quot;,&quot;top&quot;:&quot;&quot;,&quot;right&quot;:&quot;&quot;,&quot;bottom&quot;:&quot;&quot;,&quot;left&quot;:&quot;&quot;,&quot;isLinked&quot;:true},&quot;element_pack_global_tooltip_padding_tablet&quot;:{&quot;unit&quot;:&quot;px&quot;,&quot;top&quot;:&quot;&quot;,&quot;right&quot;:&quot;&quot;,&quot;bottom&quot;:&quot;&quot;,&quot;left&quot;:&quot;&quot;,&quot;isLinked&quot;:true},&quot;element_pack_global_tooltip_padding_mobile&quot;:{&quot;unit&quot;:&quot;px&quot;,&quot;top&quot;:&quot;&quot;,&quot;right&quot;:&quot;&quot;,&quot;bottom&quot;:&quot;&quot;,&quot;left&quot;:&quot;&quot;,&quot;isLinked&quot;:true},&quot;element_pack_global_tooltip_border_radius&quot;:{&quot;unit&quot;:&quot;px&quot;,&quot;top&quot;:&quot;&quot;,&quot;right&quot;:&quot;&quot;,&quot;bottom&quot;:&quot;&quot;,&quot;left&quot;:&quot;&quot;,&quot;isLinked&quot;:true},&quot;element_pack_global_tooltip_border_radius_tablet&quot;:{&quot;unit&quot;:&quot;px&quot;,&quot;top&quot;:&quot;&quot;,&quot;right&quot;:&quot;&quot;,&quot;bottom&quot;:&quot;&quot;,&quot;left&quot;:&quot;&quot;,&quot;isLinked&quot;:true},&quot;element_pack_global_tooltip_border_radius_mobile&quot;:{&quot;unit&quot;:&quot;px&quot;,&quot;top&quot;:&quot;&quot;,&quot;right&quot;:&quot;&quot;,&quot;bottom&quot;:&quot;&quot;,&quot;left&quot;:&quot;&quot;,&quot;isLinked&quot;:true}}\">\n\t\t\t\t\t\t<section class=\"elementor-section elementor-top-section elementor-element elementor-element-4de2535f elementor-section-full_width elementor-section-height-min-height elementor-section-items-stretch elementor-section-height-default\" data-id=\"4de2535f\" data-element_type=\"section\" data-e-type=\"section\" data-settings=\"{&quot;background_background&quot;:&quot;classic&quot;}\">\n\t\t\t\t\t\t<div class=\"elementor-container elementor-column-gap-default\">\n\t\t\t\t\t<div class=\"elementor-column elementor-col-100 elementor-top-column elementor-element elementor-element-232b0999\" data-id=\"232b0999\" data-element_type=\"column\" data-e-type=\"column\">\n\t\t\t<div class=\"elementor-widget-wrap elementor-element-populated\">\n\t\t\t\t\t\t<div class=\"elementor-element elementor-element-12d7e30c elementor-widget elementor-widget-heading\" data-id=\"12d7e30c\" data-element_type=\"widget\" data-e-type=\"widget\" data-widget_type=\"heading.default\">\n\t\t\t\t<div class=\"elementor-widget-container\">\n\t\t\t\t\t<h2 class=\"elementor-heading-title elementor-size-default\">USA 2000 Hawaii<\/h2>\t\t\t\t<\/div>\n\t\t\t\t<\/div>\n\t\t\t\t\t<\/div>\n\t\t<\/div>\n\t\t\t\t\t<\/div>\n\t\t<\/section>\n\t\t\t\t<section class=\"elementor-section elementor-top-section elementor-element elementor-element-7f3470c9 elementor-section-boxed elementor-section-height-default elementor-section-height-default\" data-id=\"7f3470c9\" data-element_type=\"section\" data-e-type=\"section\" data-settings=\"{&quot;background_background&quot;:&quot;gradient&quot;}\">\n\t\t\t\t\t\t<div class=\"elementor-container elementor-column-gap-default\">\n\t\t\t\t\t<div class=\"elementor-column elementor-col-100 elementor-top-column elementor-element elementor-element-7afbb725\" data-id=\"7afbb725\" data-element_type=\"column\" data-e-type=\"column\">\n\t\t\t<div class=\"elementor-widget-wrap elementor-element-populated\">\n\t\t\t\t\t\t<section class=\"elementor-section elementor-inner-section elementor-element elementor-element-391a5f89 elementor-section-boxed elementor-section-height-default elementor-section-height-default\" data-id=\"391a5f89\" data-element_type=\"section\" data-e-type=\"section\">\n\t\t\t\t\t\t<div class=\"elementor-container elementor-column-gap-default\">\n\t\t\t\t\t<div class=\"elementor-column elementor-col-50 elementor-inner-column elementor-element elementor-element-1765e92\" data-id=\"1765e92\" data-element_type=\"column\" data-e-type=\"column\">\n\t\t\t<div class=\"elementor-widget-wrap elementor-element-populated\">\n\t\t\t\t\t\t<div class=\"elementor-element elementor-element-62b7c24c elementor-widget elementor-widget-text-editor\" data-id=\"62b7c24c\" data-element_type=\"widget\" data-e-type=\"widget\" data-widget_type=\"text-editor.default\">\n\t\t\t\t<div class=\"elementor-widget-container\">\n\t\t\t\t\t\t\t\t\t<p>Fakten zur Tour<\/p>\t\t\t\t\t\t\t\t<\/div>\n\t\t\t\t<\/div>\n\t\t\t\t<div class=\"elementor-element elementor-element-6a057ce9 elementor-widget-divider--view-line elementor-widget elementor-widget-divider\" data-id=\"6a057ce9\" data-element_type=\"widget\" data-e-type=\"widget\" data-widget_type=\"divider.default\">\n\t\t\t\t<div class=\"elementor-widget-container\">\n\t\t\t\t\t\t\t<div class=\"elementor-divider\">\n\t\t\t<span class=\"elementor-divider-separator\">\n\t\t\t\t\t\t<\/span>\n\t\t<\/div>\n\t\t\t\t\t\t<\/div>\n\t\t\t\t<\/div>\n\t\t\t\t\t<\/div>\n\t\t<\/div>\n\t\t\t\t<div class=\"elementor-column elementor-col-50 elementor-inner-column elementor-element elementor-element-6b723319 elementor-hidden-phone\" data-id=\"6b723319\" data-element_type=\"column\" data-e-type=\"column\">\n\t\t\t<div class=\"elementor-widget-wrap elementor-element-populated\">\n\t\t\t\t\t\t<div class=\"elementor-element elementor-element-abce258 elementor-widget elementor-widget-text-editor\" data-id=\"abce258\" data-element_type=\"widget\" data-e-type=\"widget\" data-widget_type=\"text-editor.default\">\n\t\t\t\t<div class=\"elementor-widget-container\">\n\t\t\t\t\t\t\t\t\t<p>Hotelbewertung<\/p>\t\t\t\t\t\t\t\t<\/div>\n\t\t\t\t<\/div>\n\t\t\t\t<div class=\"elementor-element elementor-element-813f3a9 elementor-widget-divider--view-line elementor-widget elementor-widget-divider\" data-id=\"813f3a9\" data-element_type=\"widget\" data-e-type=\"widget\" data-widget_type=\"divider.default\">\n\t\t\t\t<div class=\"elementor-widget-container\">\n\t\t\t\t\t\t\t<div class=\"elementor-divider\">\n\t\t\t<span class=\"elementor-divider-separator\">\n\t\t\t\t\t\t<\/span>\n\t\t<\/div>\n\t\t\t\t\t\t<\/div>\n\t\t\t\t<\/div>\n\t\t\t\t\t<\/div>\n\t\t<\/div>\n\t\t\t\t\t<\/div>\n\t\t<\/section>\n\t\t\t\t<section class=\"elementor-section elementor-inner-section elementor-element elementor-element-755a44ed elementor-section-boxed elementor-section-height-default elementor-section-height-default\" data-id=\"755a44ed\" data-element_type=\"section\" data-e-type=\"section\">\n\t\t\t\t\t\t<div class=\"elementor-container elementor-column-gap-default\">\n\t\t\t\t\t<div class=\"elementor-column elementor-col-50 elementor-inner-column elementor-element elementor-element-46357f2e\" data-id=\"46357f2e\" data-element_type=\"column\" data-e-type=\"column\">\n\t\t\t<div class=\"elementor-widget-wrap elementor-element-populated\">\n\t\t\t\t\t\t<div class=\"elementor-element elementor-element-92378a6 elementor-widget elementor-widget-text-editor\" data-id=\"92378a6\" data-element_type=\"widget\" data-e-type=\"widget\" data-widget_type=\"text-editor.default\">\n\t\t\t\t<div class=\"elementor-widget-container\">\n\t\t\t\t\t\t\t\t\t<p><span style=\"text-decoration: underline;\"><strong>Zeitpunkt der Tour:<\/strong><\/span> Anfang August &#8211; Ende August<br \/><span style=\"text-decoration: underline;\"><strong>Start-und Endpunkt:<\/strong><\/span> Honolulu<br \/><strong><span style=\"text-decoration: underline;\">Flug:<\/span><\/strong>\u00a0N\u00fcrnberg &#8211; M\u00fcnchen &#8211; San Francisco &#8211; Honolulu &#8211; LA &#8211; Frankfurt &#8211; N\u00fcrnberg (Lufthansa)<br \/><span style=\"text-decoration: underline;\"><strong>Auto:<\/strong><\/span>\u00a0Auf allen vier besuchten Inseln, Kleinwagen von Alamo \u00fcber das Reiseb\u00fcro<br \/><span style=\"text-decoration: underline;\"><strong>Dauer der Tour:<\/strong><\/span> 22 Tage<\/p>\t\t\t\t\t\t\t\t<\/div>\n\t\t\t\t<\/div>\n\t\t\t\t\t<\/div>\n\t\t<\/div>\n\t\t\t\t<div class=\"elementor-column elementor-col-25 elementor-inner-column elementor-element elementor-element-21d80dd1 elementor-hidden-phone\" data-id=\"21d80dd1\" data-element_type=\"column\" data-e-type=\"column\">\n\t\t\t<div class=\"elementor-widget-wrap elementor-element-populated\">\n\t\t\t\t\t\t<div class=\"elementor-element elementor-element-4cea1495 elementor-widget elementor-widget-text-editor\" data-id=\"4cea1495\" data-element_type=\"widget\" data-e-type=\"widget\" data-widget_type=\"text-editor.default\">\n\t\t\t\t<div class=\"elementor-widget-container\">\n\t\t\t\t\t\t\t\t\t<p>*****<br \/>****<br \/>***<br \/>**<br \/>*<\/p>\t\t\t\t\t\t\t\t<\/div>\n\t\t\t\t<\/div>\n\t\t\t\t\t<\/div>\n\t\t<\/div>\n\t\t\t\t<div class=\"elementor-column elementor-col-25 elementor-inner-column elementor-element elementor-element-1f19d502 elementor-hidden-phone\" data-id=\"1f19d502\" data-element_type=\"column\" data-e-type=\"column\">\n\t\t\t<div class=\"elementor-widget-wrap elementor-element-populated\">\n\t\t\t\t\t\t<div class=\"elementor-element elementor-element-562d1e71 elementor-widget elementor-widget-text-editor\" data-id=\"562d1e71\" data-element_type=\"widget\" data-e-type=\"widget\" data-widget_type=\"text-editor.default\">\n\t\t\t\t<div class=\"elementor-widget-container\">\n\t\t\t\t\t\t\t\t\t<p>Sehr gut, hier passte alles<br \/>Gut, wir haben uns wohl gef\u00fchlt<br \/>Entspricht dem Standard<br \/>Sehr einfach aber sauber<br \/>Nie mehr wieder<\/p>\t\t\t\t\t\t\t\t<\/div>\n\t\t\t\t<\/div>\n\t\t\t\t\t<\/div>\n\t\t<\/div>\n\t\t\t\t\t<\/div>\n\t\t<\/section>\n\t\t\t\t<section class=\"elementor-section elementor-inner-section elementor-element elementor-element-2d62de3d elementor-section-boxed elementor-section-height-default elementor-section-height-default\" data-id=\"2d62de3d\" data-element_type=\"section\" data-e-type=\"section\">\n\t\t\t\t\t\t<div class=\"elementor-container elementor-column-gap-default\">\n\t\t\t\t\t<div class=\"elementor-column elementor-col-100 elementor-inner-column elementor-element elementor-element-16e94dd4\" data-id=\"16e94dd4\" data-element_type=\"column\" data-e-type=\"column\">\n\t\t\t<div class=\"elementor-widget-wrap elementor-element-populated\">\n\t\t\t\t\t\t<div class=\"elementor-element elementor-element-11ab1701 elementor-widget elementor-widget-text-editor\" data-id=\"11ab1701\" data-element_type=\"widget\" data-e-type=\"widget\" data-widget_type=\"text-editor.default\">\n\t\t\t\t<div class=\"elementor-widget-container\">\n\t\t\t\t\t\t\t\t\t<p>In den 90ern haben wir leider noch nicht so viele Notizen zu unserer Reise gemacht. Bei vielen Dingen die wir unternommen haben hat sich mittlerweile viel ge\u00e4ndert. Einige Hotels in denen wir \u00fcbernachtet haben existieren nicht mehr und deswegen macht eine Bewertung nach \u00fcber 20 Jahren auch nicht mehr viel Sinn. So findet sich hier nur die Route mit den Orten an denen wir \u00fcbernachtet haben.<\/p>\t\t\t\t\t\t\t\t<\/div>\n\t\t\t\t<\/div>\n\t\t\t\t\t<\/div>\n\t\t<\/div>\n\t\t\t\t\t<\/div>\n\t\t<\/section>\n\t\t\t\t\t<\/div>\n\t\t<\/div>\n\t\t\t\t\t<\/div>\n\t\t<\/section>\n\t\t\t\t<section class=\"elementor-section elementor-top-section elementor-element elementor-element-2eabce55 elementor-section-full_width elementor-section-height-default elementor-section-height-default\" data-id=\"2eabce55\" data-element_type=\"section\" data-e-type=\"section\" data-settings=\"{&quot;background_background&quot;:&quot;gradient&quot;}\">\n\t\t\t\t\t\t<div class=\"elementor-container elementor-column-gap-wide\">\n\t\t\t\t\t<div class=\"elementor-column elementor-col-100 elementor-top-column elementor-element elementor-element-d4e3810\" data-id=\"d4e3810\" data-element_type=\"column\" data-e-type=\"column\">\n\t\t\t<div class=\"elementor-widget-wrap elementor-element-populated\">\n\t\t\t\t\t\t<div class=\"elementor-element elementor-element-4b6df1a2 elementor-widget elementor-widget-bdt-open-street-map\" data-id=\"4b6df1a2\" data-element_type=\"widget\" data-e-type=\"widget\" data-widget_type=\"bdt-open-street-map.default\">\n\t\t\t\t<div class=\"elementor-widget-container\">\n\t\t\t\t\t\t\t\t<div class=\"bdt-open-street-map\" style=\"width: auto; min-height: 400px;\" data-settings=\"{&quot;mapboxToken&quot;:&quot;pk.eyJ1Ijoic3Vzc25lciIsImEiOiJjanF0dHc0N3IwY2NxNDNueWw5MHBieWwyIn0.VUMPPqO_aMkY7-s67tqcgg&quot;,&quot;lat&quot;:&quot; 21.286258&quot;,&quot;lng&quot;:&quot;-157.837777&quot;,&quot;zoomControl&quot;:true,&quot;zoom&quot;:7}\" data-map_markers=\"[{&quot;lat&quot;:&quot; 21.286258&quot;,&quot;lng&quot;:&quot;-157.837777&quot;,&quot;title&quot;:&quot;Ohana Waikiki Hobron, Oahu&quot;,&quot;iconUrl&quot;:&quot;https:\\\/\\\/www.sussner.net\\\/wp-content\\\/uploads\\\/2020\\\/05\\\/Hotel-1.png&quot;,&quot;infoWindow&quot;:&quot;Ohana Waikiki Hobron, Oahu&quot;},{&quot;lat&quot;:&quot; 19.729205&quot;,&quot;lng&quot;:&quot;-155.064826&quot;,&quot;title&quot;:&quot;Grand Naniloa Hotel, Hilo&quot;,&quot;iconUrl&quot;:&quot;https:\\\/\\\/www.sussner.net\\\/wp-content\\\/uploads\\\/2020\\\/05\\\/Hotel-1.png&quot;,&quot;infoWindow&quot;:&quot;Grand Naniloa Hotel Hilo&quot;},{&quot;lat&quot;:&quot; 20.723844&quot;,&quot;lng&quot;:&quot;-156.446575&quot;,&quot;title&quot;:&quot;Maui Coast Hotel, Kihei&quot;,&quot;iconUrl&quot;:&quot;https:\\\/\\\/www.sussner.net\\\/wp-content\\\/uploads\\\/2020\\\/05\\\/Hotel-1.png&quot;,&quot;infoWindow&quot;:&quot;Maui Coast Hotel, Kihei&quot;},{&quot;lat&quot;:&quot; 22.056928&quot;,&quot;lng&quot;:&quot;-159.322646&quot;,&quot;title&quot;:&quot;Kauai Coconut Beach Resort&quot;,&quot;iconUrl&quot;:&quot;https:\\\/\\\/www.sussner.net\\\/wp-content\\\/uploads\\\/2020\\\/05\\\/Hotel-1.png&quot;,&quot;infoWindow&quot;:&quot;Kauai Coconut Beach Resort&quot;}]\"><\/div>\n\t\t    \t\t\t\t<\/div>\n\t\t\t\t<\/div>\n\t\t\t\t\t<\/div>\n\t\t<\/div>\n\t\t\t\t\t<\/div>\n\t\t<\/section>\n\t\t\t\t<section class=\"elementor-section elementor-top-section elementor-element elementor-element-5ce3b901 elementor-section-boxed elementor-section-height-default elementor-section-height-default\" data-id=\"5ce3b901\" data-element_type=\"section\" data-e-type=\"section\" data-settings=\"{&quot;background_background&quot;:&quot;gradient&quot;}\">\n\t\t\t\t\t\t<div class=\"elementor-container elementor-column-gap-default\">\n\t\t\t\t\t<div class=\"elementor-column elementor-col-100 elementor-top-column elementor-element elementor-element-2ac92ef8\" data-id=\"2ac92ef8\" data-element_type=\"column\" data-e-type=\"column\">\n\t\t\t<div class=\"elementor-widget-wrap elementor-element-populated\">\n\t\t\t\t\t\t<div class=\"elementor-element elementor-element-59ed445e elementor-widget elementor-widget-text-editor\" data-id=\"59ed445e\" data-element_type=\"widget\" data-e-type=\"widget\" data-widget_type=\"text-editor.default\">\n\t\t\t\t<div class=\"elementor-widget-container\">\n\t\t\t\t\t\t\t\t\t<p>Erinnerungen zur Tour<\/p>\t\t\t\t\t\t\t\t<\/div>\n\t\t\t\t<\/div>\n\t\t\t\t<div class=\"elementor-element elementor-element-5e73d74e elementor-widget-divider--view-line elementor-widget elementor-widget-divider\" data-id=\"5e73d74e\" data-element_type=\"widget\" data-e-type=\"widget\" data-widget_type=\"divider.default\">\n\t\t\t\t<div class=\"elementor-widget-container\">\n\t\t\t\t\t\t\t<div class=\"elementor-divider\">\n\t\t\t<span class=\"elementor-divider-separator\">\n\t\t\t\t\t\t<\/span>\n\t\t<\/div>\n\t\t\t\t\t\t<\/div>\n\t\t\t\t<\/div>\n\t\t\t\t<div class=\"elementor-element elementor-element-f5f118c elementor-widget elementor-widget-text-editor\" data-id=\"f5f118c\" data-element_type=\"widget\" data-e-type=\"widget\" data-widget_type=\"text-editor.default\">\n\t\t\t\t<div class=\"elementor-widget-container\">\n\t\t\t\t\t\t\t\t\t<p>Diese Tour war eine Gruppenreise die wir mit insgesamt 8 Personen unternommen haben. Zuerst waren wir f\u00fcr 5 Tage auf Oahu dann f\u00fcr jeweils weitere 5 Tage auf Big Island, Maui und Kauai. Von da aus ging es nochmal f\u00fcr zwei Tage nach Honolulu und anschlie\u00dfend wieder nach Hause. Dieses war die mit Abstand teuerste USA Reise die wir bisher unternommen haben. Deswegen und wegen der sehr weiten Fl\u00fcge ist es bisher bei dem einen Besuch geblieben. Hawaii hat uns sehr gut gefallen und wir haben auf jeden Fall vor die Inseln mal wieder zu besuchen.<\/p>\t\t\t\t\t\t\t\t<\/div>\n\t\t\t\t<\/div>\n\t\t\t\t\t<\/div>\n\t\t<\/div>\n\t\t\t\t\t<\/div>\n\t\t<\/section>\n\t\t\t\t<section class=\"elementor-section elementor-top-section elementor-element elementor-element-df047ee elementor-section-full_width elementor-section-height-default elementor-section-height-default\" data-id=\"df047ee\" data-element_type=\"section\" data-e-type=\"section\" data-settings=\"{&quot;background_background&quot;:&quot;classic&quot;}\">\n\t\t\t\t\t\t<div class=\"elementor-container elementor-column-gap-default\">\n\t\t\t\t\t<div class=\"elementor-column elementor-col-50 elementor-top-column elementor-element elementor-element-70404eff\" data-id=\"70404eff\" data-element_type=\"column\" data-e-type=\"column\">\n\t\t\t<div class=\"elementor-widget-wrap elementor-element-populated\">\n\t\t\t\t\t\t<div class=\"elementor-element elementor-element-1374ac50 elementor-align-right elementor-mobile-align-center elementor-widget elementor-widget-button\" data-id=\"1374ac50\" data-element_type=\"widget\" data-e-type=\"widget\" data-widget_type=\"button.default\">\n\t\t\t\t<div class=\"elementor-widget-container\">\n\t\t\t\t\t\t\t\t\t<div class=\"elementor-button-wrapper\">\n\t\t\t\t\t<a class=\"elementor-button elementor-button-link elementor-size-md elementor-animation-shrink\" href=\"https:\/\/www.sussner.net\/reise_infos\/reiserouten\/1992-2000\/1999-suedwesten-und-yellowstone\/\">\n\t\t\t\t\t\t<span class=\"elementor-button-content-wrapper\">\n\t\t\t\t\t\t<span class=\"elementor-button-icon\">\n\t\t\t\t<i aria-hidden=\"true\" class=\"fas fa-arrow-circle-left\"><\/i>\t\t\t<\/span>\n\t\t\t\t\t\t\t\t\t<span class=\"elementor-button-text\">Prev<\/span>\n\t\t\t\t\t<\/span>\n\t\t\t\t\t<\/a>\n\t\t\t\t<\/div>\n\t\t\t\t\t\t\t\t<\/div>\n\t\t\t\t<\/div>\n\t\t\t\t\t<\/div>\n\t\t<\/div>\n\t\t\t\t<div class=\"elementor-column elementor-col-50 elementor-top-column elementor-element elementor-element-5449253c\" data-id=\"5449253c\" data-element_type=\"column\" data-e-type=\"column\">\n\t\t\t<div class=\"elementor-widget-wrap elementor-element-populated\">\n\t\t\t\t\t\t<div class=\"elementor-element elementor-element-51c1d88b elementor-align-left elementor-mobile-align-center elementor-widget elementor-widget-button\" data-id=\"51c1d88b\" data-element_type=\"widget\" data-e-type=\"widget\" data-widget_type=\"button.default\">\n\t\t\t\t<div class=\"elementor-widget-container\">\n\t\t\t\t\t\t\t\t\t<div class=\"elementor-button-wrapper\">\n\t\t\t\t\t<a class=\"elementor-button elementor-button-link elementor-size-md elementor-animation-shrink\" href=\"https:\/\/www.sussner.net\/reise_infos\/reiserouten\/2008-heute\/2008-der-nordosten\/\">\n\t\t\t\t\t\t<span class=\"elementor-button-content-wrapper\">\n\t\t\t\t\t\t<span class=\"elementor-button-icon\">\n\t\t\t\t<i aria-hidden=\"true\" class=\"fas fa-arrow-circle-right\"><\/i>\t\t\t<\/span>\n\t\t\t\t\t\t\t\t\t<span class=\"elementor-button-text\">Next<\/span>\n\t\t\t\t\t<\/span>\n\t\t\t\t\t<\/a>\n\t\t\t\t<\/div>\n\t\t\t\t\t\t\t\t<\/div>\n\t\t\t\t<\/div>\n\t\t\t\t\t<\/div>\n\t\t<\/div>\n\t\t\t\t\t<\/div>\n\t\t<\/section>\n\t\t\t\t<\/div>\n\t\t","protected":false},"excerpt":{"rendered":"<p>USA 2000 Hawaii Fakten zur Tour Hotelbewertung Zeitpunkt der Tour: Anfang August &#8211; Ende AugustStart-und Endpunkt: HonoluluFlug:\u00a0N\u00fcrnberg &#8211; M\u00fcnchen &#8211; San Francisco &#8211; Honolulu &#8211; LA &#8211; Frankfurt &#8211; N\u00fcrnberg (Lufthansa)Auto:\u00a0Auf allen vier besuchten Inseln, Kleinwagen von Alamo \u00fcber das Reiseb\u00fcroDauer der Tour: 22 Tage *************** Sehr gut, hier passte allesGut, wir haben uns wohl [&hellip;]<\/p>\n","protected":false},"author":1,"featured_media":0,"parent":92907,"menu_order":5,"comment_status":"closed","ping_status":"closed","template":"","meta":{"ocean_post_layout":"full-screen","ocean_both_sidebars_style":"","ocean_both_sidebars_content_width":0,"ocean_both_sidebars_sidebars_width":0,"ocean_sidebar":"0","ocean_second_sidebar":"0","ocean_disable_margins":"on","ocean_add_body_class":"","ocean_shortcode_before_top_bar":"","ocean_shortcode_after_top_bar":"","ocean_shortcode_before_header":"","ocean_shortcode_after_header":"","ocean_has_shortcode":"","ocean_shortcode_after_title":"","ocean_shortcode_before_footer_widgets":"","ocean_shortcode_after_footer_widgets":"","ocean_shortcode_before_footer_bottom":"","ocean_shortcode_after_footer_bottom":"","ocean_display_top_bar":"off","ocean_display_header":"on","ocean_header_style":"","ocean_center_header_left_menu":"0","ocean_custom_header_template":"0","ocean_custom_logo":0,"ocean_custom_retina_logo":0,"ocean_custom_logo_max_width":0,"ocean_custom_logo_tablet_max_width":0,"ocean_custom_logo_mobile_max_width":0,"ocean_custom_logo_max_height":0,"ocean_custom_logo_tablet_max_height":0,"ocean_custom_logo_mobile_max_height":0,"ocean_header_custom_menu":"10","ocean_menu_typo_font_family":"0","ocean_menu_typo_font_subset":"","ocean_menu_typo_font_size":0,"ocean_menu_typo_font_size_tablet":0,"ocean_menu_typo_font_size_mobile":0,"ocean_menu_typo_font_size_unit":"px","ocean_menu_typo_font_weight":"","ocean_menu_typo_font_weight_tablet":"","ocean_menu_typo_font_weight_mobile":"","ocean_menu_typo_transform":"","ocean_menu_typo_transform_tablet":"","ocean_menu_typo_transform_mobile":"","ocean_menu_typo_line_height":0,"ocean_menu_typo_line_height_tablet":0,"ocean_menu_typo_line_height_mobile":0,"ocean_menu_typo_line_height_unit":"","ocean_menu_typo_spacing":0,"ocean_menu_typo_spacing_tablet":0,"ocean_menu_typo_spacing_mobile":0,"ocean_menu_typo_spacing_unit":"","ocean_menu_link_color":"","ocean_menu_link_color_hover":"","ocean_menu_link_color_active":"","ocean_menu_link_background":"","ocean_menu_link_hover_background":"","ocean_menu_link_active_background":"","ocean_menu_social_links_bg":"","ocean_menu_social_hover_links_bg":"","ocean_menu_social_links_color":"","ocean_menu_social_hover_links_color":"","ocean_disable_title":"on","ocean_disable_heading":"default","ocean_post_title":"","ocean_post_subheading":"","ocean_post_title_style":"","ocean_post_title_background_color":"","ocean_post_title_background":0,"ocean_post_title_bg_image_position":"","ocean_post_title_bg_image_attachment":"","ocean_post_title_bg_image_repeat":"","ocean_post_title_bg_image_size":"","ocean_post_title_height":0,"ocean_post_title_bg_overlay":0.5,"ocean_post_title_bg_overlay_color":"","ocean_disable_breadcrumbs":"default","ocean_breadcrumbs_color":"","ocean_breadcrumbs_separator_color":"","ocean_breadcrumbs_links_color":"","ocean_breadcrumbs_links_hover_color":"","ocean_display_footer_widgets":"off","ocean_display_footer_bottom":"off","ocean_custom_footer_template":"0","footnotes":""},"class_list":["post-74351","page","type-page","status-publish","hentry","entry"],"_links":{"self":[{"href":"https:\/\/www.sussner.net\/en\/wp-json\/wp\/v2\/pages\/74351","targetHints":{"allow":["GET"]}}],"collection":[{"href":"https:\/\/www.sussner.net\/en\/wp-json\/wp\/v2\/pages"}],"about":[{"href":"https:\/\/www.sussner.net\/en\/wp-json\/wp\/v2\/types\/page"}],"author":[{"embeddable":true,"href":"https:\/\/www.sussner.net\/en\/wp-json\/wp\/v2\/users\/1"}],"replies":[{"embeddable":true,"href":"https:\/\/www.sussner.net\/en\/wp-json\/wp\/v2\/comments?post=74351"}],"version-history":[{"count":0,"href":"https:\/\/www.sussner.net\/en\/wp-json\/wp\/v2\/pages\/74351\/revisions"}],"up":[{"embeddable":true,"href":"https:\/\/www.sussner.net\/en\/wp-json\/wp\/v2\/pages\/92907"}],"wp:attachment":[{"href":"https:\/\/www.sussner.net\/en\/wp-json\/wp\/v2\/media?parent=74351"}],"curies":[{"name":"wp","href":"https:\/\/api.w.org\/{rel}","templated":true}]}}