{"id":74349,"date":"2021-04-29T19:33:37","date_gmt":"2021-04-29T17:33:37","guid":{"rendered":"https:\/\/www.sussner.net\/?page_id=74349"},"modified":"2026-02-28T13:09:39","modified_gmt":"2026-02-28T12:09:39","slug":"1999-suedwesten-und-yellowstone","status":"publish","type":"page","link":"https:\/\/www.sussner.net\/en\/reise_infos\/reiserouten\/1992-2000\/1999-suedwesten-und-yellowstone\/","title":{"rendered":"1999 Southwest and Yellowstone"},"content":{"rendered":"\t\t<div data-elementor-type=\"wp-page\" data-elementor-id=\"74349\" class=\"elementor elementor-74349\" data-elementor-settings=\"{&quot;element_pack_global_tooltip_width&quot;:{&quot;unit&quot;:&quot;px&quot;,&quot;size&quot;:&quot;&quot;,&quot;sizes&quot;:[]},&quot;element_pack_global_tooltip_width_tablet&quot;:{&quot;unit&quot;:&quot;px&quot;,&quot;size&quot;:&quot;&quot;,&quot;sizes&quot;:[]},&quot;element_pack_global_tooltip_width_mobile&quot;:{&quot;unit&quot;:&quot;px&quot;,&quot;size&quot;:&quot;&quot;,&quot;sizes&quot;:[]},&quot;element_pack_global_tooltip_padding&quot;:{&quot;unit&quot;:&quot;px&quot;,&quot;top&quot;:&quot;&quot;,&quot;right&quot;:&quot;&quot;,&quot;bottom&quot;:&quot;&quot;,&quot;left&quot;:&quot;&quot;,&quot;isLinked&quot;:true},&quot;element_pack_global_tooltip_padding_tablet&quot;:{&quot;unit&quot;:&quot;px&quot;,&quot;top&quot;:&quot;&quot;,&quot;right&quot;:&quot;&quot;,&quot;bottom&quot;:&quot;&quot;,&quot;left&quot;:&quot;&quot;,&quot;isLinked&quot;:true},&quot;element_pack_global_tooltip_padding_mobile&quot;:{&quot;unit&quot;:&quot;px&quot;,&quot;top&quot;:&quot;&quot;,&quot;right&quot;:&quot;&quot;,&quot;bottom&quot;:&quot;&quot;,&quot;left&quot;:&quot;&quot;,&quot;isLinked&quot;:true},&quot;element_pack_global_tooltip_border_radius&quot;:{&quot;unit&quot;:&quot;px&quot;,&quot;top&quot;:&quot;&quot;,&quot;right&quot;:&quot;&quot;,&quot;bottom&quot;:&quot;&quot;,&quot;left&quot;:&quot;&quot;,&quot;isLinked&quot;:true},&quot;element_pack_global_tooltip_border_radius_tablet&quot;:{&quot;unit&quot;:&quot;px&quot;,&quot;top&quot;:&quot;&quot;,&quot;right&quot;:&quot;&quot;,&quot;bottom&quot;:&quot;&quot;,&quot;left&quot;:&quot;&quot;,&quot;isLinked&quot;:true},&quot;element_pack_global_tooltip_border_radius_mobile&quot;:{&quot;unit&quot;:&quot;px&quot;,&quot;top&quot;:&quot;&quot;,&quot;right&quot;:&quot;&quot;,&quot;bottom&quot;:&quot;&quot;,&quot;left&quot;:&quot;&quot;,&quot;isLinked&quot;:true}}\">\n\t\t\t\t\t\t<section class=\"elementor-section elementor-top-section elementor-element elementor-element-3a05cd71 elementor-section-full_width elementor-section-height-min-height elementor-section-items-stretch elementor-section-height-default\" data-id=\"3a05cd71\" data-element_type=\"section\" data-e-type=\"section\" data-settings=\"{&quot;background_background&quot;:&quot;classic&quot;}\">\n\t\t\t\t\t\t<div class=\"elementor-container elementor-column-gap-default\">\n\t\t\t\t\t<div class=\"elementor-column elementor-col-100 elementor-top-column elementor-element elementor-element-634f09ea\" data-id=\"634f09ea\" data-element_type=\"column\" data-e-type=\"column\">\n\t\t\t<div class=\"elementor-widget-wrap elementor-element-populated\">\n\t\t\t\t\t\t<div class=\"elementor-element elementor-element-408c588d elementor-widget elementor-widget-heading\" data-id=\"408c588d\" data-element_type=\"widget\" data-e-type=\"widget\" data-widget_type=\"heading.default\">\n\t\t\t\t<div class=\"elementor-widget-container\">\n\t\t\t\t\t<h2 class=\"elementor-heading-title elementor-size-default\">USA 1999 Der S\u00fcdwesten und Yellowstone<\/h2>\t\t\t\t<\/div>\n\t\t\t\t<\/div>\n\t\t\t\t\t<\/div>\n\t\t<\/div>\n\t\t\t\t\t<\/div>\n\t\t<\/section>\n\t\t\t\t<section class=\"elementor-section elementor-top-section elementor-element elementor-element-6ca8e76e elementor-section-boxed elementor-section-height-default elementor-section-height-default\" data-id=\"6ca8e76e\" data-element_type=\"section\" data-e-type=\"section\" data-settings=\"{&quot;background_background&quot;:&quot;gradient&quot;}\">\n\t\t\t\t\t\t<div class=\"elementor-container elementor-column-gap-default\">\n\t\t\t\t\t<div class=\"elementor-column elementor-col-100 elementor-top-column elementor-element elementor-element-3f613345\" data-id=\"3f613345\" data-element_type=\"column\" data-e-type=\"column\">\n\t\t\t<div class=\"elementor-widget-wrap elementor-element-populated\">\n\t\t\t\t\t\t<section class=\"elementor-section elementor-inner-section elementor-element elementor-element-70e66c26 elementor-section-boxed elementor-section-height-default elementor-section-height-default\" data-id=\"70e66c26\" data-element_type=\"section\" data-e-type=\"section\">\n\t\t\t\t\t\t<div class=\"elementor-container elementor-column-gap-default\">\n\t\t\t\t\t<div class=\"elementor-column elementor-col-50 elementor-inner-column elementor-element elementor-element-32e33b66\" data-id=\"32e33b66\" data-element_type=\"column\" data-e-type=\"column\">\n\t\t\t<div class=\"elementor-widget-wrap elementor-element-populated\">\n\t\t\t\t\t\t<div class=\"elementor-element elementor-element-1d6636ed elementor-widget elementor-widget-text-editor\" data-id=\"1d6636ed\" data-element_type=\"widget\" data-e-type=\"widget\" data-widget_type=\"text-editor.default\">\n\t\t\t\t<div class=\"elementor-widget-container\">\n\t\t\t\t\t\t\t\t\t<p>Fakten zur Tour<\/p>\t\t\t\t\t\t\t\t<\/div>\n\t\t\t\t<\/div>\n\t\t\t\t<div class=\"elementor-element elementor-element-23b3a987 elementor-widget-divider--view-line elementor-widget elementor-widget-divider\" data-id=\"23b3a987\" data-element_type=\"widget\" data-e-type=\"widget\" data-widget_type=\"divider.default\">\n\t\t\t\t<div class=\"elementor-widget-container\">\n\t\t\t\t\t\t\t<div class=\"elementor-divider\">\n\t\t\t<span class=\"elementor-divider-separator\">\n\t\t\t\t\t\t<\/span>\n\t\t<\/div>\n\t\t\t\t\t\t<\/div>\n\t\t\t\t<\/div>\n\t\t\t\t\t<\/div>\n\t\t<\/div>\n\t\t\t\t<div class=\"elementor-column elementor-col-50 elementor-inner-column elementor-element elementor-element-210023ac elementor-hidden-phone\" data-id=\"210023ac\" data-element_type=\"column\" data-e-type=\"column\">\n\t\t\t<div class=\"elementor-widget-wrap elementor-element-populated\">\n\t\t\t\t\t\t<div class=\"elementor-element elementor-element-2c43d9aa elementor-widget elementor-widget-text-editor\" data-id=\"2c43d9aa\" data-element_type=\"widget\" data-e-type=\"widget\" data-widget_type=\"text-editor.default\">\n\t\t\t\t<div class=\"elementor-widget-container\">\n\t\t\t\t\t\t\t\t\t<p>Hotelbewertung<\/p>\t\t\t\t\t\t\t\t<\/div>\n\t\t\t\t<\/div>\n\t\t\t\t<div class=\"elementor-element elementor-element-33381aa8 elementor-widget-divider--view-line elementor-widget elementor-widget-divider\" data-id=\"33381aa8\" data-element_type=\"widget\" data-e-type=\"widget\" data-widget_type=\"divider.default\">\n\t\t\t\t<div class=\"elementor-widget-container\">\n\t\t\t\t\t\t\t<div class=\"elementor-divider\">\n\t\t\t<span class=\"elementor-divider-separator\">\n\t\t\t\t\t\t<\/span>\n\t\t<\/div>\n\t\t\t\t\t\t<\/div>\n\t\t\t\t<\/div>\n\t\t\t\t\t<\/div>\n\t\t<\/div>\n\t\t\t\t\t<\/div>\n\t\t<\/section>\n\t\t\t\t<section class=\"elementor-section elementor-inner-section elementor-element elementor-element-4f9cfad8 elementor-section-boxed elementor-section-height-default elementor-section-height-default\" data-id=\"4f9cfad8\" data-element_type=\"section\" data-e-type=\"section\">\n\t\t\t\t\t\t<div class=\"elementor-container elementor-column-gap-default\">\n\t\t\t\t\t<div class=\"elementor-column elementor-col-50 elementor-inner-column elementor-element elementor-element-614f3fed\" data-id=\"614f3fed\" data-element_type=\"column\" data-e-type=\"column\">\n\t\t\t<div class=\"elementor-widget-wrap elementor-element-populated\">\n\t\t\t\t\t\t<div class=\"elementor-element elementor-element-7e8c3f45 elementor-widget elementor-widget-text-editor\" data-id=\"7e8c3f45\" data-element_type=\"widget\" data-e-type=\"widget\" data-widget_type=\"text-editor.default\">\n\t\t\t\t<div class=\"elementor-widget-container\">\n\t\t\t\t\t\t\t\t\t<p><span style=\"text-decoration: underline;\"><strong>Zeitpunkt der Tour:<\/strong><\/span> Anfang September &#8211; Ende September<br \/><span style=\"text-decoration: underline;\"><strong>Start-und Endpunkt:<\/strong><\/span> San Francisco<br \/><strong><span style=\"text-decoration: underline;\">Flug:<\/span><\/strong>\u00a0N\u00fcrnberg &#8211; M\u00fcnchen &#8211; San Francisco &#8211; Frankfurt &#8211; N\u00fcrnberg (Lufthansa)<br \/><span style=\"text-decoration: underline;\"><strong>Auto:<\/strong><\/span>\u00a0Kleinwagen bei Alamo \u00fcber das Reiseb\u00fcro<br \/><span style=\"text-decoration: underline;\"><strong>Dauer der Tour:<\/strong><\/span> 21 Tage<\/p>\t\t\t\t\t\t\t\t<\/div>\n\t\t\t\t<\/div>\n\t\t\t\t\t<\/div>\n\t\t<\/div>\n\t\t\t\t<div class=\"elementor-column elementor-col-25 elementor-inner-column elementor-element elementor-element-16464b15 elementor-hidden-phone\" data-id=\"16464b15\" data-element_type=\"column\" data-e-type=\"column\">\n\t\t\t<div class=\"elementor-widget-wrap elementor-element-populated\">\n\t\t\t\t\t\t<div class=\"elementor-element elementor-element-412ab95a elementor-widget elementor-widget-text-editor\" data-id=\"412ab95a\" data-element_type=\"widget\" data-e-type=\"widget\" data-widget_type=\"text-editor.default\">\n\t\t\t\t<div class=\"elementor-widget-container\">\n\t\t\t\t\t\t\t\t\t<p>*****<br \/>****<br \/>***<br \/>**<br \/>*<\/p>\t\t\t\t\t\t\t\t<\/div>\n\t\t\t\t<\/div>\n\t\t\t\t\t<\/div>\n\t\t<\/div>\n\t\t\t\t<div class=\"elementor-column elementor-col-25 elementor-inner-column elementor-element elementor-element-4ccba2fc elementor-hidden-phone\" data-id=\"4ccba2fc\" data-element_type=\"column\" data-e-type=\"column\">\n\t\t\t<div class=\"elementor-widget-wrap elementor-element-populated\">\n\t\t\t\t\t\t<div class=\"elementor-element elementor-element-6ad4a652 elementor-widget elementor-widget-text-editor\" data-id=\"6ad4a652\" data-element_type=\"widget\" data-e-type=\"widget\" data-widget_type=\"text-editor.default\">\n\t\t\t\t<div class=\"elementor-widget-container\">\n\t\t\t\t\t\t\t\t\t<p>Sehr gut, hier passte alles<br \/>Gut, wir haben uns wohl gef\u00fchlt<br \/>Entspricht dem Standard<br \/>Sehr einfach aber sauber<br \/>Nie mehr wieder<\/p>\t\t\t\t\t\t\t\t<\/div>\n\t\t\t\t<\/div>\n\t\t\t\t\t<\/div>\n\t\t<\/div>\n\t\t\t\t\t<\/div>\n\t\t<\/section>\n\t\t\t\t<section class=\"elementor-section elementor-inner-section elementor-element elementor-element-56102124 elementor-section-boxed elementor-section-height-default elementor-section-height-default\" data-id=\"56102124\" data-element_type=\"section\" data-e-type=\"section\">\n\t\t\t\t\t\t<div class=\"elementor-container elementor-column-gap-default\">\n\t\t\t\t\t<div class=\"elementor-column elementor-col-100 elementor-inner-column elementor-element elementor-element-195ab191\" data-id=\"195ab191\" data-element_type=\"column\" data-e-type=\"column\">\n\t\t\t<div class=\"elementor-widget-wrap elementor-element-populated\">\n\t\t\t\t\t\t<div class=\"elementor-element elementor-element-4bc86aeb elementor-widget elementor-widget-text-editor\" data-id=\"4bc86aeb\" data-element_type=\"widget\" data-e-type=\"widget\" data-widget_type=\"text-editor.default\">\n\t\t\t\t<div class=\"elementor-widget-container\">\n\t\t\t\t\t\t\t\t\t<p>In den 90ern haben wir leider noch nicht so viele Notizen zu unserer Reise gemacht. Bei vielen Dingen die wir unternommen haben hat sich mittlerweile viel ge\u00e4ndert. Einige Hotels in denen wir \u00fcbernachtet haben existieren nicht mehr und deswegen macht eine Bewertung nach \u00fcber 20 Jahren auch nicht mehr viel Sinn. So findet sich hier nur die Route mit den Orten an denen wir \u00fcbernachtet haben.<\/p>\t\t\t\t\t\t\t\t<\/div>\n\t\t\t\t<\/div>\n\t\t\t\t\t<\/div>\n\t\t<\/div>\n\t\t\t\t\t<\/div>\n\t\t<\/section>\n\t\t\t\t\t<\/div>\n\t\t<\/div>\n\t\t\t\t\t<\/div>\n\t\t<\/section>\n\t\t\t\t<section class=\"elementor-section elementor-top-section elementor-element elementor-element-48f55c95 elementor-section-full_width elementor-section-height-default elementor-section-height-default\" data-id=\"48f55c95\" data-element_type=\"section\" data-e-type=\"section\" data-settings=\"{&quot;background_background&quot;:&quot;gradient&quot;}\">\n\t\t\t\t\t\t<div class=\"elementor-container elementor-column-gap-wide\">\n\t\t\t\t\t<div class=\"elementor-column elementor-col-100 elementor-top-column elementor-element elementor-element-37b42310\" data-id=\"37b42310\" data-element_type=\"column\" data-e-type=\"column\">\n\t\t\t<div class=\"elementor-widget-wrap elementor-element-populated\">\n\t\t\t\t\t\t<div class=\"elementor-element elementor-element-796b8de1 elementor-widget elementor-widget-bdt-open-street-map\" data-id=\"796b8de1\" data-element_type=\"widget\" data-e-type=\"widget\" data-widget_type=\"bdt-open-street-map.default\">\n\t\t\t\t<div class=\"elementor-widget-container\">\n\t\t\t\t\t\t\t\t<div class=\"bdt-open-street-map\" style=\"width: auto; min-height: 400px;\" data-settings=\"{&quot;mapboxToken&quot;:&quot;pk.eyJ1Ijoic3Vzc25lciIsImEiOiJjanF0dHc0N3IwY2NxNDNueWw5MHBieWwyIn0.VUMPPqO_aMkY7-s67tqcgg&quot;,&quot;lat&quot;:&quot; 38.688118&quot;,&quot;lng&quot;:&quot;-109.538603&quot;,&quot;zoomControl&quot;:true,&quot;zoom&quot;:6}\" data-map_markers=\"[{&quot;lat&quot;:&quot; 38.688118&quot;,&quot;lng&quot;:&quot;-109.538603&quot;,&quot;title&quot;:&quot;Arches National Park&quot;,&quot;iconUrl&quot;:&quot;https:\\\/\\\/www.sussner.net\\\/wp-content\\\/uploads\\\/2020\\\/05\\\/Hotel-1.png&quot;,&quot;infoWindow&quot;:&quot;Arches National Park&quot;},{&quot;lat&quot;:&quot; 39.255847&quot;,&quot;lng&quot;:&quot;-114.866972&quot;,&quot;title&quot;:&quot;Ely&quot;,&quot;iconUrl&quot;:&quot;https:\\\/\\\/www.sussner.net\\\/wp-content\\\/uploads\\\/2020\\\/05\\\/Hotel-1.png&quot;,&quot;infoWindow&quot;:&quot;Ely&quot;},{&quot;lat&quot;:&quot; 37.808101&quot;,&quot;lng&quot;:&quot;-122.409613&quot;,&quot;title&quot;:&quot;San Francisco&quot;,&quot;iconUrl&quot;:&quot;https:\\\/\\\/www.sussner.net\\\/wp-content\\\/uploads\\\/2020\\\/05\\\/Hotel-1.png&quot;,&quot;infoWindow&quot;:&quot;San Francisco&quot;},{&quot;lat&quot;:&quot; 40.769350&quot;,&quot;lng&quot;:&quot;-111.904222&quot;,&quot;title&quot;:&quot;Salt Lake City&quot;,&quot;iconUrl&quot;:&quot;https:\\\/\\\/www.sussner.net\\\/wp-content\\\/uploads\\\/2020\\\/05\\\/Hotel-1.png&quot;,&quot;infoWindow&quot;:&quot;Salt Lake City&quot;},{&quot;lat&quot;:&quot; 44.391496&quot;,&quot;lng&quot;:&quot;-110.553207&quot;,&quot;title&quot;:&quot;Yellowstone National Park&quot;,&quot;iconUrl&quot;:&quot;https:\\\/\\\/www.sussner.net\\\/wp-content\\\/uploads\\\/2020\\\/05\\\/Hotel-1.png&quot;,&quot;infoWindow&quot;:&quot;Yellowstone National Park&quot;},{&quot;lat&quot;:&quot; 37.623492&quot;,&quot;lng&quot;:&quot;-112.167171&quot;,&quot;title&quot;:&quot;Bryce Canyon National Park&quot;,&quot;iconUrl&quot;:&quot;https:\\\/\\\/www.sussner.net\\\/wp-content\\\/uploads\\\/2020\\\/05\\\/Hotel-1.png&quot;,&quot;infoWindow&quot;:&quot;Bryce Canyon National Park&quot;},{&quot;lat&quot;:&quot; 36.982646&quot;,&quot;lng&quot;:&quot;-110.111632&quot;,&quot;title&quot;:&quot;Monument Valley&quot;,&quot;iconUrl&quot;:&quot;https:\\\/\\\/www.sussner.net\\\/wp-content\\\/uploads\\\/2020\\\/05\\\/Hotel-1.png&quot;,&quot;infoWindow&quot;:&quot;Monument Valley&quot;},{&quot;lat&quot;:&quot; 36.920377&quot;,&quot;lng&quot;:&quot;-111.463065&quot;,&quot;title&quot;:&quot;Page&quot;,&quot;iconUrl&quot;:&quot;https:\\\/\\\/www.sussner.net\\\/wp-content\\\/uploads\\\/2020\\\/05\\\/Hotel-1.png&quot;,&quot;infoWindow&quot;:&quot;Page&quot;},{&quot;lat&quot;:&quot; 36.111418&quot;,&quot;lng&quot;:&quot;-115.173363&quot;,&quot;title&quot;:&quot;Las Vegas&quot;,&quot;iconUrl&quot;:&quot;https:\\\/\\\/www.sussner.net\\\/wp-content\\\/uploads\\\/2020\\\/05\\\/Hotel-1.png&quot;,&quot;infoWindow&quot;:&quot;Las Vegas&quot;},{&quot;lat&quot;:&quot; 36.457134&quot;,&quot;lng&quot;:&quot;-116.865339&quot;,&quot;title&quot;:&quot;Death Valley National Park&quot;,&quot;iconUrl&quot;:&quot;https:\\\/\\\/www.sussner.net\\\/wp-content\\\/uploads\\\/2020\\\/05\\\/Hotel-1.png&quot;,&quot;infoWindow&quot;:&quot;Death Valley National Park&quot;},{&quot;lat&quot;:&quot; 36.580582&quot;,&quot;lng&quot;:&quot;-118.751968&quot;,&quot;title&quot;:&quot;Sequoia National Park&quot;,&quot;iconUrl&quot;:&quot;https:\\\/\\\/www.sussner.net\\\/wp-content\\\/uploads\\\/2020\\\/05\\\/Hotel-1.png&quot;,&quot;infoWindow&quot;:&quot;Sequoia National Park&quot;},{&quot;lat&quot;:&quot; 37.730198&quot;,&quot;lng&quot;:&quot;-119.573705&quot;,&quot;title&quot;:&quot;Yosemite National Park&quot;,&quot;iconUrl&quot;:&quot;https:\\\/\\\/www.sussner.net\\\/wp-content\\\/uploads\\\/2020\\\/05\\\/Hotel-1.png&quot;,&quot;infoWindow&quot;:&quot;Yosemite National Park&quot;}]\"><\/div>\n\t\t    \t\t\t\t<\/div>\n\t\t\t\t<\/div>\n\t\t\t\t\t<\/div>\n\t\t<\/div>\n\t\t\t\t\t<\/div>\n\t\t<\/section>\n\t\t\t\t<section class=\"elementor-section elementor-top-section elementor-element elementor-element-6c26db5f elementor-section-boxed elementor-section-height-default elementor-section-height-default\" data-id=\"6c26db5f\" data-element_type=\"section\" data-e-type=\"section\" data-settings=\"{&quot;background_background&quot;:&quot;gradient&quot;}\">\n\t\t\t\t\t\t<div class=\"elementor-container elementor-column-gap-default\">\n\t\t\t\t\t<div class=\"elementor-column elementor-col-100 elementor-top-column elementor-element elementor-element-44091a9f\" data-id=\"44091a9f\" data-element_type=\"column\" data-e-type=\"column\">\n\t\t\t<div class=\"elementor-widget-wrap elementor-element-populated\">\n\t\t\t\t\t\t<div class=\"elementor-element elementor-element-56b68b01 elementor-widget elementor-widget-text-editor\" data-id=\"56b68b01\" data-element_type=\"widget\" data-e-type=\"widget\" data-widget_type=\"text-editor.default\">\n\t\t\t\t<div class=\"elementor-widget-container\">\n\t\t\t\t\t\t\t\t\t<p>Erinnerungen zur Tour<\/p>\t\t\t\t\t\t\t\t<\/div>\n\t\t\t\t<\/div>\n\t\t\t\t<div class=\"elementor-element elementor-element-20508b3a elementor-widget-divider--view-line elementor-widget elementor-widget-divider\" data-id=\"20508b3a\" data-element_type=\"widget\" data-e-type=\"widget\" data-widget_type=\"divider.default\">\n\t\t\t\t<div class=\"elementor-widget-container\">\n\t\t\t\t\t\t\t<div class=\"elementor-divider\">\n\t\t\t<span class=\"elementor-divider-separator\">\n\t\t\t\t\t\t<\/span>\n\t\t<\/div>\n\t\t\t\t\t\t<\/div>\n\t\t\t\t<\/div>\n\t\t\t\t<div class=\"elementor-element elementor-element-1defd19c elementor-widget elementor-widget-text-editor\" data-id=\"1defd19c\" data-element_type=\"widget\" data-e-type=\"widget\" data-widget_type=\"text-editor.default\">\n\t\t\t\t<div class=\"elementor-widget-container\">\n\t\t\t\t\t\t\t\t\t<p>Dies war eine Tour die Gerd mit seinem Vater unternommen hat um ihm unsere Lieblingsstellen im S\u00fcdwesten zu zeigen.<\/p>\t\t\t\t\t\t\t\t<\/div>\n\t\t\t\t<\/div>\n\t\t\t\t\t<\/div>\n\t\t<\/div>\n\t\t\t\t\t<\/div>\n\t\t<\/section>\n\t\t\t\t<section class=\"elementor-section elementor-top-section elementor-element elementor-element-a565457 elementor-section-full_width elementor-section-height-default elementor-section-height-default\" data-id=\"a565457\" data-element_type=\"section\" data-e-type=\"section\" data-settings=\"{&quot;background_background&quot;:&quot;classic&quot;}\">\n\t\t\t\t\t\t<div class=\"elementor-container elementor-column-gap-default\">\n\t\t\t\t\t<div class=\"elementor-column elementor-col-50 elementor-top-column elementor-element elementor-element-33fbafc1\" data-id=\"33fbafc1\" data-element_type=\"column\" data-e-type=\"column\">\n\t\t\t<div class=\"elementor-widget-wrap elementor-element-populated\">\n\t\t\t\t\t\t<div class=\"elementor-element elementor-element-3a87e517 elementor-align-right elementor-mobile-align-center elementor-widget elementor-widget-button\" data-id=\"3a87e517\" data-element_type=\"widget\" data-e-type=\"widget\" data-widget_type=\"button.default\">\n\t\t\t\t<div class=\"elementor-widget-container\">\n\t\t\t\t\t\t\t\t\t<div class=\"elementor-button-wrapper\">\n\t\t\t\t\t<a class=\"elementor-button elementor-button-link elementor-size-md elementor-animation-shrink\" href=\"https:\/\/www.sussner.net\/reise_infos\/reiserouten\/1992-2000\/1998-sued-und-nordwesten\/\">\n\t\t\t\t\t\t<span class=\"elementor-button-content-wrapper\">\n\t\t\t\t\t\t<span class=\"elementor-button-icon\">\n\t\t\t\t<i aria-hidden=\"true\" class=\"fas fa-arrow-circle-left\"><\/i>\t\t\t<\/span>\n\t\t\t\t\t\t\t\t\t<span class=\"elementor-button-text\">Prev<\/span>\n\t\t\t\t\t<\/span>\n\t\t\t\t\t<\/a>\n\t\t\t\t<\/div>\n\t\t\t\t\t\t\t\t<\/div>\n\t\t\t\t<\/div>\n\t\t\t\t\t<\/div>\n\t\t<\/div>\n\t\t\t\t<div class=\"elementor-column elementor-col-50 elementor-top-column elementor-element elementor-element-3fb199b9\" data-id=\"3fb199b9\" data-element_type=\"column\" data-e-type=\"column\">\n\t\t\t<div class=\"elementor-widget-wrap elementor-element-populated\">\n\t\t\t\t\t\t<div class=\"elementor-element elementor-element-7a6eba3 elementor-align-left elementor-mobile-align-center elementor-widget elementor-widget-button\" data-id=\"7a6eba3\" data-element_type=\"widget\" data-e-type=\"widget\" data-widget_type=\"button.default\">\n\t\t\t\t<div class=\"elementor-widget-container\">\n\t\t\t\t\t\t\t\t\t<div class=\"elementor-button-wrapper\">\n\t\t\t\t\t<a class=\"elementor-button elementor-button-link elementor-size-md elementor-animation-shrink\" href=\"https:\/\/www.sussner.net\/reise_infos\/reiserouten\/1992-2000\/2000-hawaii\/\">\n\t\t\t\t\t\t<span class=\"elementor-button-content-wrapper\">\n\t\t\t\t\t\t<span class=\"elementor-button-icon\">\n\t\t\t\t<i aria-hidden=\"true\" class=\"fas fa-arrow-circle-right\"><\/i>\t\t\t<\/span>\n\t\t\t\t\t\t\t\t\t<span class=\"elementor-button-text\">Next<\/span>\n\t\t\t\t\t<\/span>\n\t\t\t\t\t<\/a>\n\t\t\t\t<\/div>\n\t\t\t\t\t\t\t\t<\/div>\n\t\t\t\t<\/div>\n\t\t\t\t\t<\/div>\n\t\t<\/div>\n\t\t\t\t\t<\/div>\n\t\t<\/section>\n\t\t\t\t<\/div>\n\t\t","protected":false},"excerpt":{"rendered":"<p>USA 1999 Der S\u00fcdwesten und Yellowstone Fakten zur Tour Hotelbewertung Zeitpunkt der Tour: Anfang September &#8211; Ende SeptemberStart-und Endpunkt: San FranciscoFlug:\u00a0N\u00fcrnberg &#8211; M\u00fcnchen &#8211; San Francisco &#8211; Frankfurt &#8211; N\u00fcrnberg (Lufthansa)Auto:\u00a0Kleinwagen bei Alamo \u00fcber das Reiseb\u00fcroDauer der Tour: 21 Tage *************** Sehr gut, hier passte allesGut, wir haben uns wohl gef\u00fchltEntspricht dem StandardSehr einfach aber [&hellip;]<\/p>\n","protected":false},"author":1,"featured_media":0,"parent":92907,"menu_order":4,"comment_status":"closed","ping_status":"closed","template":"","meta":{"ocean_post_layout":"full-screen","ocean_both_sidebars_style":"","ocean_both_sidebars_content_width":0,"ocean_both_sidebars_sidebars_width":0,"ocean_sidebar":"0","ocean_second_sidebar":"0","ocean_disable_margins":"on","ocean_add_body_class":"","ocean_shortcode_before_top_bar":"","ocean_shortcode_after_top_bar":"","ocean_shortcode_before_header":"","ocean_shortcode_after_header":"","ocean_has_shortcode":"","ocean_shortcode_after_title":"","ocean_shortcode_before_footer_widgets":"","ocean_shortcode_after_footer_widgets":"","ocean_shortcode_before_footer_bottom":"","ocean_shortcode_after_footer_bottom":"","ocean_display_top_bar":"off","ocean_display_header":"on","ocean_header_style":"","ocean_center_header_left_menu":"0","ocean_custom_header_template":"0","ocean_custom_logo":0,"ocean_custom_retina_logo":0,"ocean_custom_logo_max_width":0,"ocean_custom_logo_tablet_max_width":0,"ocean_custom_logo_mobile_max_width":0,"ocean_custom_logo_max_height":0,"ocean_custom_logo_tablet_max_height":0,"ocean_custom_logo_mobile_max_height":0,"ocean_header_custom_menu":"10","ocean_menu_typo_font_family":"0","ocean_menu_typo_font_subset":"","ocean_menu_typo_font_size":0,"ocean_menu_typo_font_size_tablet":0,"ocean_menu_typo_font_size_mobile":0,"ocean_menu_typo_font_size_unit":"px","ocean_menu_typo_font_weight":"","ocean_menu_typo_font_weight_tablet":"","ocean_menu_typo_font_weight_mobile":"","ocean_menu_typo_transform":"","ocean_menu_typo_transform_tablet":"","ocean_menu_typo_transform_mobile":"","ocean_menu_typo_line_height":0,"ocean_menu_typo_line_height_tablet":0,"ocean_menu_typo_line_height_mobile":0,"ocean_menu_typo_line_height_unit":"","ocean_menu_typo_spacing":0,"ocean_menu_typo_spacing_tablet":0,"ocean_menu_typo_spacing_mobile":0,"ocean_menu_typo_spacing_unit":"","ocean_menu_link_color":"","ocean_menu_link_color_hover":"","ocean_menu_link_color_active":"","ocean_menu_link_background":"","ocean_menu_link_hover_background":"","ocean_menu_link_active_background":"","ocean_menu_social_links_bg":"","ocean_menu_social_hover_links_bg":"","ocean_menu_social_links_color":"","ocean_menu_social_hover_links_color":"","ocean_disable_title":"on","ocean_disable_heading":"default","ocean_post_title":"","ocean_post_subheading":"","ocean_post_title_style":"","ocean_post_title_background_color":"","ocean_post_title_background":0,"ocean_post_title_bg_image_position":"","ocean_post_title_bg_image_attachment":"","ocean_post_title_bg_image_repeat":"","ocean_post_title_bg_image_size":"","ocean_post_title_height":0,"ocean_post_title_bg_overlay":0.5,"ocean_post_title_bg_overlay_color":"","ocean_disable_breadcrumbs":"default","ocean_breadcrumbs_color":"","ocean_breadcrumbs_separator_color":"","ocean_breadcrumbs_links_color":"","ocean_breadcrumbs_links_hover_color":"","ocean_display_footer_widgets":"off","ocean_display_footer_bottom":"off","ocean_custom_footer_template":"0","footnotes":""},"class_list":["post-74349","page","type-page","status-publish","hentry","entry"],"_links":{"self":[{"href":"https:\/\/www.sussner.net\/en\/wp-json\/wp\/v2\/pages\/74349","targetHints":{"allow":["GET"]}}],"collection":[{"href":"https:\/\/www.sussner.net\/en\/wp-json\/wp\/v2\/pages"}],"about":[{"href":"https:\/\/www.sussner.net\/en\/wp-json\/wp\/v2\/types\/page"}],"author":[{"embeddable":true,"href":"https:\/\/www.sussner.net\/en\/wp-json\/wp\/v2\/users\/1"}],"replies":[{"embeddable":true,"href":"https:\/\/www.sussner.net\/en\/wp-json\/wp\/v2\/comments?post=74349"}],"version-history":[{"count":0,"href":"https:\/\/www.sussner.net\/en\/wp-json\/wp\/v2\/pages\/74349\/revisions"}],"up":[{"embeddable":true,"href":"https:\/\/www.sussner.net\/en\/wp-json\/wp\/v2\/pages\/92907"}],"wp:attachment":[{"href":"https:\/\/www.sussner.net\/en\/wp-json\/wp\/v2\/media?parent=74349"}],"curies":[{"name":"wp","href":"https:\/\/api.w.org\/{rel}","templated":true}]}}