{"id":74338,"date":"2021-04-29T18:31:47","date_gmt":"2021-04-29T16:31:47","guid":{"rendered":"https:\/\/www.sussner.net\/?page_id=74338"},"modified":"2026-02-28T12:51:07","modified_gmt":"2026-02-28T11:51:07","slug":"1992-der-suedwesten-und-new-york","status":"publish","type":"page","link":"https:\/\/www.sussner.net\/en\/reise_infos\/reiserouten\/1992-2000\/1992-der-suedwesten-und-new-york\/","title":{"rendered":"1992 The Southwest and New York City"},"content":{"rendered":"\t\t<div data-elementor-type=\"wp-page\" data-elementor-id=\"74338\" class=\"elementor elementor-74338\" data-elementor-settings=\"{&quot;element_pack_global_tooltip_width&quot;:{&quot;unit&quot;:&quot;px&quot;,&quot;size&quot;:&quot;&quot;,&quot;sizes&quot;:[]},&quot;element_pack_global_tooltip_width_tablet&quot;:{&quot;unit&quot;:&quot;px&quot;,&quot;size&quot;:&quot;&quot;,&quot;sizes&quot;:[]},&quot;element_pack_global_tooltip_width_mobile&quot;:{&quot;unit&quot;:&quot;px&quot;,&quot;size&quot;:&quot;&quot;,&quot;sizes&quot;:[]},&quot;element_pack_global_tooltip_padding&quot;:{&quot;unit&quot;:&quot;px&quot;,&quot;top&quot;:&quot;&quot;,&quot;right&quot;:&quot;&quot;,&quot;bottom&quot;:&quot;&quot;,&quot;left&quot;:&quot;&quot;,&quot;isLinked&quot;:true},&quot;element_pack_global_tooltip_padding_tablet&quot;:{&quot;unit&quot;:&quot;px&quot;,&quot;top&quot;:&quot;&quot;,&quot;right&quot;:&quot;&quot;,&quot;bottom&quot;:&quot;&quot;,&quot;left&quot;:&quot;&quot;,&quot;isLinked&quot;:true},&quot;element_pack_global_tooltip_padding_mobile&quot;:{&quot;unit&quot;:&quot;px&quot;,&quot;top&quot;:&quot;&quot;,&quot;right&quot;:&quot;&quot;,&quot;bottom&quot;:&quot;&quot;,&quot;left&quot;:&quot;&quot;,&quot;isLinked&quot;:true},&quot;element_pack_global_tooltip_border_radius&quot;:{&quot;unit&quot;:&quot;px&quot;,&quot;top&quot;:&quot;&quot;,&quot;right&quot;:&quot;&quot;,&quot;bottom&quot;:&quot;&quot;,&quot;left&quot;:&quot;&quot;,&quot;isLinked&quot;:true},&quot;element_pack_global_tooltip_border_radius_tablet&quot;:{&quot;unit&quot;:&quot;px&quot;,&quot;top&quot;:&quot;&quot;,&quot;right&quot;:&quot;&quot;,&quot;bottom&quot;:&quot;&quot;,&quot;left&quot;:&quot;&quot;,&quot;isLinked&quot;:true},&quot;element_pack_global_tooltip_border_radius_mobile&quot;:{&quot;unit&quot;:&quot;px&quot;,&quot;top&quot;:&quot;&quot;,&quot;right&quot;:&quot;&quot;,&quot;bottom&quot;:&quot;&quot;,&quot;left&quot;:&quot;&quot;,&quot;isLinked&quot;:true}}\">\n\t\t\t\t\t\t<section class=\"elementor-section elementor-top-section elementor-element elementor-element-52a3d64 elementor-section-full_width elementor-section-height-min-height elementor-section-items-stretch elementor-section-height-default\" data-id=\"52a3d64\" data-element_type=\"section\" data-e-type=\"section\" data-settings=\"{&quot;background_background&quot;:&quot;classic&quot;}\">\n\t\t\t\t\t\t<div class=\"elementor-container elementor-column-gap-default\">\n\t\t\t\t\t<div class=\"elementor-column elementor-col-100 elementor-top-column elementor-element elementor-element-194b2ba\" data-id=\"194b2ba\" data-element_type=\"column\" data-e-type=\"column\">\n\t\t\t<div class=\"elementor-widget-wrap elementor-element-populated\">\n\t\t\t\t\t\t<div class=\"elementor-element elementor-element-2285035 elementor-widget elementor-widget-heading\" data-id=\"2285035\" data-element_type=\"widget\" data-e-type=\"widget\" data-widget_type=\"heading.default\">\n\t\t\t\t<div class=\"elementor-widget-container\">\n\t\t\t\t\t<h2 class=\"elementor-heading-title elementor-size-default\">USA 1992 Der S\u00fcdwesten und New York<\/h2>\t\t\t\t<\/div>\n\t\t\t\t<\/div>\n\t\t\t\t\t<\/div>\n\t\t<\/div>\n\t\t\t\t\t<\/div>\n\t\t<\/section>\n\t\t\t\t<section class=\"elementor-section elementor-top-section elementor-element elementor-element-9328900 elementor-section-boxed elementor-section-height-default elementor-section-height-default\" data-id=\"9328900\" data-element_type=\"section\" data-e-type=\"section\" data-settings=\"{&quot;background_background&quot;:&quot;gradient&quot;}\">\n\t\t\t\t\t\t<div class=\"elementor-container elementor-column-gap-default\">\n\t\t\t\t\t<div class=\"elementor-column elementor-col-100 elementor-top-column elementor-element elementor-element-02e8fb7\" data-id=\"02e8fb7\" data-element_type=\"column\" data-e-type=\"column\">\n\t\t\t<div class=\"elementor-widget-wrap elementor-element-populated\">\n\t\t\t\t\t\t<section class=\"elementor-section elementor-inner-section elementor-element elementor-element-72de5ef elementor-section-boxed elementor-section-height-default elementor-section-height-default\" data-id=\"72de5ef\" data-element_type=\"section\" data-e-type=\"section\">\n\t\t\t\t\t\t<div class=\"elementor-container elementor-column-gap-default\">\n\t\t\t\t\t<div class=\"elementor-column elementor-col-50 elementor-inner-column elementor-element elementor-element-aa5c6bf\" data-id=\"aa5c6bf\" data-element_type=\"column\" data-e-type=\"column\">\n\t\t\t<div class=\"elementor-widget-wrap elementor-element-populated\">\n\t\t\t\t\t\t<div class=\"elementor-element elementor-element-3d352aa elementor-widget elementor-widget-text-editor\" data-id=\"3d352aa\" data-element_type=\"widget\" data-e-type=\"widget\" data-widget_type=\"text-editor.default\">\n\t\t\t\t<div class=\"elementor-widget-container\">\n\t\t\t\t\t\t\t\t\t<p>Fakten zur Tour<\/p>\t\t\t\t\t\t\t\t<\/div>\n\t\t\t\t<\/div>\n\t\t\t\t<div class=\"elementor-element elementor-element-fc9362f elementor-widget-divider--view-line elementor-widget elementor-widget-divider\" data-id=\"fc9362f\" data-element_type=\"widget\" data-e-type=\"widget\" data-widget_type=\"divider.default\">\n\t\t\t\t<div class=\"elementor-widget-container\">\n\t\t\t\t\t\t\t<div class=\"elementor-divider\">\n\t\t\t<span class=\"elementor-divider-separator\">\n\t\t\t\t\t\t<\/span>\n\t\t<\/div>\n\t\t\t\t\t\t<\/div>\n\t\t\t\t<\/div>\n\t\t\t\t\t<\/div>\n\t\t<\/div>\n\t\t\t\t<div class=\"elementor-column elementor-col-50 elementor-inner-column elementor-element elementor-element-7218b52 elementor-hidden-phone\" data-id=\"7218b52\" data-element_type=\"column\" data-e-type=\"column\">\n\t\t\t<div class=\"elementor-widget-wrap elementor-element-populated\">\n\t\t\t\t\t\t<div class=\"elementor-element elementor-element-f5207cf elementor-widget elementor-widget-text-editor\" data-id=\"f5207cf\" data-element_type=\"widget\" data-e-type=\"widget\" data-widget_type=\"text-editor.default\">\n\t\t\t\t<div class=\"elementor-widget-container\">\n\t\t\t\t\t\t\t\t\t<p>Hotelbewertung<\/p>\t\t\t\t\t\t\t\t<\/div>\n\t\t\t\t<\/div>\n\t\t\t\t<div class=\"elementor-element elementor-element-1972228 elementor-widget-divider--view-line elementor-widget elementor-widget-divider\" data-id=\"1972228\" data-element_type=\"widget\" data-e-type=\"widget\" data-widget_type=\"divider.default\">\n\t\t\t\t<div class=\"elementor-widget-container\">\n\t\t\t\t\t\t\t<div class=\"elementor-divider\">\n\t\t\t<span class=\"elementor-divider-separator\">\n\t\t\t\t\t\t<\/span>\n\t\t<\/div>\n\t\t\t\t\t\t<\/div>\n\t\t\t\t<\/div>\n\t\t\t\t\t<\/div>\n\t\t<\/div>\n\t\t\t\t\t<\/div>\n\t\t<\/section>\n\t\t\t\t<section class=\"elementor-section elementor-inner-section elementor-element elementor-element-e548e45 elementor-section-boxed elementor-section-height-default elementor-section-height-default\" data-id=\"e548e45\" data-element_type=\"section\" data-e-type=\"section\">\n\t\t\t\t\t\t<div class=\"elementor-container elementor-column-gap-default\">\n\t\t\t\t\t<div class=\"elementor-column elementor-col-50 elementor-inner-column elementor-element elementor-element-07d103c\" data-id=\"07d103c\" data-element_type=\"column\" data-e-type=\"column\">\n\t\t\t<div class=\"elementor-widget-wrap elementor-element-populated\">\n\t\t\t\t\t\t<div class=\"elementor-element elementor-element-0358cf4 elementor-widget elementor-widget-text-editor\" data-id=\"0358cf4\" data-element_type=\"widget\" data-e-type=\"widget\" data-widget_type=\"text-editor.default\">\n\t\t\t\t<div class=\"elementor-widget-container\">\n\t\t\t\t\t\t\t\t\t<p><span style=\"text-decoration: underline;\"><strong>Zeitpunkt der Tour:<\/strong><\/span> Mitte August &#8211; Anfang September<br \/><span style=\"text-decoration: underline;\"><strong>Start-und Endpunkt:<\/strong><\/span> San Francisco &#8211; Las Vegas\/New York City<br \/><strong><span style=\"text-decoration: underline;\">Flug:<\/span><\/strong>\u00a0Frankfurt &#8211; New York &#8211; Pittsburgh &#8211; San Francisco (Hapag-Lloyd\/US-Air)<br \/><span style=\"text-decoration: underline;\"><strong>Auto:<\/strong><\/span>\u00a0Van bei Alamo \u00fcber das Reiseb\u00fcro<br \/><span style=\"text-decoration: underline;\"><strong>Dauer der Tour:<\/strong><\/span> 22 Tage<\/p>\t\t\t\t\t\t\t\t<\/div>\n\t\t\t\t<\/div>\n\t\t\t\t\t<\/div>\n\t\t<\/div>\n\t\t\t\t<div class=\"elementor-column elementor-col-25 elementor-inner-column elementor-element elementor-element-e5e3155 elementor-hidden-phone\" data-id=\"e5e3155\" data-element_type=\"column\" data-e-type=\"column\">\n\t\t\t<div class=\"elementor-widget-wrap elementor-element-populated\">\n\t\t\t\t\t\t<div class=\"elementor-element elementor-element-bde67bd elementor-widget elementor-widget-text-editor\" data-id=\"bde67bd\" data-element_type=\"widget\" data-e-type=\"widget\" data-widget_type=\"text-editor.default\">\n\t\t\t\t<div class=\"elementor-widget-container\">\n\t\t\t\t\t\t\t\t\t<p>*****<br \/>****<br \/>***<br \/>**<br \/>*<\/p>\t\t\t\t\t\t\t\t<\/div>\n\t\t\t\t<\/div>\n\t\t\t\t\t<\/div>\n\t\t<\/div>\n\t\t\t\t<div class=\"elementor-column elementor-col-25 elementor-inner-column elementor-element elementor-element-faaef13 elementor-hidden-phone\" data-id=\"faaef13\" data-element_type=\"column\" data-e-type=\"column\">\n\t\t\t<div class=\"elementor-widget-wrap elementor-element-populated\">\n\t\t\t\t\t\t<div class=\"elementor-element elementor-element-2e26084 elementor-widget elementor-widget-text-editor\" data-id=\"2e26084\" data-element_type=\"widget\" data-e-type=\"widget\" data-widget_type=\"text-editor.default\">\n\t\t\t\t<div class=\"elementor-widget-container\">\n\t\t\t\t\t\t\t\t\t<p>Sehr gut, hier passte alles<br \/>Gut, wir haben uns wohl gef\u00fchlt<br \/>Entspricht dem Standard<br \/>Sehr einfach aber sauber<br \/>Nie mehr wieder<\/p>\t\t\t\t\t\t\t\t<\/div>\n\t\t\t\t<\/div>\n\t\t\t\t\t<\/div>\n\t\t<\/div>\n\t\t\t\t\t<\/div>\n\t\t<\/section>\n\t\t\t\t<section class=\"elementor-section elementor-inner-section elementor-element elementor-element-f8a47cb elementor-section-boxed elementor-section-height-default elementor-section-height-default\" data-id=\"f8a47cb\" data-element_type=\"section\" data-e-type=\"section\">\n\t\t\t\t\t\t<div class=\"elementor-container elementor-column-gap-default\">\n\t\t\t\t\t<div class=\"elementor-column elementor-col-100 elementor-inner-column elementor-element elementor-element-7737aa3\" data-id=\"7737aa3\" data-element_type=\"column\" data-e-type=\"column\">\n\t\t\t<div class=\"elementor-widget-wrap elementor-element-populated\">\n\t\t\t\t\t\t<div class=\"elementor-element elementor-element-9c4282b elementor-widget elementor-widget-text-editor\" data-id=\"9c4282b\" data-element_type=\"widget\" data-e-type=\"widget\" data-widget_type=\"text-editor.default\">\n\t\t\t\t<div class=\"elementor-widget-container\">\n\t\t\t\t\t\t\t\t\t<p>Dieses ist meine (Ursula) erste Tour die ich 1992 zusammen mit meinen Eltern unternommen habe. In den 90ern haben wir leider noch nicht so viele Notizen zu unserer Reise gemacht. Bei vielen Dingen die wir unternommen haben hat sich mittlerweile viel ge\u00e4ndert. Einige Hotels in denen wir \u00fcbernachtet haben existieren nicht mehr und deswegen macht eine Bewertung nach \u00fcber 30 Jahren auch nicht mehr viel Sinn. So findet sich hier nur die Route mit den Orten an denen wir \u00fcbernachtet haben.<\/p>\t\t\t\t\t\t\t\t<\/div>\n\t\t\t\t<\/div>\n\t\t\t\t\t<\/div>\n\t\t<\/div>\n\t\t\t\t\t<\/div>\n\t\t<\/section>\n\t\t\t\t\t<\/div>\n\t\t<\/div>\n\t\t\t\t\t<\/div>\n\t\t<\/section>\n\t\t\t\t<section class=\"elementor-section elementor-top-section elementor-element elementor-element-479e9af elementor-section-full_width elementor-section-height-default elementor-section-height-default\" data-id=\"479e9af\" data-element_type=\"section\" data-e-type=\"section\" data-settings=\"{&quot;background_background&quot;:&quot;gradient&quot;}\">\n\t\t\t\t\t\t<div class=\"elementor-container elementor-column-gap-wide\">\n\t\t\t\t\t<div class=\"elementor-column elementor-col-100 elementor-top-column elementor-element elementor-element-eda383a\" data-id=\"eda383a\" data-element_type=\"column\" data-e-type=\"column\">\n\t\t\t<div class=\"elementor-widget-wrap elementor-element-populated\">\n\t\t\t\t\t\t<div class=\"elementor-element elementor-element-dac6b17 elementor-widget elementor-widget-bdt-open-street-map\" data-id=\"dac6b17\" data-element_type=\"widget\" data-e-type=\"widget\" data-widget_type=\"bdt-open-street-map.default\">\n\t\t\t\t<div class=\"elementor-widget-container\">\n\t\t\t\t\t\t\t\t<div class=\"bdt-open-street-map\" style=\"width: auto; min-height: 400px;\" data-settings=\"{&quot;mapboxToken&quot;:&quot;pk.eyJ1Ijoic3Vzc25lciIsImEiOiJjanF0dHc0N3IwY2NxNDNueWw5MHBieWwyIn0.VUMPPqO_aMkY7-s67tqcgg&quot;,&quot;lat&quot;:&quot; 37.615557&quot;,&quot;lng&quot;:&quot;-109.478548&quot;,&quot;zoomControl&quot;:true,&quot;zoom&quot;:5}\" data-map_markers=\"[{&quot;lat&quot;:&quot; 37.615557&quot;,&quot;lng&quot;:&quot;-109.478548&quot;,&quot;title&quot;:&quot;Best Western, Blanding&quot;,&quot;iconUrl&quot;:&quot;https:\\\/\\\/www.sussner.net\\\/wp-content\\\/uploads\\\/2020\\\/05\\\/Hotel-1.png&quot;,&quot;infoWindow&quot;:&quot;Best Western, Blanding (Motel existiert nicht mehr)&quot;},{&quot;lat&quot;:&quot; 36.112194&quot;,&quot;lng&quot;:&quot;-115.175223&quot;,&quot;title&quot;:&quot;Dunes, Las Vegas&quot;,&quot;iconUrl&quot;:&quot;https:\\\/\\\/www.sussner.net\\\/wp-content\\\/uploads\\\/2020\\\/05\\\/Hotel-1.png&quot;,&quot;infoWindow&quot;:&quot;Dunes, Las Vegas (existiert nicht mehr)&quot;},{&quot;lat&quot;:&quot; 37.807698&quot;,&quot;lng&quot;:&quot;-122.414141&quot;,&quot;title&quot;:&quot;Travelodge Fishermans Wharf&quot;,&quot;iconUrl&quot;:&quot;https:\\\/\\\/www.sussner.net\\\/wp-content\\\/uploads\\\/2020\\\/05\\\/Hotel-1.png&quot;,&quot;infoWindow&quot;:&quot;Travelodge Fishermans Wharf (existiert nicht mehr)&quot;},{&quot;lat&quot;:&quot; 34.034242&quot;,&quot;lng&quot;:&quot;-118.433319&quot;,&quot;title&quot;:&quot;Best Western, Santa Monica&quot;,&quot;iconUrl&quot;:&quot;https:\\\/\\\/www.sussner.net\\\/wp-content\\\/uploads\\\/2020\\\/05\\\/Hotel-1.png&quot;,&quot;infoWindow&quot;:&quot;Best Western, Santa Monica&quot;},{&quot;lat&quot;:&quot; 32.760673&quot;,&quot;lng&quot;:&quot;-117.186067&quot;,&quot;title&quot;:&quot;Motel 6, San Diego&quot;,&quot;iconUrl&quot;:&quot;https:\\\/\\\/www.sussner.net\\\/wp-content\\\/uploads\\\/2020\\\/05\\\/Hotel-1.png&quot;,&quot;infoWindow&quot;:&quot;Motel 6, San Diego&quot;},{&quot;lat&quot;:&quot; 37.823162&quot;,&quot;lng&quot;:&quot;-112.432170&quot;,&quot;title&quot;:&quot;Best Western, Panguitch&quot;,&quot;iconUrl&quot;:&quot;https:\\\/\\\/www.sussner.net\\\/wp-content\\\/uploads\\\/2020\\\/05\\\/Hotel-1.png&quot;,&quot;infoWindow&quot;:&quot;Best Western, Panguitch (Motel ist kein Best Western mehr)&quot;},{&quot;lat&quot;:&quot; 38.992668&quot;,&quot;lng&quot;:&quot;-110.141612&quot;,&quot;title&quot;:&quot;Best Western, Green River&quot;,&quot;iconUrl&quot;:&quot;https:\\\/\\\/www.sussner.net\\\/wp-content\\\/uploads\\\/2020\\\/05\\\/Hotel-1.png&quot;,&quot;infoWindow&quot;:&quot;Best Western, Green River (Motel ist kein Best Western mehr)&quot;},{&quot;lat&quot;:&quot; 36.920276&quot;,&quot;lng&quot;:&quot;-111.462679&quot;,&quot;title&quot;:&quot;Best Western Plus at Lake Powell, Page&quot;,&quot;iconUrl&quot;:&quot;https:\\\/\\\/www.sussner.net\\\/wp-content\\\/uploads\\\/2020\\\/05\\\/Hotel-1.png&quot;,&quot;infoWindow&quot;:&quot;Best Western Plus at Lake Powell, Page (hier haben wir nach 1992 noch mehrere Male \\u00fcbernachtet)&quot;},{&quot;lat&quot;:&quot; 35.212312&quot;,&quot;lng&quot;:&quot;-114.014461&quot;,&quot;title&quot;:&quot;Best Western Plus King\\u00b4s Inn, Kingman&quot;,&quot;iconUrl&quot;:&quot;https:\\\/\\\/www.sussner.net\\\/wp-content\\\/uploads\\\/2020\\\/05\\\/Hotel-1.png&quot;,&quot;infoWindow&quot;:&quot;Best Western Plus King\\u00b4s Inn, Kingman&quot;},{&quot;lat&quot;:&quot; 35.211412&quot;,&quot;lng&quot;:&quot;-111.604170&quot;,&quot;title&quot;:&quot;Best Western Pony Soldier Inn &amp; Suits, Flagstaff&quot;,&quot;iconUrl&quot;:&quot;https:\\\/\\\/www.sussner.net\\\/wp-content\\\/uploads\\\/2020\\\/05\\\/Hotel-1.png&quot;,&quot;infoWindow&quot;:&quot;Best Western Pony Soldier Inn &amp; Suits, Flagstaff&quot;},{&quot;lat&quot;:&quot; 40.750163&quot;,&quot;lng&quot;:&quot;-73.991163&quot;,&quot;title&quot;:&quot;Hotel Pennsylvania, New York City&quot;,&quot;iconUrl&quot;:&quot;https:\\\/\\\/www.sussner.net\\\/wp-content\\\/uploads\\\/2020\\\/05\\\/Hotel-1.png&quot;,&quot;infoWindow&quot;:&quot;Hotel Pennsylvania, New York City&quot;}]\"><\/div>\n\t\t    \t\t\t\t<\/div>\n\t\t\t\t<\/div>\n\t\t\t\t\t<\/div>\n\t\t<\/div>\n\t\t\t\t\t<\/div>\n\t\t<\/section>\n\t\t\t\t<section class=\"elementor-section elementor-top-section elementor-element elementor-element-38f8e351 elementor-section-full_width elementor-section-height-default elementor-section-height-default\" data-id=\"38f8e351\" data-element_type=\"section\" data-e-type=\"section\" data-settings=\"{&quot;background_background&quot;:&quot;gradient&quot;}\">\n\t\t\t\t\t\t<div class=\"elementor-container elementor-column-gap-default\">\n\t\t\t\t\t<div class=\"elementor-column elementor-col-100 elementor-top-column elementor-element elementor-element-7518bf03\" data-id=\"7518bf03\" data-element_type=\"column\" data-e-type=\"column\">\n\t\t\t<div class=\"elementor-widget-wrap elementor-element-populated\">\n\t\t\t\t\t\t<div class=\"elementor-element elementor-element-4a82c0b3 elementor-widget elementor-widget-text-editor\" data-id=\"4a82c0b3\" data-element_type=\"widget\" data-e-type=\"widget\" data-widget_type=\"text-editor.default\">\n\t\t\t\t<div class=\"elementor-widget-container\">\n\t\t\t\t\t\t\t\t\t<p>Erinnerungen zur Tour<\/p>\t\t\t\t\t\t\t\t<\/div>\n\t\t\t\t<\/div>\n\t\t\t\t<div class=\"elementor-element elementor-element-34693b67 elementor-widget-divider--view-line elementor-widget elementor-widget-divider\" data-id=\"34693b67\" data-element_type=\"widget\" data-e-type=\"widget\" data-widget_type=\"divider.default\">\n\t\t\t\t<div class=\"elementor-widget-container\">\n\t\t\t\t\t\t\t<div class=\"elementor-divider\">\n\t\t\t<span class=\"elementor-divider-separator\">\n\t\t\t\t\t\t<\/span>\n\t\t<\/div>\n\t\t\t\t\t\t<\/div>\n\t\t\t\t<\/div>\n\t\t\t\t<div class=\"elementor-element elementor-element-43a42da9 elementor-widget elementor-widget-text-editor\" data-id=\"43a42da9\" data-element_type=\"widget\" data-e-type=\"widget\" data-widget_type=\"text-editor.default\">\n\t\t\t\t<div class=\"elementor-widget-container\">\n\t\t\t\t\t\t\t\t\t<p>Diese Tour war im Prinzip typisch f\u00fcr Erstreisende im S\u00fcdwesten. 1992 stranden uns im Prinzip nur Reisef\u00fchrer f\u00fcr die Planung zur Verf\u00fcgung und so haben wir dann auch haupts\u00e4chlich die da beschriebenen Highlights angefahren. So sind wir in 18 Tagen von San Francisco bis Las Vegas gefahren und waren anschlie\u00dfend f\u00fcr 4 Tage in New York City.<\/p><p>Eine Sache war f\u00fcr mich allerdings sofort klar und das war die Tatsache, dass ich auf jeden Fall wieder kommen w\u00fcrde. Wie viel mehr die USA allerdings wirklich zu bieten hatte, wurde dann aber erst im Laufe der vielen weiteren Besuche klar.<\/p>\t\t\t\t\t\t\t\t<\/div>\n\t\t\t\t<\/div>\n\t\t\t\t\t<\/div>\n\t\t<\/div>\n\t\t\t\t\t<\/div>\n\t\t<\/section>\n\t\t\t\t<section class=\"elementor-section elementor-top-section elementor-element elementor-element-0c4750b elementor-section-full_width elementor-section-height-default elementor-section-height-default\" data-id=\"0c4750b\" data-element_type=\"section\" data-e-type=\"section\" data-settings=\"{&quot;background_background&quot;:&quot;classic&quot;}\">\n\t\t\t\t\t\t<div class=\"elementor-container elementor-column-gap-default\">\n\t\t\t\t\t<div class=\"elementor-column elementor-col-50 elementor-top-column elementor-element elementor-element-5049288\" data-id=\"5049288\" data-element_type=\"column\" data-e-type=\"column\">\n\t\t\t<div class=\"elementor-widget-wrap elementor-element-populated\">\n\t\t\t\t\t\t<div class=\"elementor-element elementor-element-22860c4 elementor-align-right elementor-mobile-align-center elementor-widget elementor-widget-button\" data-id=\"22860c4\" data-element_type=\"widget\" data-e-type=\"widget\" data-widget_type=\"button.default\">\n\t\t\t\t<div class=\"elementor-widget-container\">\n\t\t\t\t\t\t\t\t\t<div class=\"elementor-button-wrapper\">\n\t\t\t\t\t<a class=\"elementor-button elementor-button-link elementor-size-md elementor-animation-shrink\" href=\"https:\/\/www.sussner.net\/reise_infos\/rund-um-den-mietwagen\/unsere-mietwaegen\/\">\n\t\t\t\t\t\t<span class=\"elementor-button-content-wrapper\">\n\t\t\t\t\t\t<span class=\"elementor-button-icon\">\n\t\t\t\t<i aria-hidden=\"true\" class=\"fas fa-arrow-circle-left\"><\/i>\t\t\t<\/span>\n\t\t\t\t\t\t\t\t\t<span class=\"elementor-button-text\">Prev<\/span>\n\t\t\t\t\t<\/span>\n\t\t\t\t\t<\/a>\n\t\t\t\t<\/div>\n\t\t\t\t\t\t\t\t<\/div>\n\t\t\t\t<\/div>\n\t\t\t\t\t<\/div>\n\t\t<\/div>\n\t\t\t\t<div class=\"elementor-column elementor-col-50 elementor-top-column elementor-element elementor-element-6293186\" data-id=\"6293186\" data-element_type=\"column\" data-e-type=\"column\">\n\t\t\t<div class=\"elementor-widget-wrap elementor-element-populated\">\n\t\t\t\t\t\t<div class=\"elementor-element elementor-element-4b9e2eb elementor-align-left elementor-mobile-align-center elementor-widget elementor-widget-button\" data-id=\"4b9e2eb\" data-element_type=\"widget\" data-e-type=\"widget\" data-widget_type=\"button.default\">\n\t\t\t\t<div class=\"elementor-widget-container\">\n\t\t\t\t\t\t\t\t\t<div class=\"elementor-button-wrapper\">\n\t\t\t\t\t<a class=\"elementor-button elementor-button-link elementor-size-md elementor-animation-shrink\" href=\"https:\/\/www.sussner.net\/reise_infos\/reiserouten\/1992-2000\/1994-einmal-quer-durch-die-usa\/\">\n\t\t\t\t\t\t<span class=\"elementor-button-content-wrapper\">\n\t\t\t\t\t\t<span class=\"elementor-button-icon\">\n\t\t\t\t<i aria-hidden=\"true\" class=\"fas fa-arrow-circle-right\"><\/i>\t\t\t<\/span>\n\t\t\t\t\t\t\t\t\t<span class=\"elementor-button-text\">Next<\/span>\n\t\t\t\t\t<\/span>\n\t\t\t\t\t<\/a>\n\t\t\t\t<\/div>\n\t\t\t\t\t\t\t\t<\/div>\n\t\t\t\t<\/div>\n\t\t\t\t\t<\/div>\n\t\t<\/div>\n\t\t\t\t\t<\/div>\n\t\t<\/section>\n\t\t\t\t<\/div>\n\t\t","protected":false},"excerpt":{"rendered":"<p>USA 1992 Der S\u00fcdwesten und New York Fakten zur Tour Hotelbewertung Zeitpunkt der Tour: Mitte August &#8211; Anfang SeptemberStart-und Endpunkt: San Francisco &#8211; Las Vegas\/New York CityFlug:\u00a0Frankfurt &#8211; New York &#8211; Pittsburgh &#8211; San Francisco (Hapag-Lloyd\/US-Air)Auto:\u00a0Van bei Alamo \u00fcber das Reiseb\u00fcroDauer der Tour: 22 Tage *************** Sehr gut, hier passte allesGut, wir haben uns wohl [&hellip;]<\/p>\n","protected":false},"author":1,"featured_media":0,"parent":92907,"menu_order":0,"comment_status":"closed","ping_status":"closed","template":"","meta":{"ocean_post_layout":"full-screen","ocean_both_sidebars_style":"","ocean_both_sidebars_content_width":0,"ocean_both_sidebars_sidebars_width":0,"ocean_sidebar":"0","ocean_second_sidebar":"0","ocean_disable_margins":"on","ocean_add_body_class":"","ocean_shortcode_before_top_bar":"","ocean_shortcode_after_top_bar":"","ocean_shortcode_before_header":"","ocean_shortcode_after_header":"","ocean_has_shortcode":"","ocean_shortcode_after_title":"","ocean_shortcode_before_footer_widgets":"","ocean_shortcode_after_footer_widgets":"","ocean_shortcode_before_footer_bottom":"","ocean_shortcode_after_footer_bottom":"","ocean_display_top_bar":"off","ocean_display_header":"on","ocean_header_style":"","ocean_center_header_left_menu":"0","ocean_custom_header_template":"0","ocean_custom_logo":0,"ocean_custom_retina_logo":0,"ocean_custom_logo_max_width":0,"ocean_custom_logo_tablet_max_width":0,"ocean_custom_logo_mobile_max_width":0,"ocean_custom_logo_max_height":0,"ocean_custom_logo_tablet_max_height":0,"ocean_custom_logo_mobile_max_height":0,"ocean_header_custom_menu":"10","ocean_menu_typo_font_family":"0","ocean_menu_typo_font_subset":"","ocean_menu_typo_font_size":0,"ocean_menu_typo_font_size_tablet":0,"ocean_menu_typo_font_size_mobile":0,"ocean_menu_typo_font_size_unit":"px","ocean_menu_typo_font_weight":"","ocean_menu_typo_font_weight_tablet":"","ocean_menu_typo_font_weight_mobile":"","ocean_menu_typo_transform":"","ocean_menu_typo_transform_tablet":"","ocean_menu_typo_transform_mobile":"","ocean_menu_typo_line_height":0,"ocean_menu_typo_line_height_tablet":0,"ocean_menu_typo_line_height_mobile":0,"ocean_menu_typo_line_height_unit":"","ocean_menu_typo_spacing":0,"ocean_menu_typo_spacing_tablet":0,"ocean_menu_typo_spacing_mobile":0,"ocean_menu_typo_spacing_unit":"","ocean_menu_link_color":"","ocean_menu_link_color_hover":"","ocean_menu_link_color_active":"","ocean_menu_link_background":"","ocean_menu_link_hover_background":"","ocean_menu_link_active_background":"","ocean_menu_social_links_bg":"","ocean_menu_social_hover_links_bg":"","ocean_menu_social_links_color":"","ocean_menu_social_hover_links_color":"","ocean_disable_title":"on","ocean_disable_heading":"default","ocean_post_title":"","ocean_post_subheading":"","ocean_post_title_style":"","ocean_post_title_background_color":"","ocean_post_title_background":0,"ocean_post_title_bg_image_position":"","ocean_post_title_bg_image_attachment":"","ocean_post_title_bg_image_repeat":"","ocean_post_title_bg_image_size":"","ocean_post_title_height":0,"ocean_post_title_bg_overlay":0.5,"ocean_post_title_bg_overlay_color":"","ocean_disable_breadcrumbs":"default","ocean_breadcrumbs_color":"","ocean_breadcrumbs_separator_color":"","ocean_breadcrumbs_links_color":"","ocean_breadcrumbs_links_hover_color":"","ocean_display_footer_widgets":"off","ocean_display_footer_bottom":"off","ocean_custom_footer_template":"0","footnotes":""},"class_list":["post-74338","page","type-page","status-publish","hentry","entry"],"_links":{"self":[{"href":"https:\/\/www.sussner.net\/en\/wp-json\/wp\/v2\/pages\/74338","targetHints":{"allow":["GET"]}}],"collection":[{"href":"https:\/\/www.sussner.net\/en\/wp-json\/wp\/v2\/pages"}],"about":[{"href":"https:\/\/www.sussner.net\/en\/wp-json\/wp\/v2\/types\/page"}],"author":[{"embeddable":true,"href":"https:\/\/www.sussner.net\/en\/wp-json\/wp\/v2\/users\/1"}],"replies":[{"embeddable":true,"href":"https:\/\/www.sussner.net\/en\/wp-json\/wp\/v2\/comments?post=74338"}],"version-history":[{"count":0,"href":"https:\/\/www.sussner.net\/en\/wp-json\/wp\/v2\/pages\/74338\/revisions"}],"up":[{"embeddable":true,"href":"https:\/\/www.sussner.net\/en\/wp-json\/wp\/v2\/pages\/92907"}],"wp:attachment":[{"href":"https:\/\/www.sussner.net\/en\/wp-json\/wp\/v2\/media?parent=74338"}],"curies":[{"name":"wp","href":"https:\/\/api.w.org\/{rel}","templated":true}]}}