{"id":34133,"date":"2019-12-02T18:58:16","date_gmt":"2019-12-02T17:58:16","guid":{"rendered":"https:\/\/www.sussner.net\/?page_id=34133"},"modified":"2024-01-02T12:37:47","modified_gmt":"2024-01-02T11:37:47","slug":"mitchell-corn-palace","status":"publish","type":"page","link":"https:\/\/www.sussner.net\/en\/der-mittlere-westen\/south-dakota\/mitchell-corn-palace\/","title":{"rendered":"Mitchell Corn Palace"},"content":{"rendered":"\t\t<div data-elementor-type=\"wp-page\" data-elementor-id=\"34133\" class=\"elementor elementor-34133\" data-elementor-settings=\"{&quot;element_pack_global_tooltip_width&quot;:{&quot;unit&quot;:&quot;px&quot;,&quot;size&quot;:&quot;&quot;,&quot;sizes&quot;:[]},&quot;element_pack_global_tooltip_width_tablet&quot;:{&quot;unit&quot;:&quot;px&quot;,&quot;size&quot;:&quot;&quot;,&quot;sizes&quot;:[]},&quot;element_pack_global_tooltip_width_mobile&quot;:{&quot;unit&quot;:&quot;px&quot;,&quot;size&quot;:&quot;&quot;,&quot;sizes&quot;:[]},&quot;element_pack_global_tooltip_padding&quot;:{&quot;unit&quot;:&quot;px&quot;,&quot;top&quot;:&quot;&quot;,&quot;right&quot;:&quot;&quot;,&quot;bottom&quot;:&quot;&quot;,&quot;left&quot;:&quot;&quot;,&quot;isLinked&quot;:true},&quot;element_pack_global_tooltip_padding_tablet&quot;:{&quot;unit&quot;:&quot;px&quot;,&quot;top&quot;:&quot;&quot;,&quot;right&quot;:&quot;&quot;,&quot;bottom&quot;:&quot;&quot;,&quot;left&quot;:&quot;&quot;,&quot;isLinked&quot;:true},&quot;element_pack_global_tooltip_padding_mobile&quot;:{&quot;unit&quot;:&quot;px&quot;,&quot;top&quot;:&quot;&quot;,&quot;right&quot;:&quot;&quot;,&quot;bottom&quot;:&quot;&quot;,&quot;left&quot;:&quot;&quot;,&quot;isLinked&quot;:true},&quot;element_pack_global_tooltip_border_radius&quot;:{&quot;unit&quot;:&quot;px&quot;,&quot;top&quot;:&quot;&quot;,&quot;right&quot;:&quot;&quot;,&quot;bottom&quot;:&quot;&quot;,&quot;left&quot;:&quot;&quot;,&quot;isLinked&quot;:true},&quot;element_pack_global_tooltip_border_radius_tablet&quot;:{&quot;unit&quot;:&quot;px&quot;,&quot;top&quot;:&quot;&quot;,&quot;right&quot;:&quot;&quot;,&quot;bottom&quot;:&quot;&quot;,&quot;left&quot;:&quot;&quot;,&quot;isLinked&quot;:true},&quot;element_pack_global_tooltip_border_radius_mobile&quot;:{&quot;unit&quot;:&quot;px&quot;,&quot;top&quot;:&quot;&quot;,&quot;right&quot;:&quot;&quot;,&quot;bottom&quot;:&quot;&quot;,&quot;left&quot;:&quot;&quot;,&quot;isLinked&quot;:true}}\">\n\t\t\t\t\t\t<section class=\"elementor-section elementor-top-section elementor-element elementor-element-6d6c9aee elementor-section-full_width elementor-section-height-min-height elementor-section-items-stretch elementor-section-height-default\" data-id=\"6d6c9aee\" data-element_type=\"section\" data-e-type=\"section\" data-settings=\"{&quot;background_background&quot;:&quot;classic&quot;}\">\n\t\t\t\t\t\t<div class=\"elementor-container elementor-column-gap-default\">\n\t\t\t\t\t<div class=\"elementor-column elementor-col-100 elementor-top-column elementor-element elementor-element-63dffded\" data-id=\"63dffded\" data-element_type=\"column\" data-e-type=\"column\">\n\t\t\t<div class=\"elementor-widget-wrap elementor-element-populated\">\n\t\t\t\t\t\t<div class=\"elementor-element elementor-element-4d2f4054 elementor-invisible elementor-widget elementor-widget-heading\" data-id=\"4d2f4054\" data-element_type=\"widget\" data-e-type=\"widget\" data-settings=\"{&quot;_animation&quot;:&quot;fadeInDown&quot;}\" data-widget_type=\"heading.default\">\n\t\t\t\t<div class=\"elementor-widget-container\">\n\t\t\t\t\t<h1 class=\"elementor-heading-title elementor-size-default\">Mitchell Corn Palace<\/h1>\t\t\t\t<\/div>\n\t\t\t\t<\/div>\n\t\t\t\t<div class=\"elementor-element elementor-element-61f40876 elementor-invisible elementor-widget elementor-widget-heading\" data-id=\"61f40876\" data-element_type=\"widget\" data-e-type=\"widget\" data-settings=\"{&quot;_animation&quot;:&quot;fadeInDown&quot;}\" data-widget_type=\"heading.default\">\n\t\t\t\t<div class=\"elementor-widget-container\">\n\t\t\t\t\t<h2 class=\"elementor-heading-title elementor-size-default\">South Dakota<\/h2>\t\t\t\t<\/div>\n\t\t\t\t<\/div>\n\t\t\t\t\t<\/div>\n\t\t<\/div>\n\t\t\t\t\t<\/div>\n\t\t<\/section>\n\t\t\t\t<section class=\"elementor-section elementor-top-section elementor-element elementor-element-7343ef2a elementor-section-full_width elementor-section-height-default elementor-section-height-default\" data-id=\"7343ef2a\" data-element_type=\"section\" data-e-type=\"section\" data-settings=\"{&quot;background_background&quot;:&quot;classic&quot;}\">\n\t\t\t\t\t\t<div class=\"elementor-container elementor-column-gap-no\">\n\t\t\t\t\t<div class=\"elementor-column elementor-col-25 elementor-top-column elementor-element elementor-element-2dca02b7\" data-id=\"2dca02b7\" data-element_type=\"column\" data-e-type=\"column\">\n\t\t\t<div class=\"elementor-widget-wrap elementor-element-populated\">\n\t\t\t\t\t\t<div class=\"elementor-element elementor-element-92e1152 elementor-widget elementor-widget-text-editor\" data-id=\"92e1152\" data-element_type=\"widget\" data-e-type=\"widget\" data-widget_type=\"text-editor.default\">\n\t\t\t\t<div class=\"elementor-widget-container\">\n\t\t\t\t\t\t\t\t\t<p><span style=\"color: #ccffcc;\"><a style=\"color: #ccffcc;\" href=\"https:\/\/cornpalace.com\" rel=\"nofollow noopener\" target=\"_blank\">Offizielle Homepage<\/a><\/span><\/p>\t\t\t\t\t\t\t\t<\/div>\n\t\t\t\t<\/div>\n\t\t\t\t<div class=\"elementor-element elementor-element-7e8fb749 elementor-widget elementor-widget-wp-widget-awesomeweatherwidget\" data-id=\"7e8fb749\" data-element_type=\"widget\" data-e-type=\"widget\" data-widget_type=\"wp-widget-awesomeweatherwidget.default\">\n\t\t\t\t<div class=\"elementor-widget-container\">\n\t\t\t\t\t<div id=\"awe-ajax-awesome-weather-mitchell\" class=\"awe-ajax-awesome-weather-mitchell awe-weather-ajax-wrap\" style=\"\"><div class=\"awe-loading\"><i class=\"wi wi-day-sunny\"><\/i><\/div><\/div><script type=\"text\/javascript\"> jQuery(document).ready(function() { awe_ajax_load({\"id\":\"awesome-weather-mitchell\",\"locale\":\"\",\"location\":\"Mitchell\",\"owm_city_id\":\"5229794\",\"override_title\":\"5 Tage Wettervorhersage f\\u00fcr Mitchell\",\"size\":\"wide\",\"units\":\"C\",\"forecast_days\":\"5\",\"hide_stats\":0,\"show_link\":0,\"background\":\"\",\"custom_bg_color\":\"#1E1E1E\",\"use_user_location\":0,\"allow_user_to_change\":0,\"show_icons\":1,\"extended_url\":\"\",\"extended_text\":\"\",\"background_by_weather\":0,\"text_color\":\"#C0C0C0\",\"hide_attribution\":0,\"skip_geolocate\":0,\"latlng\":\"\",\"ajaxurl\":\"https:\\\/\\\/www.sussner.net\\\/wp-admin\\\/admin-ajax.php\",\"via_ajax\":1}); }); <\/script>\t\t\t\t<\/div>\n\t\t\t\t<\/div>\n\t\t\t\t<div class=\"elementor-element elementor-element-52ba03ab elementor-widget elementor-widget-text-editor\" data-id=\"52ba03ab\" data-element_type=\"widget\" data-e-type=\"widget\" data-widget_type=\"text-editor.default\">\n\t\t\t\t<div class=\"elementor-widget-container\">\n\t\t\t\t\t\t\t\t\t<p><span style=\"color: #ccffcc;\"><a style=\"color: #ccffcc;\" href=\"https:\/\/forecast.weather.gov\/MapClick.php?lat=43.7021&amp;lon=-98.0289#.XlWMKS1oTUY\" rel=\"nofollow noopener\" target=\"_blank\">Detailliertere Wetterinformationen finden sich hier.<\/a><\/span><\/p>\t\t\t\t\t\t\t\t<\/div>\n\t\t\t\t<\/div>\n\t\t\t\t\t<\/div>\n\t\t<\/div>\n\t\t\t\t<div class=\"elementor-column elementor-col-50 elementor-top-column elementor-element elementor-element-488188a5\" data-id=\"488188a5\" data-element_type=\"column\" data-e-type=\"column\">\n\t\t\t<div class=\"elementor-widget-wrap elementor-element-populated\">\n\t\t\t\t\t\t<div class=\"elementor-element elementor-element-60c8de66 elementor-widget elementor-widget-bdt-open-street-map\" data-id=\"60c8de66\" data-element_type=\"widget\" data-e-type=\"widget\" data-widget_type=\"bdt-open-street-map.default\">\n\t\t\t\t<div class=\"elementor-widget-container\">\n\t\t\t\t\t\t\t\t<div class=\"bdt-open-street-map\" style=\"width: auto; min-height: 400px;\" data-settings=\"{&quot;mapboxToken&quot;:&quot;pk.eyJ1Ijoic3Vzc25lciIsImEiOiJjanF0dHc0N3IwY2NxNDNueWw5MHBieWwyIn0.VUMPPqO_aMkY7-s67tqcgg&quot;,&quot;lat&quot;:&quot; 43.714883&quot;,&quot;lng&quot;:&quot;-98.025533&quot;,&quot;zoomControl&quot;:true,&quot;zoom&quot;:14}\" data-map_markers=\"[{&quot;lat&quot;:&quot; 43.714883&quot;,&quot;lng&quot;:&quot;-98.025533&quot;,&quot;title&quot;:&quot;Mitchell Corn Palace&quot;,&quot;iconUrl&quot;:&quot;https:\\\/\\\/www.sussner.net\\\/wp-content\\\/uploads\\\/2020\\\/05\\\/AllgemeineMarkierung.png&quot;,&quot;infoWindow&quot;:&quot;Mitchell Corn Palace&quot;}]\"><\/div>\n\t\t    \t\t\t\t<\/div>\n\t\t\t\t<\/div>\n\t\t\t\t\t<\/div>\n\t\t<\/div>\n\t\t\t\t<div class=\"elementor-column elementor-col-25 elementor-top-column elementor-element elementor-element-1048bea9\" data-id=\"1048bea9\" data-element_type=\"column\" data-e-type=\"column\">\n\t\t\t<div class=\"elementor-widget-wrap elementor-element-populated\">\n\t\t\t\t\t\t<div class=\"elementor-element elementor-element-9d04b4e elementor-widget elementor-widget-text-editor\" data-id=\"9d04b4e\" data-element_type=\"widget\" data-e-type=\"widget\" data-no-translation=\"\" data-widget_type=\"text-editor.default\">\n\t\t\t\t<div class=\"elementor-widget-container\">\n\t\t\t\t\t\t\t\t\t<p><span style=\"color: #ccffcc;\"><a style=\"color: #ccffcc;\" href=\"https:\/\/en.wikipedia.org\/wiki\/Corn_Palace\" rel=\"nofollow noopener\" target=\"_blank\">Wikilink<\/a><\/span><\/p>\t\t\t\t\t\t\t\t<\/div>\n\t\t\t\t<\/div>\n\t\t\t\t<div class=\"elementor-element elementor-element-59baa33 elementor-widget elementor-widget-text-editor\" data-id=\"59baa33\" data-element_type=\"widget\" data-e-type=\"widget\" data-widget_type=\"text-editor.default\">\n\t\t\t\t<div class=\"elementor-widget-container\">\n\t\t\t\t\t\t\t\t\t<p><b><u>Unsere Besuche:<\/u><\/b> Bisher <span style=\"color: #ff0000;\">1<\/span> Besuch im August 1994<\/p>\t\t\t\t\t\t\t\t<\/div>\n\t\t\t\t<\/div>\n\t\t\t\t\t<\/div>\n\t\t<\/div>\n\t\t\t\t\t<\/div>\n\t\t<\/section>\n\t\t\t\t<section class=\"elementor-section elementor-top-section elementor-element elementor-element-a9fa0aa elementor-section-full_width elementor-section-height-default elementor-section-height-default\" data-id=\"a9fa0aa\" data-element_type=\"section\" data-e-type=\"section\">\n\t\t\t\t\t\t<div class=\"elementor-container elementor-column-gap-no\">\n\t\t\t\t\t<div class=\"elementor-column elementor-col-33 elementor-top-column elementor-element elementor-element-6bdd570a\" data-id=\"6bdd570a\" data-element_type=\"column\" data-e-type=\"column\">\n\t\t\t<div class=\"elementor-widget-wrap elementor-element-populated\">\n\t\t\t\t\t\t<div class=\"elementor-element elementor-element-5d385052 elementor-widget elementor-widget-image\" data-id=\"5d385052\" data-element_type=\"widget\" data-e-type=\"widget\" data-widget_type=\"image.default\">\n\t\t\t\t<div class=\"elementor-widget-container\">\n\t\t\t\t\t\t\t\t\t\t\t\t\t\t\t\t<a href=\"https:\/\/www.sussner.net\/wp-content\/uploads\/2019\/06\/USA-1994-Bild-92-1.jpg\" data-elementor-open-lightbox=\"yes\" data-elementor-lightbox-title=\"Corn Palace 1994\" data-e-action-hash=\"#elementor-action%3Aaction%3Dlightbox%26settings%3DeyJpZCI6MjUxNzcsInVybCI6Imh0dHBzOlwvXC93d3cuc3Vzc25lci5uZXRcL3dwLWNvbnRlbnRcL3VwbG9hZHNcLzIwMTlcLzA2XC9VU0EtMTk5NC1CaWxkLTkyLTEuanBnIn0%3D\">\n\t\t\t\t\t\t\t<img fetchpriority=\"high\" decoding=\"async\" width=\"943\" height=\"628\" src=\"https:\/\/www.sussner.net\/wp-content\/uploads\/2019\/06\/USA-1994-Bild-92-1.jpg\" class=\"elementor-animation-shrink attachment-large size-large wp-image-25177\" alt=\"\" srcset=\"https:\/\/www.sussner.net\/wp-content\/uploads\/2019\/06\/USA-1994-Bild-92-1.jpg 943w, https:\/\/www.sussner.net\/wp-content\/uploads\/2019\/06\/USA-1994-Bild-92-1-300x200.jpg 300w, https:\/\/www.sussner.net\/wp-content\/uploads\/2019\/06\/USA-1994-Bild-92-1-768x511.jpg 768w\" sizes=\"(max-width: 943px) 100vw, 943px\" \/>\t\t\t\t\t\t\t\t<\/a>\n\t\t\t\t\t\t\t\t\t\t\t\t\t\t\t<\/div>\n\t\t\t\t<\/div>\n\t\t\t\t\t<\/div>\n\t\t<\/div>\n\t\t\t\t<div class=\"elementor-column elementor-col-33 elementor-top-column elementor-element elementor-element-2fa74480\" data-id=\"2fa74480\" data-element_type=\"column\" data-e-type=\"column\">\n\t\t\t<div class=\"elementor-widget-wrap elementor-element-populated\">\n\t\t\t\t\t\t<div class=\"elementor-element elementor-element-5c9293e8 elementor-widget elementor-widget-heading\" data-id=\"5c9293e8\" data-element_type=\"widget\" data-e-type=\"widget\" data-widget_type=\"heading.default\">\n\t\t\t\t<div class=\"elementor-widget-container\">\n\t\t\t\t\t<h2 class=\"elementor-heading-title elementor-size-default\">Mitchell Corn Palace<\/h2>\t\t\t\t<\/div>\n\t\t\t\t<\/div>\n\t\t\t\t<div class=\"elementor-element elementor-element-22d398c2 elementor-widget elementor-widget-text-editor\" data-id=\"22d398c2\" data-element_type=\"widget\" data-e-type=\"widget\" data-widget_type=\"text-editor.default\">\n\t\t\t\t<div class=\"elementor-widget-container\">\n\t\t\t\t\t\t\t\t\t<p><span style=\"text-decoration: underline;\"><strong>Beschreibung:<\/strong><\/span>\u00a0 Eine kleine nette Roadside Attraction findet sich in Mitchell. Vermarktet als der einzige Corn Palace der Welt findet man hier eine Mehrzweckhalle, deren \u00e4u\u00dfere H\u00fclle komplett aus Mais gestaltet wurde. Das Design wechselt j\u00e4hrlich. Es lohnt sich also \u00f6fter vorbei zu schauen.<\/p><p><span style=\"text-decoration: underline;\"><strong>Unsere Bewertung:<\/strong><\/span> Wir haben den Corn Palace w\u00e4hrend unserer ersten gemeinsamen Reise 1994 besucht. Sicher kein <em>must see<\/em> aber es war schon beeindruckend zu sehen, was man aus Mais so alles machen kann. Wir w\u00fcrden daf\u00fcr zwar keine Umwege fahren, aber wenn man in der N\u00e4he ist kann man ruhig einen kleinen Stopp einlegen.<\/p>\t\t\t\t\t\t\t\t<\/div>\n\t\t\t\t<\/div>\n\t\t\t\t<div class=\"elementor-element elementor-element-46a00270 elementor--star-style-star_unicode elementor-widget elementor-widget-star-rating\" data-id=\"46a00270\" data-element_type=\"widget\" data-e-type=\"widget\" data-widget_type=\"star-rating.default\">\n\t\t\t\t<div class=\"elementor-widget-container\">\n\t\t\t\t\t\t\t<div class=\"elementor-star-rating__wrapper\">\n\t\t\t\t\t\t<div class=\"elementor-star-rating\" itemtype=\"http:\/\/schema.org\/Rating\" itemscope=\"\" itemprop=\"reviewRating\">\n\t\t\t\t<i class=\"elementor-star-full\" aria-hidden=\"true\">&#9734;<\/i><i class=\"elementor-star-full\" aria-hidden=\"true\">&#9734;<\/i><i class=\"elementor-star-empty\" aria-hidden=\"true\">&#9734;<\/i><i class=\"elementor-star-empty\" aria-hidden=\"true\">&#9734;<\/i><i class=\"elementor-star-empty\" aria-hidden=\"true\">&#9734;<\/i>\t\t\t\t<span itemprop=\"ratingValue\" class=\"elementor-screen-only\">Rated 2 out of 5<\/span>\n\t\t\t<\/div>\n\t\t<\/div>\n\t\t\t\t\t\t<\/div>\n\t\t\t\t<\/div>\n\t\t\t\t<div class=\"elementor-element elementor-element-48dd4d5f elementor-widget elementor-widget-image\" data-id=\"48dd4d5f\" data-element_type=\"widget\" data-e-type=\"widget\" data-widget_type=\"image.default\">\n\t\t\t\t<div class=\"elementor-widget-container\">\n\t\t\t\t\t\t\t\t\t\t\t\t\t\t\t\t<a href=\"https:\/\/www.sussner.net\/wp-content\/uploads\/2019\/12\/USA-1994-Bild-94.jpg\" data-elementor-open-lightbox=\"yes\" data-elementor-lightbox-title=\"Corn Palace 1994\" data-e-action-hash=\"#elementor-action%3Aaction%3Dlightbox%26settings%3DeyJpZCI6MzQzNTYsInVybCI6Imh0dHBzOlwvXC93d3cuc3Vzc25lci5uZXRcL3dwLWNvbnRlbnRcL3VwbG9hZHNcLzIwMTlcLzEyXC9VU0EtMTk5NC1CaWxkLTk0LmpwZyJ9\">\n\t\t\t\t\t\t\t<img decoding=\"async\" width=\"524\" height=\"763\" src=\"https:\/\/www.sussner.net\/wp-content\/uploads\/2019\/12\/USA-1994-Bild-94.jpg\" class=\"elementor-animation-shrink attachment-large size-large wp-image-34356\" alt=\"\" srcset=\"https:\/\/www.sussner.net\/wp-content\/uploads\/2019\/12\/USA-1994-Bild-94.jpg 524w, https:\/\/www.sussner.net\/wp-content\/uploads\/2019\/12\/USA-1994-Bild-94-206x300.jpg 206w\" sizes=\"(max-width: 524px) 100vw, 524px\" \/>\t\t\t\t\t\t\t\t<\/a>\n\t\t\t\t\t\t\t\t\t\t\t\t\t\t\t<\/div>\n\t\t\t\t<\/div>\n\t\t\t\t\t<\/div>\n\t\t<\/div>\n\t\t\t\t<div class=\"elementor-column elementor-col-33 elementor-top-column elementor-element elementor-element-13efa2e4\" data-id=\"13efa2e4\" data-element_type=\"column\" data-e-type=\"column\">\n\t\t\t<div class=\"elementor-widget-wrap elementor-element-populated\">\n\t\t\t\t\t\t<div class=\"elementor-element elementor-element-82bb54d elementor-widget elementor-widget-image\" data-id=\"82bb54d\" data-element_type=\"widget\" data-e-type=\"widget\" data-widget_type=\"image.default\">\n\t\t\t\t<div class=\"elementor-widget-container\">\n\t\t\t\t\t\t\t\t\t\t\t\t\t\t\t\t<a href=\"https:\/\/www.sussner.net\/wp-content\/uploads\/2019\/12\/USA-1994-Bild-93.jpg\" data-elementor-open-lightbox=\"yes\" data-elementor-lightbox-title=\"Corn Palace 1994\" data-e-action-hash=\"#elementor-action%3Aaction%3Dlightbox%26settings%3DeyJpZCI6MzQzNTUsInVybCI6Imh0dHBzOlwvXC93d3cuc3Vzc25lci5uZXRcL3dwLWNvbnRlbnRcL3VwbG9hZHNcLzIwMTlcLzEyXC9VU0EtMTk5NC1CaWxkLTkzLmpwZyJ9\">\n\t\t\t\t\t\t\t<img decoding=\"async\" width=\"804\" height=\"508\" src=\"https:\/\/www.sussner.net\/wp-content\/uploads\/2019\/12\/USA-1994-Bild-93.jpg\" class=\"elementor-animation-shrink attachment-large size-large wp-image-34355\" alt=\"\" srcset=\"https:\/\/www.sussner.net\/wp-content\/uploads\/2019\/12\/USA-1994-Bild-93.jpg 804w, https:\/\/www.sussner.net\/wp-content\/uploads\/2019\/12\/USA-1994-Bild-93-300x190.jpg 300w, https:\/\/www.sussner.net\/wp-content\/uploads\/2019\/12\/USA-1994-Bild-93-768x485.jpg 768w\" sizes=\"(max-width: 804px) 100vw, 804px\" \/>\t\t\t\t\t\t\t\t<\/a>\n\t\t\t\t\t\t\t\t\t\t\t\t\t\t\t<\/div>\n\t\t\t\t<\/div>\n\t\t\t\t\t<\/div>\n\t\t<\/div>\n\t\t\t\t\t<\/div>\n\t\t<\/section>\n\t\t\t\t<section class=\"elementor-section elementor-top-section elementor-element elementor-element-70a0ca9f elementor-section-full_width elementor-hidden-phone elementor-section-height-default elementor-section-height-default\" data-id=\"70a0ca9f\" data-element_type=\"section\" data-e-type=\"section\" data-settings=\"{&quot;background_background&quot;:&quot;classic&quot;}\">\n\t\t\t\t\t\t<div class=\"elementor-container elementor-column-gap-default\">\n\t\t\t\t\t<div class=\"elementor-column elementor-col-50 elementor-top-column elementor-element elementor-element-7b039e55\" data-id=\"7b039e55\" data-element_type=\"column\" data-e-type=\"column\">\n\t\t\t<div class=\"elementor-widget-wrap elementor-element-populated\">\n\t\t\t\t\t\t<div class=\"elementor-element elementor-element-36e6714 elementor-align-right elementor-widget elementor-widget-button\" data-id=\"36e6714\" data-element_type=\"widget\" data-e-type=\"widget\" data-widget_type=\"button.default\">\n\t\t\t\t<div class=\"elementor-widget-container\">\n\t\t\t\t\t\t\t\t\t<div class=\"elementor-button-wrapper\">\n\t\t\t\t\t<a class=\"elementor-button elementor-button-link elementor-size-md elementor-animation-shrink\" href=\"https:\/\/www.sussner.net\/der-mittlere-westen\/south-dakota\/lead\/\">\n\t\t\t\t\t\t<span class=\"elementor-button-content-wrapper\">\n\t\t\t\t\t\t<span class=\"elementor-button-icon\">\n\t\t\t\t<i aria-hidden=\"true\" class=\"fas fa-arrow-circle-left\"><\/i>\t\t\t<\/span>\n\t\t\t\t\t\t\t\t\t<span class=\"elementor-button-text\">Prev<\/span>\n\t\t\t\t\t<\/span>\n\t\t\t\t\t<\/a>\n\t\t\t\t<\/div>\n\t\t\t\t\t\t\t\t<\/div>\n\t\t\t\t<\/div>\n\t\t\t\t\t<\/div>\n\t\t<\/div>\n\t\t\t\t<div class=\"elementor-column elementor-col-50 elementor-top-column elementor-element elementor-element-3f0a61ec\" data-id=\"3f0a61ec\" data-element_type=\"column\" data-e-type=\"column\">\n\t\t\t<div class=\"elementor-widget-wrap elementor-element-populated\">\n\t\t\t\t\t\t<div class=\"elementor-element elementor-element-56463296 elementor-align-left elementor-widget elementor-widget-button\" data-id=\"56463296\" data-element_type=\"widget\" data-e-type=\"widget\" data-widget_type=\"button.default\">\n\t\t\t\t<div class=\"elementor-widget-container\">\n\t\t\t\t\t\t\t\t\t<div class=\"elementor-button-wrapper\">\n\t\t\t\t\t<a class=\"elementor-button elementor-button-link elementor-size-md elementor-animation-shrink\" href=\"https:\/\/www.sussner.net\/der-mittlere-westen\/south-dakota\/mount-rushmore-nm\/\">\n\t\t\t\t\t\t<span class=\"elementor-button-content-wrapper\">\n\t\t\t\t\t\t<span class=\"elementor-button-icon\">\n\t\t\t\t<i aria-hidden=\"true\" class=\"fas fa-arrow-circle-right\"><\/i>\t\t\t<\/span>\n\t\t\t\t\t\t\t\t\t<span class=\"elementor-button-text\">Next<\/span>\n\t\t\t\t\t<\/span>\n\t\t\t\t\t<\/a>\n\t\t\t\t<\/div>\n\t\t\t\t\t\t\t\t<\/div>\n\t\t\t\t<\/div>\n\t\t\t\t\t<\/div>\n\t\t<\/div>\n\t\t\t\t\t<\/div>\n\t\t<\/section>\n\t\t\t\t<\/div>\n\t\t","protected":false},"excerpt":{"rendered":"<p>Mitchell Corn Palace South Dakota Offizielle Homepage Detailliertere Wetterinformationen finden sich hier. Wikilink Unsere Besuche: Bisher 1 Besuch im August 1994 Mitchell Corn Palace Beschreibung:\u00a0 Eine kleine nette Roadside Attraction findet sich in Mitchell. Vermarktet als der einzige Corn Palace der Welt findet man hier eine Mehrzweckhalle, deren \u00e4u\u00dfere H\u00fclle komplett aus Mais gestaltet wurde. [&hellip;]<\/p>\n","protected":false},"author":1,"featured_media":0,"parent":25167,"menu_order":6,"comment_status":"closed","ping_status":"closed","template":"","meta":{"ocean_post_layout":"full-screen","ocean_both_sidebars_style":"","ocean_both_sidebars_content_width":0,"ocean_both_sidebars_sidebars_width":0,"ocean_sidebar":"0","ocean_second_sidebar":"0","ocean_disable_margins":"on","ocean_add_body_class":"","ocean_shortcode_before_top_bar":"","ocean_shortcode_after_top_bar":"","ocean_shortcode_before_header":"","ocean_shortcode_after_header":"","ocean_has_shortcode":"","ocean_shortcode_after_title":"","ocean_shortcode_before_footer_widgets":"","ocean_shortcode_after_footer_widgets":"","ocean_shortcode_before_footer_bottom":"","ocean_shortcode_after_footer_bottom":"","ocean_display_top_bar":"off","ocean_display_header":"on","ocean_header_style":"","ocean_center_header_left_menu":"0","ocean_custom_header_template":"0","ocean_custom_logo":0,"ocean_custom_retina_logo":0,"ocean_custom_logo_max_width":0,"ocean_custom_logo_tablet_max_width":0,"ocean_custom_logo_mobile_max_width":0,"ocean_custom_logo_max_height":0,"ocean_custom_logo_tablet_max_height":0,"ocean_custom_logo_mobile_max_height":0,"ocean_header_custom_menu":"13","ocean_menu_typo_font_family":"0","ocean_menu_typo_font_subset":"","ocean_menu_typo_font_size":0,"ocean_menu_typo_font_size_tablet":0,"ocean_menu_typo_font_size_mobile":0,"ocean_menu_typo_font_size_unit":"px","ocean_menu_typo_font_weight":"","ocean_menu_typo_font_weight_tablet":"","ocean_menu_typo_font_weight_mobile":"","ocean_menu_typo_transform":"","ocean_menu_typo_transform_tablet":"","ocean_menu_typo_transform_mobile":"","ocean_menu_typo_line_height":0,"ocean_menu_typo_line_height_tablet":0,"ocean_menu_typo_line_height_mobile":0,"ocean_menu_typo_line_height_unit":"","ocean_menu_typo_spacing":0,"ocean_menu_typo_spacing_tablet":0,"ocean_menu_typo_spacing_mobile":0,"ocean_menu_typo_spacing_unit":"","ocean_menu_link_color":"","ocean_menu_link_color_hover":"","ocean_menu_link_color_active":"","ocean_menu_link_background":"","ocean_menu_link_hover_background":"","ocean_menu_link_active_background":"","ocean_menu_social_links_bg":"","ocean_menu_social_hover_links_bg":"","ocean_menu_social_links_color":"","ocean_menu_social_hover_links_color":"","ocean_disable_title":"on","ocean_disable_heading":"default","ocean_post_title":"","ocean_post_subheading":"","ocean_post_title_style":"","ocean_post_title_background_color":"","ocean_post_title_background":0,"ocean_post_title_bg_image_position":"","ocean_post_title_bg_image_attachment":"","ocean_post_title_bg_image_repeat":"","ocean_post_title_bg_image_size":"","ocean_post_title_height":0,"ocean_post_title_bg_overlay":0.5,"ocean_post_title_bg_overlay_color":"","ocean_disable_breadcrumbs":"default","ocean_breadcrumbs_color":"","ocean_breadcrumbs_separator_color":"","ocean_breadcrumbs_links_color":"","ocean_breadcrumbs_links_hover_color":"","ocean_display_footer_widgets":"off","ocean_display_footer_bottom":"off","ocean_custom_footer_template":"0","footnotes":""},"class_list":["post-34133","page","type-page","status-publish","hentry","entry"],"_links":{"self":[{"href":"https:\/\/www.sussner.net\/en\/wp-json\/wp\/v2\/pages\/34133","targetHints":{"allow":["GET"]}}],"collection":[{"href":"https:\/\/www.sussner.net\/en\/wp-json\/wp\/v2\/pages"}],"about":[{"href":"https:\/\/www.sussner.net\/en\/wp-json\/wp\/v2\/types\/page"}],"author":[{"embeddable":true,"href":"https:\/\/www.sussner.net\/en\/wp-json\/wp\/v2\/users\/1"}],"replies":[{"embeddable":true,"href":"https:\/\/www.sussner.net\/en\/wp-json\/wp\/v2\/comments?post=34133"}],"version-history":[{"count":0,"href":"https:\/\/www.sussner.net\/en\/wp-json\/wp\/v2\/pages\/34133\/revisions"}],"up":[{"embeddable":true,"href":"https:\/\/www.sussner.net\/en\/wp-json\/wp\/v2\/pages\/25167"}],"wp:attachment":[{"href":"https:\/\/www.sussner.net\/en\/wp-json\/wp\/v2\/media?parent=34133"}],"curies":[{"name":"wp","href":"https:\/\/api.w.org\/{rel}","templated":true}]}}