{"id":24048,"date":"2019-05-10T14:41:12","date_gmt":"2019-05-10T12:41:12","guid":{"rendered":"https:\/\/www.sussner.net\/?page_id=24048"},"modified":"2024-01-03T20:16:56","modified_gmt":"2024-01-03T19:16:56","slug":"wehle-covered-bridge","status":"publish","type":"page","link":"https:\/\/www.sussner.net\/en\/der-sueden\/alabama\/wehle-covered-bridge\/","title":{"rendered":"Wehle Covered Bridge"},"content":{"rendered":"\t\t<div data-elementor-type=\"wp-post\" data-elementor-id=\"24048\" class=\"elementor elementor-24048\" data-elementor-settings=\"{&quot;element_pack_global_tooltip_width&quot;:{&quot;unit&quot;:&quot;px&quot;,&quot;size&quot;:&quot;&quot;,&quot;sizes&quot;:[]},&quot;element_pack_global_tooltip_width_tablet&quot;:{&quot;unit&quot;:&quot;px&quot;,&quot;size&quot;:&quot;&quot;,&quot;sizes&quot;:[]},&quot;element_pack_global_tooltip_width_mobile&quot;:{&quot;unit&quot;:&quot;px&quot;,&quot;size&quot;:&quot;&quot;,&quot;sizes&quot;:[]},&quot;element_pack_global_tooltip_padding&quot;:{&quot;unit&quot;:&quot;px&quot;,&quot;top&quot;:&quot;&quot;,&quot;right&quot;:&quot;&quot;,&quot;bottom&quot;:&quot;&quot;,&quot;left&quot;:&quot;&quot;,&quot;isLinked&quot;:true},&quot;element_pack_global_tooltip_padding_tablet&quot;:{&quot;unit&quot;:&quot;px&quot;,&quot;top&quot;:&quot;&quot;,&quot;right&quot;:&quot;&quot;,&quot;bottom&quot;:&quot;&quot;,&quot;left&quot;:&quot;&quot;,&quot;isLinked&quot;:true},&quot;element_pack_global_tooltip_padding_mobile&quot;:{&quot;unit&quot;:&quot;px&quot;,&quot;top&quot;:&quot;&quot;,&quot;right&quot;:&quot;&quot;,&quot;bottom&quot;:&quot;&quot;,&quot;left&quot;:&quot;&quot;,&quot;isLinked&quot;:true},&quot;element_pack_global_tooltip_border_radius&quot;:{&quot;unit&quot;:&quot;px&quot;,&quot;top&quot;:&quot;&quot;,&quot;right&quot;:&quot;&quot;,&quot;bottom&quot;:&quot;&quot;,&quot;left&quot;:&quot;&quot;,&quot;isLinked&quot;:true},&quot;element_pack_global_tooltip_border_radius_tablet&quot;:{&quot;unit&quot;:&quot;px&quot;,&quot;top&quot;:&quot;&quot;,&quot;right&quot;:&quot;&quot;,&quot;bottom&quot;:&quot;&quot;,&quot;left&quot;:&quot;&quot;,&quot;isLinked&quot;:true},&quot;element_pack_global_tooltip_border_radius_mobile&quot;:{&quot;unit&quot;:&quot;px&quot;,&quot;top&quot;:&quot;&quot;,&quot;right&quot;:&quot;&quot;,&quot;bottom&quot;:&quot;&quot;,&quot;left&quot;:&quot;&quot;,&quot;isLinked&quot;:true}}\">\n\t\t\t\t\t\t<section class=\"elementor-section elementor-top-section elementor-element elementor-element-65d4b991 elementor-section-stretched elementor-section-full_width elementor-section-height-min-height elementor-section-height-default elementor-section-items-middle\" data-id=\"65d4b991\" data-element_type=\"section\" data-e-type=\"section\" data-settings=\"{&quot;stretch_section&quot;:&quot;section-stretched&quot;,&quot;background_background&quot;:&quot;classic&quot;}\">\n\t\t\t\t\t\t<div class=\"elementor-container elementor-column-gap-default\">\n\t\t\t\t\t<div class=\"elementor-column elementor-col-100 elementor-top-column elementor-element elementor-element-41e3b6f8\" data-id=\"41e3b6f8\" data-element_type=\"column\" data-e-type=\"column\">\n\t\t\t<div class=\"elementor-widget-wrap elementor-element-populated\">\n\t\t\t\t\t\t<div class=\"elementor-element elementor-element-e1bfb5 elementor-invisible elementor-widget elementor-widget-heading\" data-id=\"e1bfb5\" data-element_type=\"widget\" data-e-type=\"widget\" data-settings=\"{&quot;_animation&quot;:&quot;fadeInDown&quot;}\" data-widget_type=\"heading.default\">\n\t\t\t\t<div class=\"elementor-widget-container\">\n\t\t\t\t\t<h1 class=\"elementor-heading-title elementor-size-default\">Wehle Covered Bridge<\/h1>\t\t\t\t<\/div>\n\t\t\t\t<\/div>\n\t\t\t\t<div class=\"elementor-element elementor-element-2b95a9c2 elementor-invisible elementor-widget elementor-widget-heading\" data-id=\"2b95a9c2\" data-element_type=\"widget\" data-e-type=\"widget\" data-settings=\"{&quot;_animation&quot;:&quot;fadeInDown&quot;}\" data-widget_type=\"heading.default\">\n\t\t\t\t<div class=\"elementor-widget-container\">\n\t\t\t\t\t<h2 class=\"elementor-heading-title elementor-size-default\">Alabama<\/h2>\t\t\t\t<\/div>\n\t\t\t\t<\/div>\n\t\t\t\t\t<\/div>\n\t\t<\/div>\n\t\t\t\t\t<\/div>\n\t\t<\/section>\n\t\t\t\t<section class=\"elementor-section elementor-top-section elementor-element elementor-element-2aa4b8d0 elementor-section-full_width elementor-section-height-default elementor-section-height-default\" data-id=\"2aa4b8d0\" data-element_type=\"section\" data-e-type=\"section\" data-settings=\"{&quot;background_background&quot;:&quot;classic&quot;}\">\n\t\t\t\t\t\t<div class=\"elementor-container elementor-column-gap-no\">\n\t\t\t\t\t<div class=\"elementor-column elementor-col-25 elementor-top-column elementor-element elementor-element-78cb7442\" data-id=\"78cb7442\" data-element_type=\"column\" data-e-type=\"column\">\n\t\t\t<div class=\"elementor-widget-wrap elementor-element-populated\">\n\t\t\t\t\t\t<div class=\"elementor-element elementor-element-541463d2 elementor-widget elementor-widget-text-editor\" data-id=\"541463d2\" data-element_type=\"widget\" data-e-type=\"widget\" data-widget_type=\"text-editor.default\">\n\t\t\t\t<div class=\"elementor-widget-container\">\n\t\t\t\t\t\t\t\t\t<p><span style=\"color: #ccffcc;\"><a style=\"color: #ccffcc;\" href=\"https:\/\/www.alabamaforeverwild.com\/sites\/default\/files\/Wehle\/Wehle-Brochure.pdf\" rel=\"nofollow noopener\" target=\"_blank\">PDF Brosch\u00fcre<\/a><\/span><\/p>\t\t\t\t\t\t\t\t<\/div>\n\t\t\t\t<\/div>\n\t\t\t\t<div class=\"elementor-element elementor-element-38757e28 elementor-widget elementor-widget-wp-widget-awesomeweatherwidget\" data-id=\"38757e28\" data-element_type=\"widget\" data-e-type=\"widget\" data-widget_type=\"wp-widget-awesomeweatherwidget.default\">\n\t\t\t\t<div class=\"elementor-widget-container\">\n\t\t\t\t\t<div id=\"awe-ajax-awesome-weather-inverness\" class=\"awe-ajax-awesome-weather-inverness awe-weather-ajax-wrap\" style=\"\"><div class=\"awe-loading\"><i class=\"wi wi-day-sunny\"><\/i><\/div><\/div><script type=\"text\/javascript\"> jQuery(document).ready(function() { awe_ajax_load({\"id\":\"awesome-weather-inverness\",\"locale\":\"\",\"location\":\"Inverness\",\"owm_city_id\":\"4069210\",\"override_title\":\"5 Tage Wettervorhersage f\\u00fcr Inverness\",\"size\":\"wide\",\"units\":\"C\",\"forecast_days\":\"5\",\"hide_stats\":0,\"show_link\":0,\"background\":\"\",\"custom_bg_color\":\"#1E1E1E\",\"use_user_location\":0,\"allow_user_to_change\":0,\"show_icons\":1,\"extended_url\":\"\",\"extended_text\":\"\",\"background_by_weather\":0,\"text_color\":\"#C0C0C0\",\"hide_attribution\":0,\"skip_geolocate\":0,\"latlng\":\"\",\"ajaxurl\":\"https:\\\/\\\/www.sussner.net\\\/wp-admin\\\/admin-ajax.php\",\"via_ajax\":1}); }); <\/script>\t\t\t\t<\/div>\n\t\t\t\t<\/div>\n\t\t\t\t<div class=\"elementor-element elementor-element-73fae788 elementor-widget elementor-widget-text-editor\" data-id=\"73fae788\" data-element_type=\"widget\" data-e-type=\"widget\" data-widget_type=\"text-editor.default\">\n\t\t\t\t<div class=\"elementor-widget-container\">\n\t\t\t\t\t\t\t\t\t<p><span style=\"color: #ccffcc;\"><a style=\"color: #ccffcc;\" href=\"https:\/\/forecast.weather.gov\/MapClick.php?lat=32.0402&amp;lon=-85.4766#.XlF8yC1oTUY\" rel=\"nofollow noopener\" target=\"_blank\">Detailliertere Wetterinformationen finden sich hier.<\/a><\/span><\/p>\t\t\t\t\t\t\t\t<\/div>\n\t\t\t\t<\/div>\n\t\t\t\t\t<\/div>\n\t\t<\/div>\n\t\t\t\t<div class=\"elementor-column elementor-col-50 elementor-top-column elementor-element elementor-element-59232441\" data-id=\"59232441\" data-element_type=\"column\" data-e-type=\"column\">\n\t\t\t<div class=\"elementor-widget-wrap elementor-element-populated\">\n\t\t\t\t\t\t<div class=\"elementor-element elementor-element-722447e3 elementor-widget elementor-widget-bdt-open-street-map\" data-id=\"722447e3\" data-element_type=\"widget\" data-e-type=\"widget\" data-widget_type=\"bdt-open-street-map.default\">\n\t\t\t\t<div class=\"elementor-widget-container\">\n\t\t\t\t\t\t\t\t<div class=\"bdt-open-street-map\" style=\"width: auto; min-height: 400px;\" data-settings=\"{&quot;mapboxToken&quot;:&quot;pk.eyJ1Ijoic3Vzc25lciIsImEiOiJjanF0dHc0N3IwY2NxNDNueWw5MHBieWwyIn0.VUMPPqO_aMkY7-s67tqcgg&quot;,&quot;lat&quot;:&quot; 32.031232&quot;,&quot;lng&quot;:&quot;-85.462876&quot;,&quot;zoomControl&quot;:true,&quot;zoom&quot;:13}\" data-map_markers=\"[{&quot;lat&quot;:&quot; 32.031232&quot;,&quot;lng&quot;:&quot;-85.462876&quot;,&quot;title&quot;:&quot;Covered Bridge&quot;,&quot;iconUrl&quot;:&quot;https:\\\/\\\/www.sussner.net\\\/wp-content\\\/uploads\\\/2020\\\/05\\\/CoveredBridge.png&quot;,&quot;infoWindow&quot;:&quot;Covered Bridge&quot;},{&quot;lat&quot;:&quot; 32.032150&quot;,&quot;lng&quot;:&quot;-85.456348&quot;,&quot;title&quot;:&quot;Wehle Land Conservation Center&quot;,&quot;iconUrl&quot;:&quot;https:\\\/\\\/www.sussner.net\\\/wp-content\\\/uploads\\\/2020\\\/05\\\/AllgemeineMarkierung.png&quot;,&quot;infoWindow&quot;:&quot;Wehle Land Conservation Center&quot;}]\"><\/div>\n\t\t    \t\t\t\t<\/div>\n\t\t\t\t<\/div>\n\t\t\t\t\t<\/div>\n\t\t<\/div>\n\t\t\t\t<div class=\"elementor-column elementor-col-25 elementor-top-column elementor-element elementor-element-7106a865\" data-id=\"7106a865\" data-element_type=\"column\" data-e-type=\"column\">\n\t\t\t<div class=\"elementor-widget-wrap elementor-element-populated\">\n\t\t\t\t\t\t<div class=\"elementor-element elementor-element-133b3544 elementor-widget elementor-widget-text-editor\" data-id=\"133b3544\" data-element_type=\"widget\" data-e-type=\"widget\" data-widget_type=\"text-editor.default\">\n\t\t\t\t<div class=\"elementor-widget-container\">\n\t\t\t\t\t\t\t\t\t<p><strong><span style=\"text-decoration: underline;\">Eintrittspreise und \u00d6ffnungszeiten<\/span><\/strong><\/p>\t\t\t\t\t\t\t\t<\/div>\n\t\t\t\t<\/div>\n\t\t\t\t<div class=\"elementor-element elementor-element-675ee6b2 elementor-align-start elementor-icon-list--layout-traditional elementor-list-item-link-full_width elementor-widget elementor-widget-icon-list\" data-id=\"675ee6b2\" data-element_type=\"widget\" data-e-type=\"widget\" data-widget_type=\"icon-list.default\">\n\t\t\t\t<div class=\"elementor-widget-container\">\n\t\t\t\t\t\t\t<ul class=\"elementor-icon-list-items\">\n\t\t\t\t\t\t\t<li class=\"elementor-icon-list-item\">\n\t\t\t\t\t\t\t\t\t\t\t<span class=\"elementor-icon-list-icon\">\n\t\t\t\t\t\t\t<i aria-hidden=\"true\" class=\"fas fa-ticket-alt\"><\/i>\t\t\t\t\t\t<\/span>\n\t\t\t\t\t\t\t\t\t\t<span class=\"elementor-icon-list-text\">Kostenlos<\/span>\n\t\t\t\t\t\t\t\t\t<\/li>\n\t\t\t\t\t\t\t\t<li class=\"elementor-icon-list-item\">\n\t\t\t\t\t\t\t\t\t\t\t<span class=\"elementor-icon-list-icon\">\n\t\t\t\t\t\t\t<i aria-hidden=\"true\" class=\"far fa-calendar-alt\"><\/i>\t\t\t\t\t\t<\/span>\n\t\t\t\t\t\t\t\t\t\t<span class=\"elementor-icon-list-text\">An manchen Wochenenden ge\u00f6ffnet.<\/span>\n\t\t\t\t\t\t\t\t\t<\/li>\n\t\t\t\t\t\t<\/ul>\n\t\t\t\t\t\t<\/div>\n\t\t\t\t<\/div>\n\t\t\t\t<div class=\"elementor-element elementor-element-b68a1f5 elementor-widget elementor-widget-text-editor\" data-id=\"b68a1f5\" data-element_type=\"widget\" data-e-type=\"widget\" data-widget_type=\"text-editor.default\">\n\t\t\t\t<div class=\"elementor-widget-container\">\n\t\t\t\t\t\t\t\t\t<p>*Der Anual Pass ist so zu sagen die &#8222;Flatrate&#8220; f\u00fcr alle vom National Park Service verwalteten Einrichtungen. Der Pass kostet einmalig 80$ und kann am Eingang des jeweiligen Nationalpark, National Monument usw. erworben werden. Der Pass ist 13 Monate lang g\u00fcltig.<\/p>\t\t\t\t\t\t\t\t<\/div>\n\t\t\t\t<\/div>\n\t\t\t\t<div class=\"elementor-element elementor-element-6aebb1f elementor-widget elementor-widget-text-editor\" data-id=\"6aebb1f\" data-element_type=\"widget\" data-e-type=\"widget\" data-widget_type=\"text-editor.default\">\n\t\t\t\t<div class=\"elementor-widget-container\">\n\t\t\t\t\t\t\t\t\t<p><b><u>Unsere Besuche:<\/u><\/b> Bisher <span style=\"color: #ff0000;\">1<\/span> Besuch im Oktober 2016<\/p>\t\t\t\t\t\t\t\t<\/div>\n\t\t\t\t<\/div>\n\t\t\t\t\t<\/div>\n\t\t<\/div>\n\t\t\t\t\t<\/div>\n\t\t<\/section>\n\t\t\t\t<section class=\"elementor-section elementor-top-section elementor-element elementor-element-35c61729 elementor-section-full_width elementor-section-height-default elementor-section-height-default\" data-id=\"35c61729\" data-element_type=\"section\" data-e-type=\"section\">\n\t\t\t\t\t\t<div class=\"elementor-container elementor-column-gap-no\">\n\t\t\t\t\t<div class=\"elementor-column elementor-col-33 elementor-top-column elementor-element elementor-element-36492bb8\" data-id=\"36492bb8\" data-element_type=\"column\" data-e-type=\"column\">\n\t\t\t<div class=\"elementor-widget-wrap elementor-element-populated\">\n\t\t\t\t\t\t<div class=\"elementor-element elementor-element-4fbcaa8e elementor-widget elementor-widget-image\" data-id=\"4fbcaa8e\" data-element_type=\"widget\" data-e-type=\"widget\" data-widget_type=\"image.default\">\n\t\t\t\t<div class=\"elementor-widget-container\">\n\t\t\t\t\t\t\t\t\t\t\t\t\t\t\t\t<a href=\"https:\/\/www.sussner.net\/wp-content\/uploads\/2019\/04\/USA-2016-Oktober-Bild-2022.jpg\" data-elementor-open-lightbox=\"yes\" data-elementor-lightbox-title=\"Wehle Covered Bridge 2016\" data-e-action-hash=\"#elementor-action%3Aaction%3Dlightbox%26settings%3DeyJpZCI6MjE0NDIsInVybCI6Imh0dHBzOlwvXC93d3cuc3Vzc25lci5uZXRcL3dwLWNvbnRlbnRcL3VwbG9hZHNcLzIwMTlcLzA0XC9VU0EtMjAxNi1Pa3RvYmVyLUJpbGQtMjAyMi5qcGcifQ%3D%3D\">\n\t\t\t\t\t\t\t<img fetchpriority=\"high\" decoding=\"async\" width=\"1024\" height=\"682\" src=\"https:\/\/www.sussner.net\/wp-content\/uploads\/2019\/04\/USA-2016-Oktober-Bild-2022-1024x682.jpg\" class=\"elementor-animation-shrink attachment-large size-large wp-image-21442\" alt=\"\" srcset=\"https:\/\/www.sussner.net\/wp-content\/uploads\/2019\/04\/USA-2016-Oktober-Bild-2022-1024x682.jpg 1024w, https:\/\/www.sussner.net\/wp-content\/uploads\/2019\/04\/USA-2016-Oktober-Bild-2022-300x200.jpg 300w, https:\/\/www.sussner.net\/wp-content\/uploads\/2019\/04\/USA-2016-Oktober-Bild-2022-768x512.jpg 768w, https:\/\/www.sussner.net\/wp-content\/uploads\/2019\/04\/USA-2016-Oktober-Bild-2022.jpg 1642w\" sizes=\"(max-width: 1024px) 100vw, 1024px\" \/>\t\t\t\t\t\t\t\t<\/a>\n\t\t\t\t\t\t\t\t\t\t\t\t\t\t\t<\/div>\n\t\t\t\t<\/div>\n\t\t\t\t\t<\/div>\n\t\t<\/div>\n\t\t\t\t<div class=\"elementor-column elementor-col-33 elementor-top-column elementor-element elementor-element-7e88a141\" data-id=\"7e88a141\" data-element_type=\"column\" data-e-type=\"column\">\n\t\t\t<div class=\"elementor-widget-wrap elementor-element-populated\">\n\t\t\t\t\t\t<div class=\"elementor-element elementor-element-ebb0981 elementor-widget elementor-widget-heading\" data-id=\"ebb0981\" data-element_type=\"widget\" data-e-type=\"widget\" data-widget_type=\"heading.default\">\n\t\t\t\t<div class=\"elementor-widget-container\">\n\t\t\t\t\t<h2 class=\"elementor-heading-title elementor-size-default\">Wehle Land Conservation Center<\/h2>\t\t\t\t<\/div>\n\t\t\t\t<\/div>\n\t\t\t\t<div class=\"elementor-element elementor-element-f499508 elementor-widget elementor-widget-text-editor\" data-id=\"f499508\" data-element_type=\"widget\" data-e-type=\"widget\" data-widget_type=\"text-editor.default\">\n\t\t\t\t<div class=\"elementor-widget-container\">\n\t\t\t\t\t\t\t\t\t<p><span style=\"text-decoration: underline;\"><strong>Beschreibung:<\/strong><\/span> Eigentlich ist das Wehle Land Conservation Center so etwas wie ein Naherholungsgebiet. Man kann wandern, reiten, fischen usw. Au\u00dferdem gibt es eine sehr interessante Covered Bridge auf dem Gel\u00e4nde. Das besondere an dieser Br\u00fccke ist, dass die einen Knick hat. <strong><span style=\"text-decoration: underline;\">Koordinate der Br\u00fccke:<\/span> Breite 32.031232, L\u00e4nge -85.462876.<\/strong><\/p><p><span style=\"text-decoration: underline;\"><strong>Unsere Bewertung:<\/strong><\/span>\u00a0 Leider wussten wir bei unserem Besuch im Oktober 2016 nicht von den besonderen \u00d6ffnungszeiten des Centers. So kam es, wie es kommen musste &#8211; wir standen vor verschlossener T\u00fcr bzw. Tor. Wer sich f\u00fcr Covered Bridges interessiert, sollte den Besuch hier also gut planen. Die genauen \u00d6ffnungszeiten finden sich in der <span style=\"color: #ccffcc;\"><a style=\"color: #ccffcc;\" href=\"https:\/\/www.alabamaforeverwild.com\/sites\/default\/files\/Wehle\/Wehle-Brochure.pdf\" rel=\"nofollow noopener\" target=\"_blank\">PDF Brosch\u00fcre<\/a><\/span>. Weil wir im Grunde hier unverrichteter Dinge wieder abziehen mussten, wollen wir auch keine Bewertung abgeben.<\/p>\t\t\t\t\t\t\t\t<\/div>\n\t\t\t\t<\/div>\n\t\t\t\t<div class=\"elementor-element elementor-element-15c9136b elementor--star-style-star_unicode elementor-widget elementor-widget-star-rating\" data-id=\"15c9136b\" data-element_type=\"widget\" data-e-type=\"widget\" data-widget_type=\"star-rating.default\">\n\t\t\t\t<div class=\"elementor-widget-container\">\n\t\t\t\t\t\t\t<div class=\"elementor-star-rating__wrapper\">\n\t\t\t\t\t\t<div class=\"elementor-star-rating\" itemtype=\"http:\/\/schema.org\/Rating\" itemscope=\"\" itemprop=\"reviewRating\">\n\t\t\t\t<i class=\"elementor-star-empty\" aria-hidden=\"true\">&#9734;<\/i><i class=\"elementor-star-empty\" aria-hidden=\"true\">&#9734;<\/i><i class=\"elementor-star-empty\" aria-hidden=\"true\">&#9734;<\/i><i class=\"elementor-star-empty\" aria-hidden=\"true\">&#9734;<\/i><i class=\"elementor-star-empty\" aria-hidden=\"true\">&#9734;<\/i>\t\t\t\t<span itemprop=\"ratingValue\" class=\"elementor-screen-only\">Rated 0 out of 5<\/span>\n\t\t\t<\/div>\n\t\t<\/div>\n\t\t\t\t\t\t<\/div>\n\t\t\t\t<\/div>\n\t\t\t\t\t<\/div>\n\t\t<\/div>\n\t\t\t\t<div class=\"elementor-column elementor-col-33 elementor-top-column elementor-element elementor-element-45467545\" data-id=\"45467545\" data-element_type=\"column\" data-e-type=\"column\">\n\t\t\t<div class=\"elementor-widget-wrap elementor-element-populated\">\n\t\t\t\t\t\t<div class=\"elementor-element elementor-element-25b0f663 elementor-widget elementor-widget-image\" data-id=\"25b0f663\" data-element_type=\"widget\" data-e-type=\"widget\" data-widget_type=\"image.default\">\n\t\t\t\t<div class=\"elementor-widget-container\">\n\t\t\t\t\t\t\t\t\t\t\t\t\t\t\t\t<a href=\"https:\/\/www.sussner.net\/wp-content\/uploads\/2019\/05\/USA-2016-Oktober-Bild-2024.jpg\" data-elementor-open-lightbox=\"yes\" data-elementor-lightbox-title=\"Wehle Covered Bridge 2016\" data-e-action-hash=\"#elementor-action%3Aaction%3Dlightbox%26settings%3DeyJpZCI6MjQwNTIsInVybCI6Imh0dHBzOlwvXC93d3cuc3Vzc25lci5uZXRcL3dwLWNvbnRlbnRcL3VwbG9hZHNcLzIwMTlcLzA1XC9VU0EtMjAxNi1Pa3RvYmVyLUJpbGQtMjAyNC1lMTY5ODMyMDIxODc4MC5qcGcifQ%3D%3D\">\n\t\t\t\t\t\t\t<img decoding=\"async\" width=\"1024\" height=\"683\" src=\"https:\/\/www.sussner.net\/wp-content\/uploads\/2019\/05\/USA-2016-Oktober-Bild-2024-1024x683.jpg\" class=\"elementor-animation-shrink attachment-large size-large wp-image-24052\" alt=\"\" srcset=\"https:\/\/www.sussner.net\/wp-content\/uploads\/2019\/05\/USA-2016-Oktober-Bild-2024-1024x683.jpg 1024w, https:\/\/www.sussner.net\/wp-content\/uploads\/2019\/05\/USA-2016-Oktober-Bild-2024-300x200.jpg 300w, https:\/\/www.sussner.net\/wp-content\/uploads\/2019\/05\/USA-2016-Oktober-Bild-2024-768x512.jpg 768w, https:\/\/www.sussner.net\/wp-content\/uploads\/2019\/05\/USA-2016-Oktober-Bild-2024-e1698320218780.jpg 1200w\" sizes=\"(max-width: 1024px) 100vw, 1024px\" \/>\t\t\t\t\t\t\t\t<\/a>\n\t\t\t\t\t\t\t\t\t\t\t\t\t\t\t<\/div>\n\t\t\t\t<\/div>\n\t\t\t\t\t<\/div>\n\t\t<\/div>\n\t\t\t\t\t<\/div>\n\t\t<\/section>\n\t\t\t\t<section class=\"elementor-section elementor-top-section elementor-element elementor-element-440b13f3 elementor-section-full_width elementor-hidden-phone elementor-section-height-default elementor-section-height-default\" data-id=\"440b13f3\" data-element_type=\"section\" data-e-type=\"section\" data-settings=\"{&quot;background_background&quot;:&quot;classic&quot;}\">\n\t\t\t\t\t\t<div class=\"elementor-container elementor-column-gap-default\">\n\t\t\t\t\t<div class=\"elementor-column elementor-col-50 elementor-top-column elementor-element elementor-element-6fd98357\" data-id=\"6fd98357\" data-element_type=\"column\" data-e-type=\"column\">\n\t\t\t<div class=\"elementor-widget-wrap elementor-element-populated\">\n\t\t\t\t\t\t<div class=\"elementor-element elementor-element-46419a1 elementor-align-right elementor-widget elementor-widget-button\" data-id=\"46419a1\" data-element_type=\"widget\" data-e-type=\"widget\" data-widget_type=\"button.default\">\n\t\t\t\t<div class=\"elementor-widget-container\">\n\t\t\t\t\t\t\t\t\t<div class=\"elementor-button-wrapper\">\n\t\t\t\t\t<a class=\"elementor-button elementor-button-link elementor-size-md elementor-animation-shrink\" href=\"https:\/\/www.sussner.net\/der-sueden\/alabama\/natural-bridge\/\">\n\t\t\t\t\t\t<span class=\"elementor-button-content-wrapper\">\n\t\t\t\t\t\t<span class=\"elementor-button-icon\">\n\t\t\t\t<i aria-hidden=\"true\" class=\"fas fa-arrow-circle-left\"><\/i>\t\t\t<\/span>\n\t\t\t\t\t\t\t\t\t<span class=\"elementor-button-text\">Prev<\/span>\n\t\t\t\t\t<\/span>\n\t\t\t\t\t<\/a>\n\t\t\t\t<\/div>\n\t\t\t\t\t\t\t\t<\/div>\n\t\t\t\t<\/div>\n\t\t\t\t\t<\/div>\n\t\t<\/div>\n\t\t\t\t<div class=\"elementor-column elementor-col-50 elementor-top-column elementor-element elementor-element-1fb6d69b\" data-id=\"1fb6d69b\" data-element_type=\"column\" data-e-type=\"column\">\n\t\t\t<div class=\"elementor-widget-wrap elementor-element-populated\">\n\t\t\t\t\t\t<div class=\"elementor-element elementor-element-308a25cd elementor-align-left elementor-widget elementor-widget-button\" data-id=\"308a25cd\" data-element_type=\"widget\" data-e-type=\"widget\" data-widget_type=\"button.default\">\n\t\t\t\t<div class=\"elementor-widget-container\">\n\t\t\t\t\t\t\t\t\t<div class=\"elementor-button-wrapper\">\n\t\t\t\t\t<a class=\"elementor-button elementor-button-link elementor-size-md elementor-animation-shrink\" href=\"https:\/\/www.sussner.net\/der-sueden\/florida\/anna-maria-island\/\">\n\t\t\t\t\t\t<span class=\"elementor-button-content-wrapper\">\n\t\t\t\t\t\t<span class=\"elementor-button-icon\">\n\t\t\t\t<i aria-hidden=\"true\" class=\"fas fa-arrow-circle-right\"><\/i>\t\t\t<\/span>\n\t\t\t\t\t\t\t\t\t<span class=\"elementor-button-text\">Next<\/span>\n\t\t\t\t\t<\/span>\n\t\t\t\t\t<\/a>\n\t\t\t\t<\/div>\n\t\t\t\t\t\t\t\t<\/div>\n\t\t\t\t<\/div>\n\t\t\t\t\t<\/div>\n\t\t<\/div>\n\t\t\t\t\t<\/div>\n\t\t<\/section>\n\t\t\t\t<\/div>\n\t\t","protected":false},"excerpt":{"rendered":"<p>Wehle Covered Bridge Alabama PDF Brosch\u00fcre Detailliertere Wetterinformationen finden sich hier. Eintrittspreise und \u00d6ffnungszeiten Kostenlos An manchen Wochenenden ge\u00f6ffnet. *Der Anual Pass ist so zu sagen die &#8222;Flatrate&#8220; f\u00fcr alle vom National Park Service verwalteten Einrichtungen. Der Pass kostet einmalig 80$ und kann am Eingang des jeweiligen Nationalpark, National Monument usw. erworben werden. Der Pass [&hellip;]<\/p>\n","protected":false},"author":1,"featured_media":0,"parent":21559,"menu_order":3,"comment_status":"closed","ping_status":"closed","template":"","meta":{"ocean_post_layout":"full-screen","ocean_both_sidebars_style":"","ocean_both_sidebars_content_width":0,"ocean_both_sidebars_sidebars_width":0,"ocean_sidebar":"0","ocean_second_sidebar":"0","ocean_disable_margins":"on","ocean_add_body_class":"","ocean_shortcode_before_top_bar":"","ocean_shortcode_after_top_bar":"","ocean_shortcode_before_header":"","ocean_shortcode_after_header":"","ocean_has_shortcode":"","ocean_shortcode_after_title":"","ocean_shortcode_before_footer_widgets":"","ocean_shortcode_after_footer_widgets":"","ocean_shortcode_before_footer_bottom":"","ocean_shortcode_after_footer_bottom":"","ocean_display_top_bar":"off","ocean_display_header":"on","ocean_header_style":"","ocean_center_header_left_menu":"0","ocean_custom_header_template":"0","ocean_custom_logo":0,"ocean_custom_retina_logo":0,"ocean_custom_logo_max_width":0,"ocean_custom_logo_tablet_max_width":0,"ocean_custom_logo_mobile_max_width":0,"ocean_custom_logo_max_height":0,"ocean_custom_logo_tablet_max_height":0,"ocean_custom_logo_mobile_max_height":0,"ocean_header_custom_menu":"12","ocean_menu_typo_font_family":"0","ocean_menu_typo_font_subset":"","ocean_menu_typo_font_size":0,"ocean_menu_typo_font_size_tablet":0,"ocean_menu_typo_font_size_mobile":0,"ocean_menu_typo_font_size_unit":"px","ocean_menu_typo_font_weight":"","ocean_menu_typo_font_weight_tablet":"","ocean_menu_typo_font_weight_mobile":"","ocean_menu_typo_transform":"","ocean_menu_typo_transform_tablet":"","ocean_menu_typo_transform_mobile":"","ocean_menu_typo_line_height":0,"ocean_menu_typo_line_height_tablet":0,"ocean_menu_typo_line_height_mobile":0,"ocean_menu_typo_line_height_unit":"","ocean_menu_typo_spacing":0,"ocean_menu_typo_spacing_tablet":0,"ocean_menu_typo_spacing_mobile":0,"ocean_menu_typo_spacing_unit":"","ocean_menu_link_color":"","ocean_menu_link_color_hover":"","ocean_menu_link_color_active":"","ocean_menu_link_background":"","ocean_menu_link_hover_background":"","ocean_menu_link_active_background":"","ocean_menu_social_links_bg":"","ocean_menu_social_hover_links_bg":"","ocean_menu_social_links_color":"","ocean_menu_social_hover_links_color":"","ocean_disable_title":"on","ocean_disable_heading":"default","ocean_post_title":"","ocean_post_subheading":"","ocean_post_title_style":"","ocean_post_title_background_color":"","ocean_post_title_background":0,"ocean_post_title_bg_image_position":"","ocean_post_title_bg_image_attachment":"","ocean_post_title_bg_image_repeat":"","ocean_post_title_bg_image_size":"","ocean_post_title_height":0,"ocean_post_title_bg_overlay":0.5,"ocean_post_title_bg_overlay_color":"","ocean_disable_breadcrumbs":"default","ocean_breadcrumbs_color":"","ocean_breadcrumbs_separator_color":"","ocean_breadcrumbs_links_color":"","ocean_breadcrumbs_links_hover_color":"","ocean_display_footer_widgets":"off","ocean_display_footer_bottom":"off","ocean_custom_footer_template":"0","footnotes":""},"class_list":["post-24048","page","type-page","status-publish","hentry","entry"],"_links":{"self":[{"href":"https:\/\/www.sussner.net\/en\/wp-json\/wp\/v2\/pages\/24048","targetHints":{"allow":["GET"]}}],"collection":[{"href":"https:\/\/www.sussner.net\/en\/wp-json\/wp\/v2\/pages"}],"about":[{"href":"https:\/\/www.sussner.net\/en\/wp-json\/wp\/v2\/types\/page"}],"author":[{"embeddable":true,"href":"https:\/\/www.sussner.net\/en\/wp-json\/wp\/v2\/users\/1"}],"replies":[{"embeddable":true,"href":"https:\/\/www.sussner.net\/en\/wp-json\/wp\/v2\/comments?post=24048"}],"version-history":[{"count":0,"href":"https:\/\/www.sussner.net\/en\/wp-json\/wp\/v2\/pages\/24048\/revisions"}],"up":[{"embeddable":true,"href":"https:\/\/www.sussner.net\/en\/wp-json\/wp\/v2\/pages\/21559"}],"wp:attachment":[{"href":"https:\/\/www.sussner.net\/en\/wp-json\/wp\/v2\/media?parent=24048"}],"curies":[{"name":"wp","href":"https:\/\/api.w.org\/{rel}","templated":true}]}}