{"id":22103,"date":"2019-04-25T09:38:22","date_gmt":"2019-04-25T07:38:22","guid":{"rendered":"https:\/\/www.sussner.net\/?page_id=22103"},"modified":"2024-09-05T14:09:08","modified_gmt":"2024-09-05T12:09:08","slug":"glenn-goodes-big-people","status":"publish","type":"page","link":"https:\/\/www.sussner.net\/en\/der-sueden\/texas\/der-norden\/glenn-goodes-big-people\/","title":{"rendered":"Glenn Goode\u00b4s Big People"},"content":{"rendered":"\t\t<div data-elementor-type=\"wp-post\" data-elementor-id=\"22103\" class=\"elementor elementor-22103\" data-elementor-settings=\"{&quot;element_pack_global_tooltip_width&quot;:{&quot;unit&quot;:&quot;px&quot;,&quot;size&quot;:&quot;&quot;,&quot;sizes&quot;:[]},&quot;element_pack_global_tooltip_width_tablet&quot;:{&quot;unit&quot;:&quot;px&quot;,&quot;size&quot;:&quot;&quot;,&quot;sizes&quot;:[]},&quot;element_pack_global_tooltip_width_mobile&quot;:{&quot;unit&quot;:&quot;px&quot;,&quot;size&quot;:&quot;&quot;,&quot;sizes&quot;:[]},&quot;element_pack_global_tooltip_padding&quot;:{&quot;unit&quot;:&quot;px&quot;,&quot;top&quot;:&quot;&quot;,&quot;right&quot;:&quot;&quot;,&quot;bottom&quot;:&quot;&quot;,&quot;left&quot;:&quot;&quot;,&quot;isLinked&quot;:true},&quot;element_pack_global_tooltip_padding_tablet&quot;:{&quot;unit&quot;:&quot;px&quot;,&quot;top&quot;:&quot;&quot;,&quot;right&quot;:&quot;&quot;,&quot;bottom&quot;:&quot;&quot;,&quot;left&quot;:&quot;&quot;,&quot;isLinked&quot;:true},&quot;element_pack_global_tooltip_padding_mobile&quot;:{&quot;unit&quot;:&quot;px&quot;,&quot;top&quot;:&quot;&quot;,&quot;right&quot;:&quot;&quot;,&quot;bottom&quot;:&quot;&quot;,&quot;left&quot;:&quot;&quot;,&quot;isLinked&quot;:true},&quot;element_pack_global_tooltip_border_radius&quot;:{&quot;unit&quot;:&quot;px&quot;,&quot;top&quot;:&quot;&quot;,&quot;right&quot;:&quot;&quot;,&quot;bottom&quot;:&quot;&quot;,&quot;left&quot;:&quot;&quot;,&quot;isLinked&quot;:true},&quot;element_pack_global_tooltip_border_radius_tablet&quot;:{&quot;unit&quot;:&quot;px&quot;,&quot;top&quot;:&quot;&quot;,&quot;right&quot;:&quot;&quot;,&quot;bottom&quot;:&quot;&quot;,&quot;left&quot;:&quot;&quot;,&quot;isLinked&quot;:true},&quot;element_pack_global_tooltip_border_radius_mobile&quot;:{&quot;unit&quot;:&quot;px&quot;,&quot;top&quot;:&quot;&quot;,&quot;right&quot;:&quot;&quot;,&quot;bottom&quot;:&quot;&quot;,&quot;left&quot;:&quot;&quot;,&quot;isLinked&quot;:true}}\">\n\t\t\t\t\t\t<section class=\"elementor-section elementor-top-section elementor-element elementor-element-1501c5a0 elementor-section-stretched elementor-section-full_width elementor-section-height-min-height elementor-section-height-default elementor-section-items-middle\" data-id=\"1501c5a0\" data-element_type=\"section\" data-e-type=\"section\" data-settings=\"{&quot;stretch_section&quot;:&quot;section-stretched&quot;,&quot;background_background&quot;:&quot;classic&quot;}\">\n\t\t\t\t\t\t<div class=\"elementor-container elementor-column-gap-default\">\n\t\t\t\t\t<div class=\"elementor-column elementor-col-100 elementor-top-column elementor-element elementor-element-1a84e298\" data-id=\"1a84e298\" data-element_type=\"column\" data-e-type=\"column\">\n\t\t\t<div class=\"elementor-widget-wrap elementor-element-populated\">\n\t\t\t\t\t\t<div class=\"elementor-element elementor-element-d1907b7 elementor-invisible elementor-widget elementor-widget-heading\" data-id=\"d1907b7\" data-element_type=\"widget\" data-e-type=\"widget\" data-settings=\"{&quot;_animation&quot;:&quot;fadeInDown&quot;}\" data-widget_type=\"heading.default\">\n\t\t\t\t<div class=\"elementor-widget-container\">\n\t\t\t\t\t<h1 class=\"elementor-heading-title elementor-size-default\">Glenn Goode\u00b4s Big People<\/h1>\t\t\t\t<\/div>\n\t\t\t\t<\/div>\n\t\t\t\t<div class=\"elementor-element elementor-element-67b78ad4 elementor-invisible elementor-widget elementor-widget-heading\" data-id=\"67b78ad4\" data-element_type=\"widget\" data-e-type=\"widget\" data-settings=\"{&quot;_animation&quot;:&quot;fadeInDown&quot;}\" data-widget_type=\"heading.default\">\n\t\t\t\t<div class=\"elementor-widget-container\">\n\t\t\t\t\t<h2 class=\"elementor-heading-title elementor-size-default\">Der Norden - Texas<\/h2>\t\t\t\t<\/div>\n\t\t\t\t<\/div>\n\t\t\t\t\t<\/div>\n\t\t<\/div>\n\t\t\t\t\t<\/div>\n\t\t<\/section>\n\t\t\t\t<section class=\"elementor-section elementor-top-section elementor-element elementor-element-3536dbfa elementor-section-full_width elementor-section-height-default elementor-section-height-default\" data-id=\"3536dbfa\" data-element_type=\"section\" data-e-type=\"section\" data-settings=\"{&quot;background_background&quot;:&quot;classic&quot;}\">\n\t\t\t\t\t\t<div class=\"elementor-container elementor-column-gap-no\">\n\t\t\t\t\t<div class=\"elementor-column elementor-col-25 elementor-top-column elementor-element elementor-element-52f8e937\" data-id=\"52f8e937\" data-element_type=\"column\" data-e-type=\"column\">\n\t\t\t<div class=\"elementor-widget-wrap elementor-element-populated\">\n\t\t\t\t\t\t<div class=\"elementor-element elementor-element-4a33c530 elementor-widget elementor-widget-wp-widget-awesomeweatherwidget\" data-id=\"4a33c530\" data-element_type=\"widget\" data-e-type=\"widget\" data-widget_type=\"wp-widget-awesomeweatherwidget.default\">\n\t\t\t\t<div class=\"elementor-widget-container\">\n\t\t\t\t\t<div id=\"awe-ajax-awesome-weather-gainesville\" class=\"awe-ajax-awesome-weather-gainesville awe-weather-ajax-wrap\" style=\"\"><div class=\"awe-loading\"><i class=\"wi wi-day-sunny\"><\/i><\/div><\/div><script type=\"text\/javascript\"> jQuery(document).ready(function() { awe_ajax_load({\"id\":\"awesome-weather-gainesville\",\"locale\":\"\",\"location\":\"Gainesville\",\"owm_city_id\":\"4692746\",\"override_title\":\"5 Tage Wettervorhersage f\\u00fcr Gainesville\",\"size\":\"wide\",\"units\":\"C\",\"forecast_days\":\"5\",\"hide_stats\":0,\"show_link\":0,\"background\":\"\",\"custom_bg_color\":\"#1E1E1E\",\"use_user_location\":0,\"allow_user_to_change\":0,\"show_icons\":1,\"extended_url\":\"\",\"extended_text\":\"\",\"background_by_weather\":0,\"text_color\":\"#C0C0C0\",\"hide_attribution\":0,\"skip_geolocate\":0,\"latlng\":\"\",\"ajaxurl\":\"https:\\\/\\\/www.sussner.net\\\/wp-admin\\\/admin-ajax.php\",\"via_ajax\":1}); }); <\/script>\t\t\t\t<\/div>\n\t\t\t\t<\/div>\n\t\t\t\t<div class=\"elementor-element elementor-element-297c2e00 elementor-widget elementor-widget-text-editor\" data-id=\"297c2e00\" data-element_type=\"widget\" data-e-type=\"widget\" data-widget_type=\"text-editor.default\">\n\t\t\t\t<div class=\"elementor-widget-container\">\n\t\t\t\t\t\t\t\t\t<p><span style=\"color: #ccffcc;\"><a style=\"color: #ccffcc;\" href=\"https:\/\/forecast.weather.gov\/MapClick.php?lat=33.6243&amp;lon=-97.143#.XlJ36i1oTUY\" rel=\"nofollow noopener\" target=\"_blank\">Detailliertere Wetterinformationen finden sich hier.<\/a><\/span><\/p>\t\t\t\t\t\t\t\t<\/div>\n\t\t\t\t<\/div>\n\t\t\t\t\t<\/div>\n\t\t<\/div>\n\t\t\t\t<div class=\"elementor-column elementor-col-50 elementor-top-column elementor-element elementor-element-3fac3807\" data-id=\"3fac3807\" data-element_type=\"column\" data-e-type=\"column\">\n\t\t\t<div class=\"elementor-widget-wrap elementor-element-populated\">\n\t\t\t\t\t\t<div class=\"elementor-element elementor-element-339226dd elementor-widget elementor-widget-bdt-open-street-map\" data-id=\"339226dd\" data-element_type=\"widget\" data-e-type=\"widget\" data-widget_type=\"bdt-open-street-map.default\">\n\t\t\t\t<div class=\"elementor-widget-container\">\n\t\t\t\t\t\t\t\t<div class=\"bdt-open-street-map\" style=\"width: auto; min-height: 400px;\" data-settings=\"{&quot;mapboxToken&quot;:&quot;pk.eyJ1Ijoic3Vzc25lciIsImEiOiJjanF0dHc0N3IwY2NxNDNueWw5MHBieWwyIn0.VUMPPqO_aMkY7-s67tqcgg&quot;,&quot;lat&quot;:&quot; 33.668933&quot;,&quot;lng&quot;:&quot;-97.081579&quot;,&quot;zoomControl&quot;:true,&quot;zoom&quot;:15}\" data-map_markers=\"[{&quot;lat&quot;:&quot; 33.668933&quot;,&quot;lng&quot;:&quot;-97.081579&quot;,&quot;title&quot;:&quot;Glenn Goode\\u00b4s Big People&quot;,&quot;iconUrl&quot;:&quot;https:\\\/\\\/www.sussner.net\\\/wp-content\\\/uploads\\\/2020\\\/05\\\/AllgemeineMarkierung.png&quot;,&quot;infoWindow&quot;:&quot;Glenn Goode\\u00b4s Big People&quot;}]\"><\/div>\n\t\t    \t\t\t\t<\/div>\n\t\t\t\t<\/div>\n\t\t\t\t\t<\/div>\n\t\t<\/div>\n\t\t\t\t<div class=\"elementor-column elementor-col-25 elementor-top-column elementor-element elementor-element-43e825f3\" data-id=\"43e825f3\" data-element_type=\"column\" data-e-type=\"column\">\n\t\t\t<div class=\"elementor-widget-wrap elementor-element-populated\">\n\t\t\t\t\t\t<div class=\"elementor-element elementor-element-fa6f236 elementor-widget elementor-widget-text-editor\" data-id=\"fa6f236\" data-element_type=\"widget\" data-e-type=\"widget\" data-widget_type=\"text-editor.default\">\n\t\t\t\t<div class=\"elementor-widget-container\">\n\t\t\t\t\t\t\t\t\t<p><span style=\"text-decoration: underline; color: #ff9900;\"><strong>F\u00fcr das Navi:<\/strong><\/span> 1651 FM 371, Gainesville, TX\u00a076240<\/p>\t\t\t\t\t\t\t\t<\/div>\n\t\t\t\t<\/div>\n\t\t\t\t<div class=\"elementor-element elementor-element-927df71 elementor-widget elementor-widget-text-editor\" data-id=\"927df71\" data-element_type=\"widget\" data-e-type=\"widget\" data-widget_type=\"text-editor.default\">\n\t\t\t\t<div class=\"elementor-widget-container\">\n\t\t\t\t\t\t\t\t\t<p><b><u>Unsere Besuche:<\/u><\/b> Bisher <span style=\"color: #ff0000;\">1<\/span> Besuch im Februar 2018<\/p>\t\t\t\t\t\t\t\t<\/div>\n\t\t\t\t<\/div>\n\t\t\t\t\t<\/div>\n\t\t<\/div>\n\t\t\t\t\t<\/div>\n\t\t<\/section>\n\t\t\t\t<section class=\"elementor-section elementor-top-section elementor-element elementor-element-2817af26 elementor-section-full_width elementor-section-height-default elementor-section-height-default\" data-id=\"2817af26\" data-element_type=\"section\" data-e-type=\"section\">\n\t\t\t\t\t\t<div class=\"elementor-container elementor-column-gap-no\">\n\t\t\t\t\t<div class=\"elementor-column elementor-col-33 elementor-top-column elementor-element elementor-element-2d507e39\" data-id=\"2d507e39\" data-element_type=\"column\" data-e-type=\"column\">\n\t\t\t<div class=\"elementor-widget-wrap elementor-element-populated\">\n\t\t\t\t\t\t<div class=\"elementor-element elementor-element-6af92f28 elementor-widget elementor-widget-image\" data-id=\"6af92f28\" data-element_type=\"widget\" data-e-type=\"widget\" data-widget_type=\"image.default\">\n\t\t\t\t<div class=\"elementor-widget-container\">\n\t\t\t\t\t\t\t\t\t\t\t\t\t\t\t\t<a href=\"https:\/\/www.sussner.net\/wp-content\/uploads\/2019\/04\/USA-2018-Bild-706.jpg\" data-elementor-open-lightbox=\"yes\" data-elementor-lightbox-title=\"Glen Goodle\u00b4s Big People 2018\" data-e-action-hash=\"#elementor-action%3Aaction%3Dlightbox%26settings%3DeyJpZCI6MjIxMDgsInVybCI6Imh0dHBzOlwvXC93d3cuc3Vzc25lci5uZXRcL3dwLWNvbnRlbnRcL3VwbG9hZHNcLzIwMTlcLzA0XC9VU0EtMjAxOC1CaWxkLTcwNi1lMTY5OTAwODcwNDEyMy5qcGcifQ%3D%3D\">\n\t\t\t\t\t\t\t<img fetchpriority=\"high\" decoding=\"async\" width=\"682\" height=\"1024\" src=\"https:\/\/www.sussner.net\/wp-content\/uploads\/2019\/04\/USA-2018-Bild-706-682x1024.jpg\" class=\"elementor-animation-shrink attachment-large size-large wp-image-22108\" alt=\"\" srcset=\"https:\/\/www.sussner.net\/wp-content\/uploads\/2019\/04\/USA-2018-Bild-706-682x1024.jpg 682w, https:\/\/www.sussner.net\/wp-content\/uploads\/2019\/04\/USA-2018-Bild-706-200x300.jpg 200w, https:\/\/www.sussner.net\/wp-content\/uploads\/2019\/04\/USA-2018-Bild-706-768x1153.jpg 768w, https:\/\/www.sussner.net\/wp-content\/uploads\/2019\/04\/USA-2018-Bild-706-e1699008704123.jpg 804w\" sizes=\"(max-width: 682px) 100vw, 682px\" \/>\t\t\t\t\t\t\t\t<\/a>\n\t\t\t\t\t\t\t\t\t\t\t\t\t\t\t<\/div>\n\t\t\t\t<\/div>\n\t\t\t\t\t<\/div>\n\t\t<\/div>\n\t\t\t\t<div class=\"elementor-column elementor-col-33 elementor-top-column elementor-element elementor-element-46497ad9\" data-id=\"46497ad9\" data-element_type=\"column\" data-e-type=\"column\">\n\t\t\t<div class=\"elementor-widget-wrap elementor-element-populated\">\n\t\t\t\t\t\t<div class=\"elementor-element elementor-element-1a6d3e90 elementor-widget elementor-widget-heading\" data-id=\"1a6d3e90\" data-element_type=\"widget\" data-e-type=\"widget\" data-widget_type=\"heading.default\">\n\t\t\t\t<div class=\"elementor-widget-container\">\n\t\t\t\t\t<h2 class=\"elementor-heading-title elementor-size-default\">Glenn Goode\u00b4s Big People<\/h2>\t\t\t\t<\/div>\n\t\t\t\t<\/div>\n\t\t\t\t<div class=\"elementor-element elementor-element-44a53740 elementor-widget elementor-widget-text-editor\" data-id=\"44a53740\" data-element_type=\"widget\" data-e-type=\"widget\" data-widget_type=\"text-editor.default\">\n\t\t\t\t<div class=\"elementor-widget-container\">\n\t\t\t\t\t\t\t\t\t<p><span style=\"text-decoration: underline; color: #ff0000;\"><strong>Aktuell 2024:<\/strong><\/span> Nachdem Glenn Goode 2015 verstarb, verf\u00fcgte er das die Big People mindestens noch 5 Jahre auf dem Grundst\u00fcck stehen bleiben m\u00fcssen bevor sie verkauft werden d\u00fcrfen. Obwohl man die Big People auch danach noch eine Weile bewundern konnte, sind sie mittlerweile verschwunden.<\/p>\t\t\t\t\t\t\t\t<\/div>\n\t\t\t\t<\/div>\n\t\t\t\t<div class=\"elementor-element elementor-element-570b164 elementor-widget elementor-widget-text-editor\" data-id=\"570b164\" data-element_type=\"widget\" data-e-type=\"widget\" data-widget_type=\"text-editor.default\">\n\t\t\t\t<div class=\"elementor-widget-container\">\n\t\t\t\t\t\t\t\t\t<p><span style=\"text-decoration: underline;\"><strong>Beschreibung:<\/strong><\/span> Die Big People von Glenn Goode befinden sich etwa 3.2km n\u00f6rdlich von Gainesville. Sie gr\u00fc\u00dfen und winken den Besuchern, sowie vorbeifahrenden Menschen zu. So genannte <em>Muffler Man<\/em> gibt es etwa seit den 60er Jahren. Sie bestehen meist aus Fieberglas und wurde vor allem zu Werbezwecken entlang der Highways aufgestellt. Der erste <em>Muffler Man<\/em> soll in Flagstaff an der Route 66 aufgestellt worden sein. Im Laufe der Zeit entwickelten sie sich zu Sammlerobjekten und vor allem zu Touristenattraktionen. Glenn Goode begann seine Sammlung 1971.<\/p><p><span style=\"text-decoration: underline;\"><strong>Unsere Bewertung:<\/strong><\/span>\u00a0Eine nette kleine Roadside Attraktion. Kein <em>must see<\/em>, aber ganz nett, denn oft gibt es in den Weiten von Texas nicht viel, was die Fahrt unterbricht.<\/p>\t\t\t\t\t\t\t\t<\/div>\n\t\t\t\t<\/div>\n\t\t\t\t<div class=\"elementor-element elementor-element-64bcc3a9 elementor--star-style-star_unicode elementor-widget elementor-widget-star-rating\" data-id=\"64bcc3a9\" data-element_type=\"widget\" data-e-type=\"widget\" data-widget_type=\"star-rating.default\">\n\t\t\t\t<div class=\"elementor-widget-container\">\n\t\t\t\t\t\t\t<div class=\"elementor-star-rating__wrapper\">\n\t\t\t\t\t\t<div class=\"elementor-star-rating\" itemtype=\"http:\/\/schema.org\/Rating\" itemscope=\"\" itemprop=\"reviewRating\">\n\t\t\t\t<i class=\"elementor-star-full\" aria-hidden=\"true\">&#9734;<\/i><i class=\"elementor-star-full\" aria-hidden=\"true\">&#9734;<\/i><i class=\"elementor-star-5\" aria-hidden=\"true\">&#9734;<\/i><i class=\"elementor-star-empty\" aria-hidden=\"true\">&#9734;<\/i><i class=\"elementor-star-empty\" aria-hidden=\"true\">&#9734;<\/i>\t\t\t\t<span itemprop=\"ratingValue\" class=\"elementor-screen-only\">Rated 2.5 out of 5<\/span>\n\t\t\t<\/div>\n\t\t<\/div>\n\t\t\t\t\t\t<\/div>\n\t\t\t\t<\/div>\n\t\t\t\t\t<\/div>\n\t\t<\/div>\n\t\t\t\t<div class=\"elementor-column elementor-col-33 elementor-top-column elementor-element elementor-element-51c08625\" data-id=\"51c08625\" data-element_type=\"column\" data-e-type=\"column\">\n\t\t\t<div class=\"elementor-widget-wrap elementor-element-populated\">\n\t\t\t\t\t\t<div class=\"elementor-element elementor-element-58bc8ac4 elementor-widget elementor-widget-image\" data-id=\"58bc8ac4\" data-element_type=\"widget\" data-e-type=\"widget\" data-widget_type=\"image.default\">\n\t\t\t\t<div class=\"elementor-widget-container\">\n\t\t\t\t\t\t\t\t\t\t\t\t\t\t\t\t<a href=\"https:\/\/www.sussner.net\/wp-content\/uploads\/2019\/04\/USA-2018-Bild-703.jpg\" data-elementor-open-lightbox=\"yes\" data-elementor-lightbox-title=\"Glen Goodle\u00b4s Big People 2018\" data-e-action-hash=\"#elementor-action%3Aaction%3Dlightbox%26settings%3DeyJpZCI6MjIxMDcsInVybCI6Imh0dHBzOlwvXC93d3cuc3Vzc25lci5uZXRcL3dwLWNvbnRlbnRcL3VwbG9hZHNcLzIwMTlcLzA0XC9VU0EtMjAxOC1CaWxkLTcwMy1lMTY5OTAwODczNTkxOS5qcGcifQ%3D%3D\">\n\t\t\t\t\t\t\t<img decoding=\"async\" width=\"1024\" height=\"682\" src=\"https:\/\/www.sussner.net\/wp-content\/uploads\/2019\/04\/USA-2018-Bild-703-1024x682.jpg\" class=\"elementor-animation-shrink attachment-large size-large wp-image-22107\" alt=\"\" srcset=\"https:\/\/www.sussner.net\/wp-content\/uploads\/2019\/04\/USA-2018-Bild-703-1024x682.jpg 1024w, https:\/\/www.sussner.net\/wp-content\/uploads\/2019\/04\/USA-2018-Bild-703-300x200.jpg 300w, https:\/\/www.sussner.net\/wp-content\/uploads\/2019\/04\/USA-2018-Bild-703-768x512.jpg 768w, https:\/\/www.sussner.net\/wp-content\/uploads\/2019\/04\/USA-2018-Bild-703-e1699008735919.jpg 1200w\" sizes=\"(max-width: 1024px) 100vw, 1024px\" \/>\t\t\t\t\t\t\t\t<\/a>\n\t\t\t\t\t\t\t\t\t\t\t\t\t\t\t<\/div>\n\t\t\t\t<\/div>\n\t\t\t\t<div class=\"elementor-element elementor-element-50925e26 elementor-widget elementor-widget-image\" data-id=\"50925e26\" data-element_type=\"widget\" data-e-type=\"widget\" data-widget_type=\"image.default\">\n\t\t\t\t<div class=\"elementor-widget-container\">\n\t\t\t\t\t\t\t\t\t\t\t\t\t\t\t\t<a href=\"https:\/\/www.sussner.net\/wp-content\/uploads\/2019\/04\/USA-2018-Bild-705.jpg\" data-elementor-open-lightbox=\"yes\" data-elementor-lightbox-title=\"Glen Goodle\u00b4s Big People 2018\" data-e-action-hash=\"#elementor-action%3Aaction%3Dlightbox%26settings%3DeyJpZCI6MjE3NTQsInVybCI6Imh0dHBzOlwvXC93d3cuc3Vzc25lci5uZXRcL3dwLWNvbnRlbnRcL3VwbG9hZHNcLzIwMTlcLzA0XC9VU0EtMjAxOC1CaWxkLTcwNS1lMTY5OTAwODc3NTM3Ny5qcGcifQ%3D%3D\">\n\t\t\t\t\t\t\t<img decoding=\"async\" width=\"1024\" height=\"683\" src=\"https:\/\/www.sussner.net\/wp-content\/uploads\/2019\/04\/USA-2018-Bild-705-1024x683.jpg\" class=\"elementor-animation-shrink attachment-large size-large wp-image-21754\" alt=\"\" srcset=\"https:\/\/www.sussner.net\/wp-content\/uploads\/2019\/04\/USA-2018-Bild-705-1024x683.jpg 1024w, https:\/\/www.sussner.net\/wp-content\/uploads\/2019\/04\/USA-2018-Bild-705-300x200.jpg 300w, https:\/\/www.sussner.net\/wp-content\/uploads\/2019\/04\/USA-2018-Bild-705-768x512.jpg 768w, https:\/\/www.sussner.net\/wp-content\/uploads\/2019\/04\/USA-2018-Bild-705-e1699008775377.jpg 1200w\" sizes=\"(max-width: 1024px) 100vw, 1024px\" \/>\t\t\t\t\t\t\t\t<\/a>\n\t\t\t\t\t\t\t\t\t\t\t\t\t\t\t<\/div>\n\t\t\t\t<\/div>\n\t\t\t\t\t<\/div>\n\t\t<\/div>\n\t\t\t\t\t<\/div>\n\t\t<\/section>\n\t\t\t\t<section class=\"elementor-section elementor-top-section elementor-element elementor-element-73e9cdce elementor-section-full_width elementor-hidden-phone elementor-section-height-default elementor-section-height-default\" data-id=\"73e9cdce\" data-element_type=\"section\" data-e-type=\"section\" data-settings=\"{&quot;background_background&quot;:&quot;classic&quot;}\">\n\t\t\t\t\t\t<div class=\"elementor-container elementor-column-gap-default\">\n\t\t\t\t\t<div class=\"elementor-column elementor-col-50 elementor-top-column elementor-element elementor-element-7e5488b7\" data-id=\"7e5488b7\" data-element_type=\"column\" data-e-type=\"column\">\n\t\t\t<div class=\"elementor-widget-wrap elementor-element-populated\">\n\t\t\t\t\t\t<div class=\"elementor-element elementor-element-4da82cd8 elementor-align-right elementor-widget elementor-widget-button\" data-id=\"4da82cd8\" data-element_type=\"widget\" data-e-type=\"widget\" data-widget_type=\"button.default\">\n\t\t\t\t<div class=\"elementor-widget-container\">\n\t\t\t\t\t\t\t\t\t<div class=\"elementor-button-wrapper\">\n\t\t\t\t\t<a class=\"elementor-button elementor-button-link elementor-size-md elementor-animation-shrink\" href=\"https:\/\/www.sussner.net\/der-sueden\/texas\/der-norden\/dallas\/\">\n\t\t\t\t\t\t<span class=\"elementor-button-content-wrapper\">\n\t\t\t\t\t\t<span class=\"elementor-button-icon\">\n\t\t\t\t<i aria-hidden=\"true\" class=\"fas fa-arrow-circle-left\"><\/i>\t\t\t<\/span>\n\t\t\t\t\t\t\t\t\t<span class=\"elementor-button-text\">Prev<\/span>\n\t\t\t\t\t<\/span>\n\t\t\t\t\t<\/a>\n\t\t\t\t<\/div>\n\t\t\t\t\t\t\t\t<\/div>\n\t\t\t\t<\/div>\n\t\t\t\t\t<\/div>\n\t\t<\/div>\n\t\t\t\t<div class=\"elementor-column elementor-col-50 elementor-top-column elementor-element elementor-element-31e6af95\" data-id=\"31e6af95\" data-element_type=\"column\" data-e-type=\"column\">\n\t\t\t<div class=\"elementor-widget-wrap elementor-element-populated\">\n\t\t\t\t\t\t<div class=\"elementor-element elementor-element-62a9f278 elementor-align-left elementor-widget elementor-widget-button\" data-id=\"62a9f278\" data-element_type=\"widget\" data-e-type=\"widget\" data-widget_type=\"button.default\">\n\t\t\t\t<div class=\"elementor-widget-container\">\n\t\t\t\t\t\t\t\t\t<div class=\"elementor-button-wrapper\">\n\t\t\t\t\t<a class=\"elementor-button elementor-button-link elementor-size-md elementor-animation-shrink\" href=\"https:\/\/www.sussner.net\/der-sueden\/texas\/der-norden\/palo-duro-canyon-sp\/\">\n\t\t\t\t\t\t<span class=\"elementor-button-content-wrapper\">\n\t\t\t\t\t\t<span class=\"elementor-button-icon\">\n\t\t\t\t<i aria-hidden=\"true\" class=\"fas fa-arrow-circle-right\"><\/i>\t\t\t<\/span>\n\t\t\t\t\t\t\t\t\t<span class=\"elementor-button-text\">Next<\/span>\n\t\t\t\t\t<\/span>\n\t\t\t\t\t<\/a>\n\t\t\t\t<\/div>\n\t\t\t\t\t\t\t\t<\/div>\n\t\t\t\t<\/div>\n\t\t\t\t\t<\/div>\n\t\t<\/div>\n\t\t\t\t\t<\/div>\n\t\t<\/section>\n\t\t\t\t<\/div>\n\t\t","protected":false},"excerpt":{"rendered":"<p>Glenn Goode\u00b4s Big People Der Norden &#8211; Texas Detailliertere Wetterinformationen finden sich hier. F\u00fcr das Navi: 1651 FM 371, Gainesville, TX\u00a076240 Unsere Besuche: Bisher 1 Besuch im Februar 2018 Glenn Goode\u00b4s Big People Aktuell 2024: Nachdem Glenn Goode 2015 verstarb, verf\u00fcgte er das die Big People mindestens noch 5 Jahre auf dem Grundst\u00fcck stehen bleiben [&hellip;]<\/p>\n","protected":false},"author":1,"featured_media":0,"parent":21744,"menu_order":2,"comment_status":"closed","ping_status":"closed","template":"","meta":{"ocean_post_layout":"full-screen","ocean_both_sidebars_style":"","ocean_both_sidebars_content_width":0,"ocean_both_sidebars_sidebars_width":0,"ocean_sidebar":"0","ocean_second_sidebar":"0","ocean_disable_margins":"on","ocean_add_body_class":"","ocean_shortcode_before_top_bar":"","ocean_shortcode_after_top_bar":"","ocean_shortcode_before_header":"","ocean_shortcode_after_header":"","ocean_has_shortcode":"","ocean_shortcode_after_title":"","ocean_shortcode_before_footer_widgets":"","ocean_shortcode_after_footer_widgets":"","ocean_shortcode_before_footer_bottom":"","ocean_shortcode_after_footer_bottom":"","ocean_display_top_bar":"off","ocean_display_header":"on","ocean_header_style":"","ocean_center_header_left_menu":"0","ocean_custom_header_template":"0","ocean_custom_logo":0,"ocean_custom_retina_logo":0,"ocean_custom_logo_max_width":0,"ocean_custom_logo_tablet_max_width":0,"ocean_custom_logo_mobile_max_width":0,"ocean_custom_logo_max_height":0,"ocean_custom_logo_tablet_max_height":0,"ocean_custom_logo_mobile_max_height":0,"ocean_header_custom_menu":"12","ocean_menu_typo_font_family":"0","ocean_menu_typo_font_subset":"","ocean_menu_typo_font_size":0,"ocean_menu_typo_font_size_tablet":0,"ocean_menu_typo_font_size_mobile":0,"ocean_menu_typo_font_size_unit":"px","ocean_menu_typo_font_weight":"","ocean_menu_typo_font_weight_tablet":"","ocean_menu_typo_font_weight_mobile":"","ocean_menu_typo_transform":"","ocean_menu_typo_transform_tablet":"","ocean_menu_typo_transform_mobile":"","ocean_menu_typo_line_height":0,"ocean_menu_typo_line_height_tablet":0,"ocean_menu_typo_line_height_mobile":0,"ocean_menu_typo_line_height_unit":"","ocean_menu_typo_spacing":0,"ocean_menu_typo_spacing_tablet":0,"ocean_menu_typo_spacing_mobile":0,"ocean_menu_typo_spacing_unit":"","ocean_menu_link_color":"","ocean_menu_link_color_hover":"","ocean_menu_link_color_active":"","ocean_menu_link_background":"","ocean_menu_link_hover_background":"","ocean_menu_link_active_background":"","ocean_menu_social_links_bg":"","ocean_menu_social_hover_links_bg":"","ocean_menu_social_links_color":"","ocean_menu_social_hover_links_color":"","ocean_disable_title":"on","ocean_disable_heading":"default","ocean_post_title":"","ocean_post_subheading":"","ocean_post_title_style":"","ocean_post_title_background_color":"","ocean_post_title_background":0,"ocean_post_title_bg_image_position":"","ocean_post_title_bg_image_attachment":"","ocean_post_title_bg_image_repeat":"","ocean_post_title_bg_image_size":"","ocean_post_title_height":0,"ocean_post_title_bg_overlay":0.5,"ocean_post_title_bg_overlay_color":"","ocean_disable_breadcrumbs":"default","ocean_breadcrumbs_color":"","ocean_breadcrumbs_separator_color":"","ocean_breadcrumbs_links_color":"","ocean_breadcrumbs_links_hover_color":"","ocean_display_footer_widgets":"off","ocean_display_footer_bottom":"off","ocean_custom_footer_template":"0","footnotes":""},"class_list":["post-22103","page","type-page","status-publish","hentry","entry"],"_links":{"self":[{"href":"https:\/\/www.sussner.net\/en\/wp-json\/wp\/v2\/pages\/22103","targetHints":{"allow":["GET"]}}],"collection":[{"href":"https:\/\/www.sussner.net\/en\/wp-json\/wp\/v2\/pages"}],"about":[{"href":"https:\/\/www.sussner.net\/en\/wp-json\/wp\/v2\/types\/page"}],"author":[{"embeddable":true,"href":"https:\/\/www.sussner.net\/en\/wp-json\/wp\/v2\/users\/1"}],"replies":[{"embeddable":true,"href":"https:\/\/www.sussner.net\/en\/wp-json\/wp\/v2\/comments?post=22103"}],"version-history":[{"count":0,"href":"https:\/\/www.sussner.net\/en\/wp-json\/wp\/v2\/pages\/22103\/revisions"}],"up":[{"embeddable":true,"href":"https:\/\/www.sussner.net\/en\/wp-json\/wp\/v2\/pages\/21744"}],"wp:attachment":[{"href":"https:\/\/www.sussner.net\/en\/wp-json\/wp\/v2\/media?parent=22103"}],"curies":[{"name":"wp","href":"https:\/\/api.w.org\/{rel}","templated":true}]}}